{"id":6876,"date":"2025-02-11T14:55:03","date_gmt":"2025-02-11T14:55:03","guid":{"rendered":"https:\/\/flunatec.com\/?post_type=product&#038;p=6876"},"modified":"2026-03-02T07:19:36","modified_gmt":"2026-03-02T06:19:36","slug":"stielbuerste-besatz","status":"publish","type":"product","link":"https:\/\/flunatec.com\/en\/stielbuerste-besatz\/","title":{"rendered":"Stielb\u00fcrste &#8211; beidseitiger Besatz"},"content":{"rendered":"<p>Die Stielb\u00fcrsten der Marke Niebling zeichnen sich durch einen schwarzen Kunststoffk\u00f6rper aus, der mit einem zweiseitigem Besatz erh\u00e4ltlich ist. Die B\u00fcrste besitzt ergonomische Griffe, die dazu beitragen, Erm\u00fcdungserscheinungen in den H\u00e4nden zu verhindern.<\/p>\n<p>F\u00fcr die Besatzwahl k\u00f6nnen Sie zwischen den Materialien Messing, Edelstahl oder Polyamid entscheiden.<\/p>\n<p>Die B\u00fcrsten eignen sich besonders gut zum Entfernen von Schmutz und Ablagerungen an schwer erreichbaren Stellen.<\/p>\n<p>Dank der Besatzmaterialien, die alle weicher als der Stahl der Waffe sind, ist eine Besch\u00e4digung der Waffe bei korrekter Anwendung ausgeschlossen.<\/p>\n","protected":false},"excerpt":{"rendered":"<ul>\n<li><strong>Marke:<\/strong> Niebling<\/li>\n<li><strong>Besatzmaterialien:<\/strong> Messing oder Edelstahl<\/li>\n<li><strong>Verwendung:<\/strong> Ideal zum Reinigen von schwer erreichbaren Stellen an Waffen<\/li>\n<li><strong>Sicherheit:<\/strong> Weiche Besatzmaterialien verhindern Besch\u00e4digung der Waffe bei richtiger Anwendung<\/li>\n<\/ul>\n","protected":false},"featured_media":6877,"comment_status":"open","ping_status":"closed","template":"","meta":{"inline_featured_image":false,"kaliber-boreblitz":""},"product_brand":[367],"product_cat":[340],"product_tag":[359],"kaliber":[502,496,393,465,405,483,497,394,466,406,486,498,395,468,510,407,487,499,396,469,511,408,488,501,397,470,512,489,398,471,514,490,459,503,399,472,515,491,461,504,400,474,799,492,390,462,505,401,476,800,494,391,463,506,402,479,802,495,392,464,507,403,480,804],"waffenart":[428,426,508,427,429,430,422,423,424,425],"anwendungsbereich":[409,415],"produktform":[509],"produkt-typ":[441],"class_list":{"0":"post-6876","1":"product","2":"type-product","3":"status-publish","4":"has-post-thumbnail","6":"product_brand-niebling","7":"product_cat-niebling-buersten","8":"product_tag-layout-6","9":"kaliber-17-hmr","10":"kaliber-12-70","11":"kaliber-357-magnum","12":"kaliber-50-bmg","13":"kaliber-12-76","14":"kaliber-222-rem","15":"kaliber-497","16":"kaliber-38-special","17":"kaliber-416-rigby","18":"kaliber-20-70","19":"kaliber-22-win","20":"kaliber-5x57r","21":"kaliber-22-l-r","22":"kaliber-450-rigby","23":"kaliber-45-70-gov","24":"kaliber-407","25":"kaliber-65-55","26":"kaliber-5x65r","27":"kaliber-380-acp","28":"kaliber-458-winchester-magnum","29":"kaliber-450-500-nitro-express","30":"kaliber-408","31":"kaliber-270-win","32":"kaliber-5x57","33":"kaliber-223-rem","34":"kaliber-338-lapua","35":"kaliber-5-prc","36":"kaliber-7-64","37":"kaliber-308-win","38":"kaliber-338-lapua-magnum","39":"kaliber-56x45-mm-nato","40":"kaliber-7-rem-mag","41":"kaliber-44-magnum","42":"kaliber-17-hornet","43":"kaliber-30-06","44":"kaliber-375-hh","45":"kaliber-20-76","46":"kaliber-8-68","47":"kaliber-45-colt","48":"kaliber-16-70","49":"kaliber-6-5-creedmoor","50":"kaliber-7-mm","51":"kaliber-8x57-is","52":"kaliber-338-win-mag","53":"kaliber-9-mm","54":"kaliber-410-bore-36-gauge","55":"kaliber-16-76","56":"kaliber-7-62x39","57":"kaliber-7-62x54r","58":"kaliber-56-50","59":"kaliber-10-auto","60":"kaliber-45-acp","61":"kaliber-16-gauge","62":"kaliber-506","64":"kaliber-300-blackout","66":"kaliber-20-gauge","67":"kaliber-40-sw","68":"kaliber-12-gauge","69":"kaliber-6x50r","70":"kaliber-300-win-mag","71":"kaliber-300-wsm","72":"kaliber-9-3x62","73":"waffenart-faustfeuerwaffe","74":"waffenart-pistole","75":"waffenart-kipplauf","76":"waffenart-revolver","77":"waffenart-halbautomat","78":"waffenart-repetierer","79":"waffenart-kurzwaffe","80":"waffenart-langwaffe","81":"waffenart-flinte","82":"waffenart-gewehr","83":"anwendungsbereich-reinigung","84":"anwendungsbereich-mechanikpflege","85":"produktform-buerste","86":"produkt-typ-werkzeug","88":"first","89":"instock","90":"taxable","91":"shipping-taxable","92":"purchasable","93":"product-type-variable"},"_links":{"self":[{"href":"https:\/\/flunatec.com\/en\/wp-json\/wp\/v2\/product\/6876","targetHints":{"allow":["GET"]}}],"collection":[{"href":"https:\/\/flunatec.com\/en\/wp-json\/wp\/v2\/product"}],"about":[{"href":"https:\/\/flunatec.com\/en\/wp-json\/wp\/v2\/types\/product"}],"replies":[{"embeddable":true,"href":"https:\/\/flunatec.com\/en\/wp-json\/wp\/v2\/comments?post=6876"}],"version-history":[{"count":0,"href":"https:\/\/flunatec.com\/en\/wp-json\/wp\/v2\/product\/6876\/revisions"}],"wp:featuredmedia":[{"embeddable":true,"href":"https:\/\/flunatec.com\/en\/wp-json\/wp\/v2\/media\/6877"}],"wp:attachment":[{"href":"https:\/\/flunatec.com\/en\/wp-json\/wp\/v2\/media?parent=6876"}],"wp:term":[{"taxonomy":"product_brand","embeddable":true,"href":"https:\/\/flunatec.com\/en\/wp-json\/wp\/v2\/product_brand?post=6876"},{"taxonomy":"product_cat","embeddable":true,"href":"https:\/\/flunatec.com\/en\/wp-json\/wp\/v2\/product_cat?post=6876"},{"taxonomy":"product_tag","embeddable":true,"href":"https:\/\/flunatec.com\/en\/wp-json\/wp\/v2\/product_tag?post=6876"},{"taxonomy":"kaliber","embeddable":true,"href":"https:\/\/flunatec.com\/en\/wp-json\/wp\/v2\/kaliber?post=6876"},{"taxonomy":"waffenart","embeddable":true,"href":"https:\/\/flunatec.com\/en\/wp-json\/wp\/v2\/waffenart?post=6876"},{"taxonomy":"anwendungsbereich","embeddable":true,"href":"https:\/\/flunatec.com\/en\/wp-json\/wp\/v2\/anwendungsbereich?post=6876"},{"taxonomy":"produktform","embeddable":true,"href":"https:\/\/flunatec.com\/en\/wp-json\/wp\/v2\/produktform?post=6876"},{"taxonomy":"produkt-typ","embeddable":true,"href":"https:\/\/flunatec.com\/en\/wp-json\/wp\/v2\/produkt-typ?post=6876"}],"curies":[{"name":"wp","href":"https:\/\/api.w.org\/{rel}","templated":true}]}}