{"id":25593,"date":"2025-10-22T07:38:06","date_gmt":"2025-10-22T05:38:06","guid":{"rendered":"https:\/\/flunatec.com\/?post_type=product&#038;p=25593"},"modified":"2025-10-22T08:54:10","modified_gmt":"2025-10-22T06:54:10","slug":"patronenlagerbuersten-17-45mm-besatz-bronze-edelstahl","status":"publish","type":"product","link":"https:\/\/flunatec.com\/en\/patronenlagerbuersten-17-45mm-besatz-bronze-edelstahl\/","title":{"rendered":"Patronenlagerb\u00fcrsten .17 \/ 4,5mm Besatz Bronze \/ Edelstahl"},"content":{"rendered":"<p>Die Patronenlagerb\u00fcrste im Kaliber .17 \/ 4,5 mm wurde speziell f\u00fcr die gr\u00fcndliche Reinigung des Patronenlagers von Gewehren mit kleinem Kaliber\u00a0 entwickelt. Ihre robuste Borstenstruktur entfernt zuverl\u00e4ssig hartn\u00e4ckige R\u00fcckst\u00e4nde wie Pulverreste, \u00d6lkohle und Schmutz \u2013 besonders dort, wo Standardb\u00fcrsten nicht mehr hinkommen. Die exakte Passform sorgt f\u00fcr optimalen Kontakt zur Lagerfl\u00e4che, ohne die Waffe zu besch\u00e4digen. Ideal f\u00fcr Sch\u00fctz:innen, die auf maximale Funktionalit\u00e4t und Sauberkeit setzen.<\/p>\n","protected":false},"excerpt":{"rendered":"<p>Patronenlagerb\u00fcrste f\u00fcr die Reinigung des Patronenlagers, \u00dcbergangskegel und Laufanfang. Passgenauer Kaliber-Durchmesser f\u00fcr optimale, sichere und schnelle Reinigung. In Verbindung mit Fluna Gun Cleaner oder Fluna Bore Pro optimal zur Entfernung von Metallabschmierungen im Patronenlager \/ \u00dcbergangskegel.<\/p>\n","protected":false},"featured_media":25597,"comment_status":"open","ping_status":"closed","template":"","meta":{"inline_featured_image":false,"kaliber-boreblitz":""},"product_brand":[367],"product_cat":[340,16,325,335,378],"product_tag":[359],"kaliber":[502,503,408],"waffenart":[425,423,430],"anwendungsbereich":[413,414],"produktform":[509],"produkt-typ":[443],"class_list":{"0":"post-25593","1":"product","2":"type-product","3":"status-publish","4":"has-post-thumbnail","6":"product_brand-niebling","7":"product_cat-niebling-buersten","8":"product_cat-waffenpflege","9":"product_cat-waffenpflegetools","10":"product_cat-waffenreinigung","11":"product_cat-reinigungstools","12":"product_tag-layout-6","13":"kaliber-17-hmr","14":"kaliber-17-hornet","15":"kaliber-408","16":"waffenart-gewehr","17":"waffenart-langwaffe","18":"waffenart-repetierer","19":"anwendungsbereich-laufpflege","20":"anwendungsbereich-laufschutz","21":"produktform-buerste","22":"produkt-typ-buersten","24":"first","25":"instock","26":"taxable","27":"shipping-taxable","28":"purchasable","29":"product-type-simple"},"_links":{"self":[{"href":"https:\/\/flunatec.com\/en\/wp-json\/wp\/v2\/product\/25593","targetHints":{"allow":["GET"]}}],"collection":[{"href":"https:\/\/flunatec.com\/en\/wp-json\/wp\/v2\/product"}],"about":[{"href":"https:\/\/flunatec.com\/en\/wp-json\/wp\/v2\/types\/product"}],"replies":[{"embeddable":true,"href":"https:\/\/flunatec.com\/en\/wp-json\/wp\/v2\/comments?post=25593"}],"version-history":[{"count":0,"href":"https:\/\/flunatec.com\/en\/wp-json\/wp\/v2\/product\/25593\/revisions"}],"wp:featuredmedia":[{"embeddable":true,"href":"https:\/\/flunatec.com\/en\/wp-json\/wp\/v2\/media\/25597"}],"wp:attachment":[{"href":"https:\/\/flunatec.com\/en\/wp-json\/wp\/v2\/media?parent=25593"}],"wp:term":[{"taxonomy":"product_brand","embeddable":true,"href":"https:\/\/flunatec.com\/en\/wp-json\/wp\/v2\/product_brand?post=25593"},{"taxonomy":"product_cat","embeddable":true,"href":"https:\/\/flunatec.com\/en\/wp-json\/wp\/v2\/product_cat?post=25593"},{"taxonomy":"product_tag","embeddable":true,"href":"https:\/\/flunatec.com\/en\/wp-json\/wp\/v2\/product_tag?post=25593"},{"taxonomy":"kaliber","embeddable":true,"href":"https:\/\/flunatec.com\/en\/wp-json\/wp\/v2\/kaliber?post=25593"},{"taxonomy":"waffenart","embeddable":true,"href":"https:\/\/flunatec.com\/en\/wp-json\/wp\/v2\/waffenart?post=25593"},{"taxonomy":"anwendungsbereich","embeddable":true,"href":"https:\/\/flunatec.com\/en\/wp-json\/wp\/v2\/anwendungsbereich?post=25593"},{"taxonomy":"produktform","embeddable":true,"href":"https:\/\/flunatec.com\/en\/wp-json\/wp\/v2\/produktform?post=25593"},{"taxonomy":"produkt-typ","embeddable":true,"href":"https:\/\/flunatec.com\/en\/wp-json\/wp\/v2\/produkt-typ?post=25593"}],"curies":[{"name":"wp","href":"https:\/\/api.w.org\/{rel}","templated":true}]}}