{"id":13805,"date":"2025-04-01T09:38:36","date_gmt":"2025-04-01T07:38:36","guid":{"rendered":"https:\/\/flunatec.com\/?post_type=product&#038;p=13805"},"modified":"2025-12-22T22:15:09","modified_gmt":"2025-12-22T21:15:09","slug":"docht-patch-halter-kal-30-68","status":"publish","type":"product","link":"https:\/\/flunatec.com\/en\/docht-patch-halter-kal-30-68\/","title":{"rendered":"Docht- und Patch-Halter ab Kal. .30 \/ 6,8mm Stahl, br\u00fcniert"},"content":{"rendered":"<p>Der <strong data-start=\"236\" data-end=\"284\">Docht- und Patch-Halter aus br\u00fcniertem Stahl<\/strong> f\u00fcr Kaliber ab .30 \/ 6,8 mm ist ein robustes und zuverl\u00e4ssiges Reinigungswerkzeug f\u00fcr die gr\u00fcndliche Pflege von Jagd-, Sport- und Pr\u00e4zisionswaffen. Er h\u00e4lt Reinigungspatches oder Dochte sicher in Position und sorgt f\u00fcr eine gleichm\u00e4\u00dfige F\u00fchrung durch den Lauf. Die br\u00fcnierte Oberfl\u00e4che sch\u00fctzt vor Korrosion und unterstreicht die Langlebigkeit des Halters \u2013 ideal f\u00fcr den intensiven und regelm\u00e4\u00dfigen Einsatz.<\/p>\n","protected":false},"excerpt":{"rendered":"<p>Der Docht- und Patch-Halter aus br\u00fcniertem Stahl f\u00fcr Kaliber ab .30 \/ 6,8 mm ist ein robustes und zuverl\u00e4ssiges Reinigungswerkzeug f\u00fcr die gr\u00fcndliche Pflege von Jagd-, Sport- und Pr\u00e4zisionswaffen. Er h\u00e4lt Reinigungspatches oder Dochte sicher in Position und sorgt f\u00fcr eine gleichm\u00e4\u00dfige F\u00fchrung durch den Lauf. Die br\u00fcnierte Oberfl\u00e4che sch\u00fctzt vor Korrosion und unterstreicht die [&hellip;]<\/p>\n","protected":false},"featured_media":17300,"comment_status":"open","ping_status":"closed","template":"","meta":{"inline_featured_image":false,"kaliber-boreblitz":""},"product_brand":[],"product_cat":[16],"product_tag":[359],"kaliber":[398,399,401,402,403],"waffenart":[],"anwendungsbereich":[414,413],"produktform":[458],"produkt-typ":[442],"class_list":{"0":"post-13805","1":"product","2":"type-product","3":"status-publish","4":"has-post-thumbnail","6":"product_cat-waffenpflege","7":"product_tag-layout-6","8":"kaliber-308-win","9":"kaliber-30-06","10":"kaliber-7-62x39","11":"kaliber-8x57-is","12":"kaliber-300-win-mag","13":"anwendungsbereich-laufschutz","14":"anwendungsbereich-laufpflege","15":"produktform-zusatzteil","16":"produkt-typ-adapter","18":"first","19":"instock","20":"taxable","21":"shipping-taxable","22":"purchasable","23":"product-type-simple"},"_links":{"self":[{"href":"https:\/\/flunatec.com\/en\/wp-json\/wp\/v2\/product\/13805","targetHints":{"allow":["GET"]}}],"collection":[{"href":"https:\/\/flunatec.com\/en\/wp-json\/wp\/v2\/product"}],"about":[{"href":"https:\/\/flunatec.com\/en\/wp-json\/wp\/v2\/types\/product"}],"replies":[{"embeddable":true,"href":"https:\/\/flunatec.com\/en\/wp-json\/wp\/v2\/comments?post=13805"}],"version-history":[{"count":0,"href":"https:\/\/flunatec.com\/en\/wp-json\/wp\/v2\/product\/13805\/revisions"}],"wp:featuredmedia":[{"embeddable":true,"href":"https:\/\/flunatec.com\/en\/wp-json\/wp\/v2\/media\/17300"}],"wp:attachment":[{"href":"https:\/\/flunatec.com\/en\/wp-json\/wp\/v2\/media?parent=13805"}],"wp:term":[{"taxonomy":"product_brand","embeddable":true,"href":"https:\/\/flunatec.com\/en\/wp-json\/wp\/v2\/product_brand?post=13805"},{"taxonomy":"product_cat","embeddable":true,"href":"https:\/\/flunatec.com\/en\/wp-json\/wp\/v2\/product_cat?post=13805"},{"taxonomy":"product_tag","embeddable":true,"href":"https:\/\/flunatec.com\/en\/wp-json\/wp\/v2\/product_tag?post=13805"},{"taxonomy":"kaliber","embeddable":true,"href":"https:\/\/flunatec.com\/en\/wp-json\/wp\/v2\/kaliber?post=13805"},{"taxonomy":"waffenart","embeddable":true,"href":"https:\/\/flunatec.com\/en\/wp-json\/wp\/v2\/waffenart?post=13805"},{"taxonomy":"anwendungsbereich","embeddable":true,"href":"https:\/\/flunatec.com\/en\/wp-json\/wp\/v2\/anwendungsbereich?post=13805"},{"taxonomy":"produktform","embeddable":true,"href":"https:\/\/flunatec.com\/en\/wp-json\/wp\/v2\/produktform?post=13805"},{"taxonomy":"produkt-typ","embeddable":true,"href":"https:\/\/flunatec.com\/en\/wp-json\/wp\/v2\/produkt-typ?post=13805"}],"curies":[{"name":"wp","href":"https:\/\/api.w.org\/{rel}","templated":true}]}}