{"id":13802,"date":"2025-04-01T09:34:12","date_gmt":"2025-04-01T07:34:12","guid":{"rendered":"https:\/\/flunatec.com\/?post_type=product&#038;p=13802"},"modified":"2025-12-22T22:20:37","modified_gmt":"2025-12-22T21:20:37","slug":"docht-patch-halter-kal-22-556","status":"publish","type":"product","link":"https:\/\/flunatec.com\/en\/docht-patch-halter-kal-22-556\/","title":{"rendered":"Docht- und Patch-Halter ab Kal. .22 \/ 5,56mm Stahl, br\u00fcniert"},"content":{"rendered":"<p>Der <strong data-start=\"248\" data-end=\"296\"><a href=\"https:\/\/flunatec.com\/docht-und-patch-halter\/\">Docht- und Patch-Halter<\/a> aus br\u00fcniertem Stahl<\/strong> ist ein langlebiges und zuverl\u00e4ssiges Werkzeug f\u00fcr die gr\u00fcndliche Laufreinigung ab Kaliber .22 \/ 5,56 mm. Durch seine stabile Bauweise und pr\u00e4zise Verarbeitung bietet er festen Halt f\u00fcr Reinigungspatches oder Dochte und gew\u00e4hrleistet eine gleichm\u00e4\u00dfige F\u00fchrung durch den Lauf. Die br\u00fcnierte Oberfl\u00e4che sch\u00fctzt vor Korrosion und sorgt f\u00fcr eine hohe Lebensdauer \u2013 ideal f\u00fcr anspruchsvolle Anwender:innen im jagdlichen, sportlichen oder dienstlichen Bereich.<\/p>\n","protected":false},"excerpt":{"rendered":"<p>Der Docht- und Patch-Halter aus br\u00fcniertem Stahl ist ein langlebiges und zuverl\u00e4ssiges Werkzeug f\u00fcr die gr\u00fcndliche Laufreinigung ab Kaliber .22 \/ 5,56 mm. Durch seine stabile Bauweise und pr\u00e4zise Verarbeitung bietet er festen Halt f\u00fcr Reinigungspatches oder Dochte und gew\u00e4hrleistet eine gleichm\u00e4\u00dfige F\u00fchrung durch den Lauf. Die br\u00fcnierte Oberfl\u00e4che sch\u00fctzt vor Korrosion und sorgt f\u00fcr [&hellip;]<\/p>\n","protected":false},"featured_media":17300,"comment_status":"open","ping_status":"closed","template":"","meta":{"inline_featured_image":false,"kaliber-boreblitz":""},"product_brand":[],"product_cat":[16],"product_tag":[359],"kaliber":[395],"waffenart":[],"anwendungsbereich":[420],"produktform":[],"produkt-typ":[445],"class_list":{"0":"post-13802","1":"product","2":"type-product","3":"status-publish","4":"has-post-thumbnail","6":"product_cat-waffenpflege","7":"product_tag-layout-6","8":"kaliber-22-l-r","9":"anwendungsbereich-komponentenpflege","10":"produkt-typ-zubehoer","12":"first","13":"instock","14":"taxable","15":"shipping-taxable","16":"purchasable","17":"product-type-simple"},"_links":{"self":[{"href":"https:\/\/flunatec.com\/en\/wp-json\/wp\/v2\/product\/13802","targetHints":{"allow":["GET"]}}],"collection":[{"href":"https:\/\/flunatec.com\/en\/wp-json\/wp\/v2\/product"}],"about":[{"href":"https:\/\/flunatec.com\/en\/wp-json\/wp\/v2\/types\/product"}],"replies":[{"embeddable":true,"href":"https:\/\/flunatec.com\/en\/wp-json\/wp\/v2\/comments?post=13802"}],"version-history":[{"count":0,"href":"https:\/\/flunatec.com\/en\/wp-json\/wp\/v2\/product\/13802\/revisions"}],"wp:featuredmedia":[{"embeddable":true,"href":"https:\/\/flunatec.com\/en\/wp-json\/wp\/v2\/media\/17300"}],"wp:attachment":[{"href":"https:\/\/flunatec.com\/en\/wp-json\/wp\/v2\/media?parent=13802"}],"wp:term":[{"taxonomy":"product_brand","embeddable":true,"href":"https:\/\/flunatec.com\/en\/wp-json\/wp\/v2\/product_brand?post=13802"},{"taxonomy":"product_cat","embeddable":true,"href":"https:\/\/flunatec.com\/en\/wp-json\/wp\/v2\/product_cat?post=13802"},{"taxonomy":"product_tag","embeddable":true,"href":"https:\/\/flunatec.com\/en\/wp-json\/wp\/v2\/product_tag?post=13802"},{"taxonomy":"kaliber","embeddable":true,"href":"https:\/\/flunatec.com\/en\/wp-json\/wp\/v2\/kaliber?post=13802"},{"taxonomy":"waffenart","embeddable":true,"href":"https:\/\/flunatec.com\/en\/wp-json\/wp\/v2\/waffenart?post=13802"},{"taxonomy":"anwendungsbereich","embeddable":true,"href":"https:\/\/flunatec.com\/en\/wp-json\/wp\/v2\/anwendungsbereich?post=13802"},{"taxonomy":"produktform","embeddable":true,"href":"https:\/\/flunatec.com\/en\/wp-json\/wp\/v2\/produktform?post=13802"},{"taxonomy":"produkt-typ","embeddable":true,"href":"https:\/\/flunatec.com\/en\/wp-json\/wp\/v2\/produkt-typ?post=13802"}],"curies":[{"name":"wp","href":"https:\/\/api.w.org\/{rel}","templated":true}]}}