{"id":13800,"date":"2025-03-31T19:06:05","date_gmt":"2025-03-31T17:06:05","guid":{"rendered":"https:\/\/flunatec.com\/?post_type=product&#038;p=13800"},"modified":"2025-12-22T22:21:29","modified_gmt":"2025-12-22T21:21:29","slug":"docht-patch-halter-kal-22-556-2","status":"publish","type":"product","link":"https:\/\/flunatec.com\/en\/docht-patch-halter-kal-22-556-2\/","title":{"rendered":"Docht- und Patch-Halter ab Kal. .22 \/ 5,56mm Messing"},"content":{"rendered":"<p>Der <strong data-start=\"240\" data-end=\"279\">Docht- und Patch-Halter aus Messing<\/strong> ist das ideale Zubeh\u00f6r f\u00fcr die pr\u00e4zise Laufreinigung mit Reinigungspatches oder Reinigungsdochten. Abgestimmt auf Kaliber ab .22 \/ 5,56 mm, erm\u00f6glicht er eine sichere und gleichm\u00e4\u00dfige F\u00fchrung des Reinigungsmaterials durch den Lauf. Das robuste Messingmaterial ist besonders laufschonend und verhindert Kratzer im Inneren der Waffe. Durch sein Au\u00dfengewinde l\u00e4sst sich der Halter problemlos an g\u00e4ngige Reinigungsst\u00f6cke oder Flexseile montieren.<\/p>\n","protected":false},"excerpt":{"rendered":"<p>Der Docht- und Patch-Halter aus Messing ist das ideale Zubeh\u00f6r f\u00fcr die pr\u00e4zise Laufreinigung mit Reinigungspatches oder Reinigungsdochten. Abgestimmt auf Kaliber ab .22 \/ 5,56 mm, erm\u00f6glicht er eine sichere und gleichm\u00e4\u00dfige F\u00fchrung des Reinigungsmaterials durch den Lauf. Das robuste Messingmaterial ist besonders laufschonend und verhindert Kratzer im Inneren der Waffe. Durch sein Au\u00dfengewinde l\u00e4sst [&hellip;]<\/p>\n","protected":false},"featured_media":17308,"comment_status":"open","ping_status":"closed","template":"","meta":{"inline_featured_image":false,"kaliber-boreblitz":""},"product_brand":[],"product_cat":[16],"product_tag":[359],"kaliber":[],"waffenart":[],"anwendungsbereich":[],"produktform":[],"produkt-typ":[],"class_list":{"0":"post-13800","1":"product","2":"type-product","3":"status-publish","4":"has-post-thumbnail","6":"product_cat-waffenpflege","7":"product_tag-layout-6","9":"first","10":"instock","11":"taxable","12":"shipping-taxable","13":"purchasable","14":"product-type-simple"},"_links":{"self":[{"href":"https:\/\/flunatec.com\/en\/wp-json\/wp\/v2\/product\/13800","targetHints":{"allow":["GET"]}}],"collection":[{"href":"https:\/\/flunatec.com\/en\/wp-json\/wp\/v2\/product"}],"about":[{"href":"https:\/\/flunatec.com\/en\/wp-json\/wp\/v2\/types\/product"}],"replies":[{"embeddable":true,"href":"https:\/\/flunatec.com\/en\/wp-json\/wp\/v2\/comments?post=13800"}],"version-history":[{"count":0,"href":"https:\/\/flunatec.com\/en\/wp-json\/wp\/v2\/product\/13800\/revisions"}],"wp:featuredmedia":[{"embeddable":true,"href":"https:\/\/flunatec.com\/en\/wp-json\/wp\/v2\/media\/17308"}],"wp:attachment":[{"href":"https:\/\/flunatec.com\/en\/wp-json\/wp\/v2\/media?parent=13800"}],"wp:term":[{"taxonomy":"product_brand","embeddable":true,"href":"https:\/\/flunatec.com\/en\/wp-json\/wp\/v2\/product_brand?post=13800"},{"taxonomy":"product_cat","embeddable":true,"href":"https:\/\/flunatec.com\/en\/wp-json\/wp\/v2\/product_cat?post=13800"},{"taxonomy":"product_tag","embeddable":true,"href":"https:\/\/flunatec.com\/en\/wp-json\/wp\/v2\/product_tag?post=13800"},{"taxonomy":"kaliber","embeddable":true,"href":"https:\/\/flunatec.com\/en\/wp-json\/wp\/v2\/kaliber?post=13800"},{"taxonomy":"waffenart","embeddable":true,"href":"https:\/\/flunatec.com\/en\/wp-json\/wp\/v2\/waffenart?post=13800"},{"taxonomy":"anwendungsbereich","embeddable":true,"href":"https:\/\/flunatec.com\/en\/wp-json\/wp\/v2\/anwendungsbereich?post=13800"},{"taxonomy":"produktform","embeddable":true,"href":"https:\/\/flunatec.com\/en\/wp-json\/wp\/v2\/produktform?post=13800"},{"taxonomy":"produkt-typ","embeddable":true,"href":"https:\/\/flunatec.com\/en\/wp-json\/wp\/v2\/produkt-typ?post=13800"}],"curies":[{"name":"wp","href":"https:\/\/api.w.org\/{rel}","templated":true}]}}