{"id":13776,"date":"2025-03-31T17:55:14","date_gmt":"2025-03-31T15:55:14","guid":{"rendered":"https:\/\/flunatec.com\/?post_type=product&#038;p=13776"},"modified":"2025-12-22T22:23:08","modified_gmt":"2025-12-22T21:23:08","slug":"patch-spitzen-ab-kal-27-68mm","status":"publish","type":"product","link":"https:\/\/flunatec.com\/en\/patch-spitzen-ab-kal-27-68mm\/","title":{"rendered":"Patch Spitzen &#8211; ab Kal. .27\/6,8mm"},"content":{"rendered":"<p>Diese Patch-Spitzen ab Kaliber .27 \/ 6,8 mm wurden speziell f\u00fcr die gr\u00fcndliche Laufreinigung bei mittel- bis gro\u00dfkalibrigen Jagd- und Sportwaffen entwickelt. Sie sorgen f\u00fcr eine exakte F\u00fchrung des Reinigungspatches durch den Lauf und gew\u00e4hrleisten gleichm\u00e4\u00dfigen Druck auf die Laufwand \u2013 f\u00fcr eine effektive und gleichm\u00e4\u00dfige Reinigung ohne Verkanten. Die robuste, laufschonende Konstruktion ist mit g\u00e4ngigen Reinigungsst\u00f6cken kompatibel und eignet sich hervorragend f\u00fcr wiederholte Anwendungen bei intensiver Waffenpflege.<\/p>\n","protected":false},"excerpt":{"rendered":"<p>Diese Patch-Spitzen ab Kaliber .27 \/ 6,8 mm wurden speziell f\u00fcr die gr\u00fcndliche Laufreinigung bei mittel- bis gro\u00dfkalibrigen Jagd- und Sportwaffen entwickelt. Sie sorgen f\u00fcr eine exakte F\u00fchrung des Reinigungspatches durch den Lauf und gew\u00e4hrleisten gleichm\u00e4\u00dfigen Druck auf die Laufwand \u2013 f\u00fcr eine effektive und gleichm\u00e4\u00dfige Reinigung ohne Verkanten. Die robuste, laufschonende Konstruktion ist mit [&hellip;]<\/p>\n","protected":false},"featured_media":17313,"comment_status":"open","ping_status":"closed","template":"","meta":{"inline_featured_image":false,"kaliber-boreblitz":""},"product_brand":[],"product_cat":[16],"product_tag":[359],"kaliber":[488],"waffenart":[425,508,423,430],"anwendungsbereich":[413,414],"produktform":[458],"produkt-typ":[442],"class_list":{"0":"post-13776","1":"product","2":"type-product","3":"status-publish","4":"has-post-thumbnail","6":"product_cat-waffenpflege","7":"product_tag-layout-6","8":"kaliber-270-win","9":"waffenart-gewehr","10":"waffenart-kipplauf","11":"waffenart-langwaffe","12":"waffenart-repetierer","13":"anwendungsbereich-laufpflege","14":"anwendungsbereich-laufschutz","15":"produktform-zusatzteil","16":"produkt-typ-adapter","18":"first","19":"instock","20":"taxable","21":"shipping-taxable","22":"purchasable","23":"product-type-simple"},"_links":{"self":[{"href":"https:\/\/flunatec.com\/en\/wp-json\/wp\/v2\/product\/13776","targetHints":{"allow":["GET"]}}],"collection":[{"href":"https:\/\/flunatec.com\/en\/wp-json\/wp\/v2\/product"}],"about":[{"href":"https:\/\/flunatec.com\/en\/wp-json\/wp\/v2\/types\/product"}],"replies":[{"embeddable":true,"href":"https:\/\/flunatec.com\/en\/wp-json\/wp\/v2\/comments?post=13776"}],"version-history":[{"count":0,"href":"https:\/\/flunatec.com\/en\/wp-json\/wp\/v2\/product\/13776\/revisions"}],"wp:featuredmedia":[{"embeddable":true,"href":"https:\/\/flunatec.com\/en\/wp-json\/wp\/v2\/media\/17313"}],"wp:attachment":[{"href":"https:\/\/flunatec.com\/en\/wp-json\/wp\/v2\/media?parent=13776"}],"wp:term":[{"taxonomy":"product_brand","embeddable":true,"href":"https:\/\/flunatec.com\/en\/wp-json\/wp\/v2\/product_brand?post=13776"},{"taxonomy":"product_cat","embeddable":true,"href":"https:\/\/flunatec.com\/en\/wp-json\/wp\/v2\/product_cat?post=13776"},{"taxonomy":"product_tag","embeddable":true,"href":"https:\/\/flunatec.com\/en\/wp-json\/wp\/v2\/product_tag?post=13776"},{"taxonomy":"kaliber","embeddable":true,"href":"https:\/\/flunatec.com\/en\/wp-json\/wp\/v2\/kaliber?post=13776"},{"taxonomy":"waffenart","embeddable":true,"href":"https:\/\/flunatec.com\/en\/wp-json\/wp\/v2\/waffenart?post=13776"},{"taxonomy":"anwendungsbereich","embeddable":true,"href":"https:\/\/flunatec.com\/en\/wp-json\/wp\/v2\/anwendungsbereich?post=13776"},{"taxonomy":"produktform","embeddable":true,"href":"https:\/\/flunatec.com\/en\/wp-json\/wp\/v2\/produktform?post=13776"},{"taxonomy":"produkt-typ","embeddable":true,"href":"https:\/\/flunatec.com\/en\/wp-json\/wp\/v2\/produkt-typ?post=13776"}],"curies":[{"name":"wp","href":"https:\/\/api.w.org\/{rel}","templated":true}]}}