{"id":13774,"date":"2025-03-31T17:49:46","date_gmt":"2025-03-31T15:49:46","guid":{"rendered":"https:\/\/flunatec.com\/?post_type=product&#038;p=13774"},"modified":"2025-12-22T22:23:55","modified_gmt":"2025-12-22T21:23:55","slug":"patch-spitzen-kal-22-556mm","status":"publish","type":"product","link":"https:\/\/flunatec.com\/en\/patch-spitzen-kal-22-556mm\/","title":{"rendered":"Patch Spitzen &#8211; ab Kal. .22\/5,56mm"},"content":{"rendered":"<p>Diese Patch-Spitzen ab Kaliber .22 \/ 5,56 mm sind die ideale Erg\u00e4nzung f\u00fcr deine Waffenreinigung mit Patches. Sie erm\u00f6glichen eine sichere, zentrierte F\u00fchrung der Reinigungspatches durch den Lauf und sorgen f\u00fcr gleichm\u00e4\u00dfigen Anpressdruck entlang der gesamten Laufwand. Gefertigt aus robustem, laufschonendem Material, sind sie kompatibel mit g\u00e4ngigen Reinigungsst\u00f6cken und eignen sich f\u00fcr eine Vielzahl an Jagd-, Sport- und Dienstwaffen im mittleren Kaliberbereich. Ein Muss f\u00fcr pr\u00e4zise und effektive Laufpflege.<\/p>\n","protected":false},"excerpt":{"rendered":"<p>Diese Patch-Spitzen ab Kaliber .22 \/ 5,56 mm sind die ideale Erg\u00e4nzung f\u00fcr deine Waffenreinigung mit Patches. Sie erm\u00f6glichen eine sichere, zentrierte F\u00fchrung der Reinigungspatches durch den Lauf und sorgen f\u00fcr gleichm\u00e4\u00dfigen Anpressdruck entlang der gesamten Laufwand. Gefertigt aus robustem, laufschonendem Material, sind sie kompatibel mit g\u00e4ngigen Reinigungsst\u00f6cken und eignen sich f\u00fcr eine Vielzahl an [&hellip;]<\/p>\n","protected":false},"featured_media":17320,"comment_status":"open","ping_status":"closed","template":"","meta":{"inline_featured_image":false,"kaliber-boreblitz":""},"product_brand":[],"product_cat":[],"product_tag":[359],"kaliber":[395,483,397],"waffenart":[425,430,508,423,429],"anwendungsbereich":[413,414],"produktform":[458],"produkt-typ":[445],"class_list":{"0":"post-13774","1":"product","2":"type-product","3":"status-publish","4":"has-post-thumbnail","6":"product_tag-layout-6","7":"kaliber-22-l-r","8":"kaliber-222-rem","9":"kaliber-223-rem","10":"waffenart-gewehr","11":"waffenart-repetierer","12":"waffenart-kipplauf","13":"waffenart-langwaffe","14":"waffenart-halbautomat","15":"anwendungsbereich-laufpflege","16":"anwendungsbereich-laufschutz","17":"produktform-zusatzteil","18":"produkt-typ-zubehoer","20":"first","21":"instock","22":"taxable","23":"shipping-taxable","24":"purchasable","25":"product-type-simple"},"_links":{"self":[{"href":"https:\/\/flunatec.com\/en\/wp-json\/wp\/v2\/product\/13774","targetHints":{"allow":["GET"]}}],"collection":[{"href":"https:\/\/flunatec.com\/en\/wp-json\/wp\/v2\/product"}],"about":[{"href":"https:\/\/flunatec.com\/en\/wp-json\/wp\/v2\/types\/product"}],"replies":[{"embeddable":true,"href":"https:\/\/flunatec.com\/en\/wp-json\/wp\/v2\/comments?post=13774"}],"version-history":[{"count":0,"href":"https:\/\/flunatec.com\/en\/wp-json\/wp\/v2\/product\/13774\/revisions"}],"wp:featuredmedia":[{"embeddable":true,"href":"https:\/\/flunatec.com\/en\/wp-json\/wp\/v2\/media\/17320"}],"wp:attachment":[{"href":"https:\/\/flunatec.com\/en\/wp-json\/wp\/v2\/media?parent=13774"}],"wp:term":[{"taxonomy":"product_brand","embeddable":true,"href":"https:\/\/flunatec.com\/en\/wp-json\/wp\/v2\/product_brand?post=13774"},{"taxonomy":"product_cat","embeddable":true,"href":"https:\/\/flunatec.com\/en\/wp-json\/wp\/v2\/product_cat?post=13774"},{"taxonomy":"product_tag","embeddable":true,"href":"https:\/\/flunatec.com\/en\/wp-json\/wp\/v2\/product_tag?post=13774"},{"taxonomy":"kaliber","embeddable":true,"href":"https:\/\/flunatec.com\/en\/wp-json\/wp\/v2\/kaliber?post=13774"},{"taxonomy":"waffenart","embeddable":true,"href":"https:\/\/flunatec.com\/en\/wp-json\/wp\/v2\/waffenart?post=13774"},{"taxonomy":"anwendungsbereich","embeddable":true,"href":"https:\/\/flunatec.com\/en\/wp-json\/wp\/v2\/anwendungsbereich?post=13774"},{"taxonomy":"produktform","embeddable":true,"href":"https:\/\/flunatec.com\/en\/wp-json\/wp\/v2\/produktform?post=13774"},{"taxonomy":"produkt-typ","embeddable":true,"href":"https:\/\/flunatec.com\/en\/wp-json\/wp\/v2\/produkt-typ?post=13774"}],"curies":[{"name":"wp","href":"https:\/\/api.w.org\/{rel}","templated":true}]}}