{"id":13771,"date":"2025-03-31T17:45:16","date_gmt":"2025-03-31T15:45:16","guid":{"rendered":"https:\/\/flunatec.com\/?post_type=product&#038;p=13771"},"modified":"2025-12-22T22:26:21","modified_gmt":"2025-12-22T21:26:21","slug":"patch-spitzen-kal-17-4-5mm","status":"publish","type":"product","link":"https:\/\/flunatec.com\/en\/patch-spitzen-kal-17-4-5mm\/","title":{"rendered":"Patch Spitzen &#8211; Cal .17\/4.5mm"},"content":{"rendered":"<p>Die Patch-Spitzen im Kaliber .17 \/ 4,5 mm sind speziell f\u00fcr die pr\u00e4zise F\u00fchrung von Reinigungspatches im Laufinneren konzipiert. Sie erm\u00f6glichen eine sichere und gleichm\u00e4\u00dfige Anwendung der Patches und sorgen daf\u00fcr, dass diese optimal an der Laufwand anliegen. Hergestellt aus robustem, laufschonendem Material, eignen sich die Spitzen ideal f\u00fcr Kleinkaliberwaffen wie Luftgewehre oder .17 HMR. Ein unverzichtbares Werkzeug f\u00fcr pr\u00e4zise und effektive Waffenpflege im Feinbereich.<\/p>\n","protected":false},"excerpt":{"rendered":"<p>Die Patch-Spitzen im Kaliber .17 \/ 4,5 mm sind speziell f\u00fcr die pr\u00e4zise F\u00fchrung von Reinigungspatches im Laufinneren konzipiert. Sie erm\u00f6glichen eine sichere und gleichm\u00e4\u00dfige Anwendung der Patches und sorgen daf\u00fcr, dass diese optimal an der Laufwand anliegen. Hergestellt aus robustem, laufschonendem Material, eignen sich die Spitzen ideal f\u00fcr Kleinkaliberwaffen wie Luftgewehre oder .17 HMR. [&hellip;]<\/p>\n","protected":false},"featured_media":17323,"comment_status":"open","ping_status":"closed","template":"","meta":{"inline_featured_image":false,"kaliber-boreblitz":""},"product_brand":[],"product_cat":[],"product_tag":[359],"kaliber":[502,503],"waffenart":[423,508,425,430],"anwendungsbereich":[413,414],"produktform":[458],"produkt-typ":[445],"class_list":{"0":"post-13771","1":"product","2":"type-product","3":"status-publish","4":"has-post-thumbnail","6":"product_tag-layout-6","7":"kaliber-17-hmr","8":"kaliber-17-hornet","9":"waffenart-langwaffe","10":"waffenart-kipplauf","11":"waffenart-gewehr","12":"waffenart-repetierer","13":"anwendungsbereich-laufpflege","14":"anwendungsbereich-laufschutz","15":"produktform-zusatzteil","16":"produkt-typ-zubehoer","18":"first","19":"instock","20":"taxable","21":"shipping-taxable","22":"purchasable","23":"product-type-simple"},"_links":{"self":[{"href":"https:\/\/flunatec.com\/en\/wp-json\/wp\/v2\/product\/13771","targetHints":{"allow":["GET"]}}],"collection":[{"href":"https:\/\/flunatec.com\/en\/wp-json\/wp\/v2\/product"}],"about":[{"href":"https:\/\/flunatec.com\/en\/wp-json\/wp\/v2\/types\/product"}],"replies":[{"embeddable":true,"href":"https:\/\/flunatec.com\/en\/wp-json\/wp\/v2\/comments?post=13771"}],"version-history":[{"count":0,"href":"https:\/\/flunatec.com\/en\/wp-json\/wp\/v2\/product\/13771\/revisions"}],"wp:featuredmedia":[{"embeddable":true,"href":"https:\/\/flunatec.com\/en\/wp-json\/wp\/v2\/media\/17323"}],"wp:attachment":[{"href":"https:\/\/flunatec.com\/en\/wp-json\/wp\/v2\/media?parent=13771"}],"wp:term":[{"taxonomy":"product_brand","embeddable":true,"href":"https:\/\/flunatec.com\/en\/wp-json\/wp\/v2\/product_brand?post=13771"},{"taxonomy":"product_cat","embeddable":true,"href":"https:\/\/flunatec.com\/en\/wp-json\/wp\/v2\/product_cat?post=13771"},{"taxonomy":"product_tag","embeddable":true,"href":"https:\/\/flunatec.com\/en\/wp-json\/wp\/v2\/product_tag?post=13771"},{"taxonomy":"kaliber","embeddable":true,"href":"https:\/\/flunatec.com\/en\/wp-json\/wp\/v2\/kaliber?post=13771"},{"taxonomy":"waffenart","embeddable":true,"href":"https:\/\/flunatec.com\/en\/wp-json\/wp\/v2\/waffenart?post=13771"},{"taxonomy":"anwendungsbereich","embeddable":true,"href":"https:\/\/flunatec.com\/en\/wp-json\/wp\/v2\/anwendungsbereich?post=13771"},{"taxonomy":"produktform","embeddable":true,"href":"https:\/\/flunatec.com\/en\/wp-json\/wp\/v2\/produktform?post=13771"},{"taxonomy":"produkt-typ","embeddable":true,"href":"https:\/\/flunatec.com\/en\/wp-json\/wp\/v2\/produkt-typ?post=13771"}],"curies":[{"name":"wp","href":"https:\/\/api.w.org\/{rel}","templated":true}]}}