{"id":13768,"date":"2025-03-31T17:33:50","date_gmt":"2025-03-31T15:33:50","guid":{"rendered":"https:\/\/flunatec.com\/?post_type=product&#038;p=13768"},"modified":"2025-12-22T22:27:07","modified_gmt":"2025-12-22T21:27:07","slug":"reinigungspatches-40x40","status":"publish","type":"product","link":"https:\/\/flunatec.com\/en\/reinigungspatches-40x40\/","title":{"rendered":"Reinigungspatches 40mm x 40mm"},"content":{"rendered":"<p>Die Reinigungspatches im Format 40\u202fx\u202f40\u202fmm eignen sich perfekt f\u00fcr die gr\u00fcndliche Laufreinigung von Mittel- bis Gro\u00dfkaliberwaffen. Das fusselfreie, saugf\u00e4hige Material nimmt zuverl\u00e4ssig Schmutz, \u00d6l und Pulverr\u00fcckst\u00e4nde auf \u2013 egal ob trocken oder in Kombination mit Reinigungsmitteln. Durch ihre gro\u00dfz\u00fcgige Fl\u00e4che bieten sie hervorragenden Laufkontakt und eignen sich ideal f\u00fcr die Verwendung mit Patchhaltern oder Jag-Systemen. Ein praktisches Must-have f\u00fcr jede Putzbox \u2013 ob im jagdlichen, sportlichen oder professionellen Einsatz.<\/p>\n","protected":false},"excerpt":{"rendered":"<p>Die Reinigungspatches im Format 40\u202fx\u202f40\u202fmm eignen sich perfekt f\u00fcr die gr\u00fcndliche Laufreinigung von Mittel- bis Gro\u00dfkaliberwaffen. Das fusselfreie, saugf\u00e4hige Material nimmt zuverl\u00e4ssig Schmutz, \u00d6l und Pulverr\u00fcckst\u00e4nde auf \u2013 egal ob trocken oder in Kombination mit Reinigungsmitteln. Durch ihre gro\u00dfz\u00fcgige Fl\u00e4che bieten sie hervorragenden Laufkontakt und eignen sich ideal f\u00fcr die Verwendung mit Patchhaltern oder Jag-Systemen. [&hellip;]<\/p>\n","protected":false},"featured_media":17731,"comment_status":"open","ping_status":"closed","template":"","meta":{"inline_featured_image":false,"kaliber-boreblitz":""},"product_brand":[],"product_cat":[],"product_tag":[359],"kaliber":[483,397,486,398,487,399,488,802],"waffenart":[425,423,508,429,430],"anwendungsbereich":[448],"produktform":[458],"produkt-typ":[441],"class_list":{"0":"post-13768","1":"product","2":"type-product","3":"status-publish","4":"has-post-thumbnail","6":"product_tag-layout-6","7":"kaliber-222-rem","8":"kaliber-223-rem","9":"kaliber-22-win","10":"kaliber-308-win","11":"kaliber-65-55","12":"kaliber-30-06","13":"kaliber-270-win","14":"kaliber-7-64","15":"waffenart-gewehr","16":"waffenart-langwaffe","17":"waffenart-kipplauf","18":"waffenart-halbautomat","19":"waffenart-repetierer","20":"anwendungsbereich-lauf","21":"produktform-zusatzteil","22":"produkt-typ-werkzeug","24":"first","25":"instock","26":"taxable","27":"shipping-taxable","28":"purchasable","29":"product-type-simple"},"_links":{"self":[{"href":"https:\/\/flunatec.com\/en\/wp-json\/wp\/v2\/product\/13768","targetHints":{"allow":["GET"]}}],"collection":[{"href":"https:\/\/flunatec.com\/en\/wp-json\/wp\/v2\/product"}],"about":[{"href":"https:\/\/flunatec.com\/en\/wp-json\/wp\/v2\/types\/product"}],"replies":[{"embeddable":true,"href":"https:\/\/flunatec.com\/en\/wp-json\/wp\/v2\/comments?post=13768"}],"version-history":[{"count":0,"href":"https:\/\/flunatec.com\/en\/wp-json\/wp\/v2\/product\/13768\/revisions"}],"wp:featuredmedia":[{"embeddable":true,"href":"https:\/\/flunatec.com\/en\/wp-json\/wp\/v2\/media\/17731"}],"wp:attachment":[{"href":"https:\/\/flunatec.com\/en\/wp-json\/wp\/v2\/media?parent=13768"}],"wp:term":[{"taxonomy":"product_brand","embeddable":true,"href":"https:\/\/flunatec.com\/en\/wp-json\/wp\/v2\/product_brand?post=13768"},{"taxonomy":"product_cat","embeddable":true,"href":"https:\/\/flunatec.com\/en\/wp-json\/wp\/v2\/product_cat?post=13768"},{"taxonomy":"product_tag","embeddable":true,"href":"https:\/\/flunatec.com\/en\/wp-json\/wp\/v2\/product_tag?post=13768"},{"taxonomy":"kaliber","embeddable":true,"href":"https:\/\/flunatec.com\/en\/wp-json\/wp\/v2\/kaliber?post=13768"},{"taxonomy":"waffenart","embeddable":true,"href":"https:\/\/flunatec.com\/en\/wp-json\/wp\/v2\/waffenart?post=13768"},{"taxonomy":"anwendungsbereich","embeddable":true,"href":"https:\/\/flunatec.com\/en\/wp-json\/wp\/v2\/anwendungsbereich?post=13768"},{"taxonomy":"produktform","embeddable":true,"href":"https:\/\/flunatec.com\/en\/wp-json\/wp\/v2\/produktform?post=13768"},{"taxonomy":"produkt-typ","embeddable":true,"href":"https:\/\/flunatec.com\/en\/wp-json\/wp\/v2\/produkt-typ?post=13768"}],"curies":[{"name":"wp","href":"https:\/\/api.w.org\/{rel}","templated":true}]}}