{"id":13765,"date":"2025-03-31T17:28:23","date_gmt":"2025-03-31T15:28:23","guid":{"rendered":"https:\/\/flunatec.com\/?post_type=product&#038;p=13765"},"modified":"2025-12-22T22:27:39","modified_gmt":"2025-12-22T21:27:39","slug":"reinigungspatches-30mm-x-30mm","status":"publish","type":"product","link":"https:\/\/flunatec.com\/en\/reinigungspatches-30mm-x-30mm\/","title":{"rendered":"Reinigungspatches 30mm x 30mm"},"content":{"rendered":"<p>Diese quadratischen Reinigungspatches in der Gr\u00f6\u00dfe 30\u202fx\u202f30\u202fmm sind vielseitig einsetzbar f\u00fcr die Laufreinigung von Kurzwaffen, B\u00fcchsen und Flinten unterschiedlichster Kaliber. Hergestellt aus fusselfreiem, saugf\u00e4higem Material eignen sie sich ideal zur Verwendung mit Patchhaltern oder Jagdsystemen. Ob trocken oder mit Reinigungsmittel getr\u00e4nkt \u2013 die Patches entfernen zuverl\u00e4ssig R\u00fcckst\u00e4nde wie Schmutz, Pulver oder \u00d6l und sind ein unverzichtbarer Bestandteil jeder Waffenpflegeroutine.<\/p>\n","protected":false},"excerpt":{"rendered":"<p>Diese quadratischen Reinigungspatches in der Gr\u00f6\u00dfe 30\u202fx\u202f30\u202fmm sind vielseitig einsetzbar f\u00fcr die Laufreinigung von Kurzwaffen, B\u00fcchsen und Flinten unterschiedlichster Kaliber. Hergestellt aus fusselfreiem, saugf\u00e4higem Material eignen sie sich ideal zur Verwendung mit Patchhaltern oder Jagdsystemen. Ob trocken oder mit Reinigungsmittel getr\u00e4nkt \u2013 die Patches entfernen zuverl\u00e4ssig R\u00fcckst\u00e4nde wie Schmutz, Pulver oder \u00d6l und sind ein [&hellip;]<\/p>\n","protected":false},"featured_media":17892,"comment_status":"open","ping_status":"closed","template":"","meta":{"inline_featured_image":false,"kaliber-boreblitz":""},"product_brand":[],"product_cat":[],"product_tag":[359],"kaliber":[502,395,397,483,503],"waffenart":[425,428,429,430,422,423,426,508,427],"anwendungsbereich":[448],"produktform":[458],"produkt-typ":[441],"class_list":{"0":"post-13765","1":"product","2":"type-product","3":"status-publish","4":"has-post-thumbnail","6":"product_tag-layout-6","7":"kaliber-17-hmr","8":"kaliber-22-l-r","9":"kaliber-223-rem","10":"kaliber-222-rem","11":"kaliber-17-hornet","12":"waffenart-gewehr","13":"waffenart-faustfeuerwaffe","14":"waffenart-halbautomat","15":"waffenart-repetierer","16":"waffenart-kurzwaffe","17":"waffenart-langwaffe","18":"waffenart-pistole","19":"waffenart-kipplauf","20":"waffenart-revolver","21":"anwendungsbereich-lauf","22":"produktform-zusatzteil","23":"produkt-typ-werkzeug","25":"first","26":"instock","27":"taxable","28":"shipping-taxable","29":"purchasable","30":"product-type-simple"},"_links":{"self":[{"href":"https:\/\/flunatec.com\/en\/wp-json\/wp\/v2\/product\/13765","targetHints":{"allow":["GET"]}}],"collection":[{"href":"https:\/\/flunatec.com\/en\/wp-json\/wp\/v2\/product"}],"about":[{"href":"https:\/\/flunatec.com\/en\/wp-json\/wp\/v2\/types\/product"}],"replies":[{"embeddable":true,"href":"https:\/\/flunatec.com\/en\/wp-json\/wp\/v2\/comments?post=13765"}],"version-history":[{"count":0,"href":"https:\/\/flunatec.com\/en\/wp-json\/wp\/v2\/product\/13765\/revisions"}],"wp:featuredmedia":[{"embeddable":true,"href":"https:\/\/flunatec.com\/en\/wp-json\/wp\/v2\/media\/17892"}],"wp:attachment":[{"href":"https:\/\/flunatec.com\/en\/wp-json\/wp\/v2\/media?parent=13765"}],"wp:term":[{"taxonomy":"product_brand","embeddable":true,"href":"https:\/\/flunatec.com\/en\/wp-json\/wp\/v2\/product_brand?post=13765"},{"taxonomy":"product_cat","embeddable":true,"href":"https:\/\/flunatec.com\/en\/wp-json\/wp\/v2\/product_cat?post=13765"},{"taxonomy":"product_tag","embeddable":true,"href":"https:\/\/flunatec.com\/en\/wp-json\/wp\/v2\/product_tag?post=13765"},{"taxonomy":"kaliber","embeddable":true,"href":"https:\/\/flunatec.com\/en\/wp-json\/wp\/v2\/kaliber?post=13765"},{"taxonomy":"waffenart","embeddable":true,"href":"https:\/\/flunatec.com\/en\/wp-json\/wp\/v2\/waffenart?post=13765"},{"taxonomy":"anwendungsbereich","embeddable":true,"href":"https:\/\/flunatec.com\/en\/wp-json\/wp\/v2\/anwendungsbereich?post=13765"},{"taxonomy":"produktform","embeddable":true,"href":"https:\/\/flunatec.com\/en\/wp-json\/wp\/v2\/produktform?post=13765"},{"taxonomy":"produkt-typ","embeddable":true,"href":"https:\/\/flunatec.com\/en\/wp-json\/wp\/v2\/produkt-typ?post=13765"}],"curies":[{"name":"wp","href":"https:\/\/api.w.org\/{rel}","templated":true}]}}