{"id":13762,"date":"2025-03-31T17:20:09","date_gmt":"2025-03-31T15:20:09","guid":{"rendered":"https:\/\/flunatec.com\/?post_type=product&#038;p=13762"},"modified":"2025-12-22T11:27:51","modified_gmt":"2025-12-22T10:27:51","slug":"filz-laufreiniger-308-762","status":"publish","type":"product","link":"https:\/\/flunatec.com\/en\/filz-laufreiniger-308-762\/","title":{"rendered":"Filz-Laufreiniger &#8211; Intensive Reinigung 500 St\u00fcck .308 \/ 7,62mm"},"content":{"rendered":"<p>Diese Filz-Laufreiniger im Kaliber .308 \/ 7,62 mm wurden f\u00fcr intensive Reinigungsarbeiten bei Jagd- und Sportwaffen entwickelt. Der extra verdichtete Filz erzeugt erh\u00f6hten Anpressdruck und entfernt selbst hartn\u00e4ckige R\u00fcckst\u00e4nde wie Pulver, \u00d6lkohle oder Metallabrieb zuverl\u00e4ssig. Dank exakter Kaliberpassung wird der Lauf gleichm\u00e4\u00dfig gereinigt \u2013 ohne Kratzer oder Besch\u00e4digungen. Die Gro\u00dfpackung mit 500 St\u00fcck eignet sich ideal f\u00fcr Vielschie\u00dfer:innen, Schie\u00dfst\u00e4nde oder Werkst\u00e4tten mit hohem Reinigungsbedarf.<\/p>\n","protected":false},"excerpt":{"rendered":"<p>Diese Filz-Laufreiniger im Kaliber .308 \/ 7,62 mm wurden f\u00fcr intensive Reinigungsarbeiten bei Jagd- und Sportwaffen entwickelt. Der extra verdichtete Filz erzeugt erh\u00f6hten Anpressdruck und entfernt selbst hartn\u00e4ckige R\u00fcckst\u00e4nde wie Pulver, \u00d6lkohle oder Metallabrieb zuverl\u00e4ssig. Dank exakter Kaliberpassung wird der Lauf gleichm\u00e4\u00dfig gereinigt \u2013 ohne Kratzer oder Besch\u00e4digungen. Die Gro\u00dfpackung mit 500 St\u00fcck eignet sich [&hellip;]<\/p>\n","protected":false},"featured_media":17789,"comment_status":"open","ping_status":"closed","template":"","meta":{"inline_featured_image":false,"kaliber-boreblitz":""},"product_brand":[],"product_cat":[16],"product_tag":[359],"kaliber":[398],"waffenart":[425,430,508,423,429],"anwendungsbereich":[413,414],"produktform":[458],"produkt-typ":[445],"class_list":{"0":"post-13762","1":"product","2":"type-product","3":"status-publish","4":"has-post-thumbnail","6":"product_cat-waffenpflege","7":"product_tag-layout-6","8":"kaliber-308-win","9":"waffenart-gewehr","10":"waffenart-repetierer","11":"waffenart-kipplauf","12":"waffenart-langwaffe","13":"waffenart-halbautomat","14":"anwendungsbereich-laufpflege","15":"anwendungsbereich-laufschutz","16":"produktform-zusatzteil","17":"produkt-typ-zubehoer","19":"first","20":"instock","21":"taxable","22":"shipping-taxable","23":"purchasable","24":"product-type-simple"},"_links":{"self":[{"href":"https:\/\/flunatec.com\/en\/wp-json\/wp\/v2\/product\/13762","targetHints":{"allow":["GET"]}}],"collection":[{"href":"https:\/\/flunatec.com\/en\/wp-json\/wp\/v2\/product"}],"about":[{"href":"https:\/\/flunatec.com\/en\/wp-json\/wp\/v2\/types\/product"}],"replies":[{"embeddable":true,"href":"https:\/\/flunatec.com\/en\/wp-json\/wp\/v2\/comments?post=13762"}],"version-history":[{"count":0,"href":"https:\/\/flunatec.com\/en\/wp-json\/wp\/v2\/product\/13762\/revisions"}],"wp:featuredmedia":[{"embeddable":true,"href":"https:\/\/flunatec.com\/en\/wp-json\/wp\/v2\/media\/17789"}],"wp:attachment":[{"href":"https:\/\/flunatec.com\/en\/wp-json\/wp\/v2\/media?parent=13762"}],"wp:term":[{"taxonomy":"product_brand","embeddable":true,"href":"https:\/\/flunatec.com\/en\/wp-json\/wp\/v2\/product_brand?post=13762"},{"taxonomy":"product_cat","embeddable":true,"href":"https:\/\/flunatec.com\/en\/wp-json\/wp\/v2\/product_cat?post=13762"},{"taxonomy":"product_tag","embeddable":true,"href":"https:\/\/flunatec.com\/en\/wp-json\/wp\/v2\/product_tag?post=13762"},{"taxonomy":"kaliber","embeddable":true,"href":"https:\/\/flunatec.com\/en\/wp-json\/wp\/v2\/kaliber?post=13762"},{"taxonomy":"waffenart","embeddable":true,"href":"https:\/\/flunatec.com\/en\/wp-json\/wp\/v2\/waffenart?post=13762"},{"taxonomy":"anwendungsbereich","embeddable":true,"href":"https:\/\/flunatec.com\/en\/wp-json\/wp\/v2\/anwendungsbereich?post=13762"},{"taxonomy":"produktform","embeddable":true,"href":"https:\/\/flunatec.com\/en\/wp-json\/wp\/v2\/produktform?post=13762"},{"taxonomy":"produkt-typ","embeddable":true,"href":"https:\/\/flunatec.com\/en\/wp-json\/wp\/v2\/produkt-typ?post=13762"}],"curies":[{"name":"wp","href":"https:\/\/api.w.org\/{rel}","templated":true}]}}