{"id":13758,"date":"2025-03-31T17:07:05","date_gmt":"2025-03-31T15:07:05","guid":{"rendered":"https:\/\/flunatec.com\/?post_type=product&#038;p=13758"},"modified":"2025-12-22T12:09:26","modified_gmt":"2025-12-22T11:09:26","slug":"filz-laufreiniger-45-114mm","status":"publish","type":"product","link":"https:\/\/flunatec.com\/en\/filz-laufreiniger-45-114mm\/","title":{"rendered":"Filz-Laufreiniger &#8211; Intensive Reinigung 100 St\u00fcck .45 \/ 11,4mm"},"content":{"rendered":"<p>Diese Filz-Laufreiniger im Kaliber .45 \/ 11,4 mm wurden f\u00fcr die besonders gr\u00fcndliche Reinigung gro\u00dfkalibriger Kurzwaffen entwickelt. Der stark verdichtete Filz sorgt f\u00fcr erh\u00f6hten Druck im Lauf und entfernt selbst hartn\u00e4ckige Ablagerungen wie Pulverreste, \u00d6lkohle oder Metallr\u00fcckst\u00e4nde effektiv. Die exakte Kaliberpassung gew\u00e4hrleistet gleichm\u00e4\u00dfigen Laufkontakt, ohne die Oberfl\u00e4che zu besch\u00e4digen. Perfekt geeignet f\u00fcr Revolver, Pistolen oder Karabiner im Kaliber .45 \u2013 ideal nach intensiver Nutzung oder vor l\u00e4ngerer Lagerung.<\/p>\n","protected":false},"excerpt":{"rendered":"<p>Diese Filz-Laufreiniger im Kaliber .45 \/ 11,4 mm wurden f\u00fcr die besonders gr\u00fcndliche Reinigung gro\u00dfkalibriger Kurzwaffen entwickelt. Der stark verdichtete Filz sorgt f\u00fcr erh\u00f6hten Druck im Lauf und entfernt selbst hartn\u00e4ckige Ablagerungen wie Pulverreste, \u00d6lkohle oder Metallr\u00fcckst\u00e4nde effektiv. Die exakte Kaliberpassung gew\u00e4hrleistet gleichm\u00e4\u00dfigen Laufkontakt, ohne die Oberfl\u00e4che zu besch\u00e4digen. Perfekt geeignet f\u00fcr Revolver, Pistolen oder [&hellip;]<\/p>\n","protected":false},"featured_media":17895,"comment_status":"open","ping_status":"closed","template":"","meta":{"inline_featured_image":false,"kaliber-boreblitz":""},"product_brand":[367],"product_cat":[339],"product_tag":[359],"kaliber":[391,461,510],"waffenart":[425,423,426,427,428,429,422],"anwendungsbereich":[409,413,414],"produktform":[458],"produkt-typ":[445],"class_list":{"0":"post-13758","1":"product","2":"type-product","3":"status-publish","4":"has-post-thumbnail","6":"product_brand-niebling","7":"product_cat-patches-filze","8":"product_tag-layout-6","9":"kaliber-45-acp","10":"kaliber-45-colt","11":"kaliber-45-70-gov","12":"waffenart-gewehr","13":"waffenart-langwaffe","14":"waffenart-pistole","15":"waffenart-revolver","16":"waffenart-faustfeuerwaffe","17":"waffenart-halbautomat","18":"waffenart-kurzwaffe","19":"anwendungsbereich-reinigung","20":"anwendungsbereich-laufpflege","21":"anwendungsbereich-laufschutz","22":"produktform-zusatzteil","23":"produkt-typ-zubehoer","25":"first","26":"instock","27":"taxable","28":"shipping-taxable","29":"purchasable","30":"product-type-simple"},"_links":{"self":[{"href":"https:\/\/flunatec.com\/en\/wp-json\/wp\/v2\/product\/13758","targetHints":{"allow":["GET"]}}],"collection":[{"href":"https:\/\/flunatec.com\/en\/wp-json\/wp\/v2\/product"}],"about":[{"href":"https:\/\/flunatec.com\/en\/wp-json\/wp\/v2\/types\/product"}],"replies":[{"embeddable":true,"href":"https:\/\/flunatec.com\/en\/wp-json\/wp\/v2\/comments?post=13758"}],"version-history":[{"count":0,"href":"https:\/\/flunatec.com\/en\/wp-json\/wp\/v2\/product\/13758\/revisions"}],"wp:featuredmedia":[{"embeddable":true,"href":"https:\/\/flunatec.com\/en\/wp-json\/wp\/v2\/media\/17895"}],"wp:attachment":[{"href":"https:\/\/flunatec.com\/en\/wp-json\/wp\/v2\/media?parent=13758"}],"wp:term":[{"taxonomy":"product_brand","embeddable":true,"href":"https:\/\/flunatec.com\/en\/wp-json\/wp\/v2\/product_brand?post=13758"},{"taxonomy":"product_cat","embeddable":true,"href":"https:\/\/flunatec.com\/en\/wp-json\/wp\/v2\/product_cat?post=13758"},{"taxonomy":"product_tag","embeddable":true,"href":"https:\/\/flunatec.com\/en\/wp-json\/wp\/v2\/product_tag?post=13758"},{"taxonomy":"kaliber","embeddable":true,"href":"https:\/\/flunatec.com\/en\/wp-json\/wp\/v2\/kaliber?post=13758"},{"taxonomy":"waffenart","embeddable":true,"href":"https:\/\/flunatec.com\/en\/wp-json\/wp\/v2\/waffenart?post=13758"},{"taxonomy":"anwendungsbereich","embeddable":true,"href":"https:\/\/flunatec.com\/en\/wp-json\/wp\/v2\/anwendungsbereich?post=13758"},{"taxonomy":"produktform","embeddable":true,"href":"https:\/\/flunatec.com\/en\/wp-json\/wp\/v2\/produktform?post=13758"},{"taxonomy":"produkt-typ","embeddable":true,"href":"https:\/\/flunatec.com\/en\/wp-json\/wp\/v2\/produkt-typ?post=13758"}],"curies":[{"name":"wp","href":"https:\/\/api.w.org\/{rel}","templated":true}]}}