{"id":13754,"date":"2025-03-31T16:50:12","date_gmt":"2025-03-31T14:50:12","guid":{"rendered":"https:\/\/flunatec.com\/?post_type=product&#038;p=13754"},"modified":"2025-12-22T12:12:06","modified_gmt":"2025-12-22T11:12:06","slug":"filz-intensive-reinigung-40-103mm","status":"publish","type":"product","link":"https:\/\/flunatec.com\/en\/filz-intensive-reinigung-40-103mm\/","title":{"rendered":"Filz-Laufreiniger &#8211; Intensive Reinigung 100 St\u00fcck .40 \/ 10,3mm"},"content":{"rendered":"\t\t<div data-elementor-type=\"product-post\" data-elementor-id=\"13754\" class=\"elementor elementor-13754\" data-elementor-post-type=\"product\">\n\t\t\t\t<div role=\"region\" aria-labelledby=\"e-n-accordion-item-1690\" class=\"elementor-element elementor-element-346b0310 e-flex e-con-boxed e-con e-parent\" data-id=\"346b0310\" data-element_type=\"container\" data-e-type=\"container\">\n\t\t\t\t\t<div class=\"e-con-inner\">\n\t\t\t\t<div class=\"elementor-element elementor-element-5591c85b elementor-widget elementor-widget-text-editor\" data-id=\"5591c85b\" data-element_type=\"widget\" data-e-type=\"widget\" data-widget_type=\"text-editor.default\">\n\t\t\t\t<div class=\"elementor-widget-container\">\n\t\t\t\t\t\t\t\t\tDie Filz-Laufreiniger im Kaliber .40 \/ 10,3 mm wurden f\u00fcr intensive Reinigungsarbeiten bei stark beanspruchten Kurzwaffen konzipiert. Der extra verdichtete Filz bietet erh\u00f6hten Widerstand im Lauf und entfernt selbst festsitzende R\u00fcckst\u00e4nde wie Schmauch, Pulver oder \u00d6lkohle gr\u00fcndlich \u2013 ganz ohne die Laufoberfl\u00e4che zu besch\u00e4digen. Durch die pr\u00e4zise Kaliberanpassung reinigen sie gleichm\u00e4\u00dfig und effektiv. Die 100er-Packung eignet sich perfekt f\u00fcr Sportsch\u00fctz:innen, Beh\u00f6rden oder Vielschie\u00dfer:innen, die h\u00f6chste Anspr\u00fcche an Sauberkeit stellen.\t\t\t\t\t\t\t\t<\/div>\n\t\t\t\t<\/div>\n\t\t\t\t\t<\/div>\n\t\t\t\t<\/div>\n\t\t\t\t<\/div>\n\t\t","protected":false},"excerpt":{"rendered":"<p>Die Filz-Laufreiniger im Kaliber .40 \/ 10,3 mm wurden f\u00fcr intensive Reinigungsarbeiten bei stark beanspruchten Kurzwaffen konzipiert. Der extra verdichtete Filz bietet erh\u00f6hten Widerstand im Lauf und entfernt selbst festsitzende R\u00fcckst\u00e4nde wie Schmauch, Pulver oder \u00d6lkohle gr\u00fcndlich \u2013 ganz ohne die Laufoberfl\u00e4che zu besch\u00e4digen. Durch die pr\u00e4zise Kaliberanpassung reinigen sie gleichm\u00e4\u00dfig und effektiv. Die 100er-Packung [&hellip;]<\/p>\n","protected":false},"featured_media":17735,"comment_status":"open","ping_status":"closed","template":"","meta":{"inline_featured_image":false,"kaliber-boreblitz":""},"product_brand":[367],"product_cat":[339],"product_tag":[359],"kaliber":[459,494],"waffenart":[425,426,427,428,429,430,422,423],"anwendungsbereich":[409,413,414],"produktform":[458],"produkt-typ":[445],"class_list":{"0":"post-13754","1":"product","2":"type-product","3":"status-publish","4":"has-post-thumbnail","6":"product_brand-niebling","7":"product_cat-patches-filze","8":"product_tag-layout-6","9":"kaliber-44-magnum","10":"kaliber-10-auto","11":"waffenart-gewehr","12":"waffenart-pistole","13":"waffenart-revolver","14":"waffenart-faustfeuerwaffe","15":"waffenart-halbautomat","16":"waffenart-repetierer","17":"waffenart-kurzwaffe","18":"waffenart-langwaffe","19":"anwendungsbereich-reinigung","20":"anwendungsbereich-laufpflege","21":"anwendungsbereich-laufschutz","22":"produktform-zusatzteil","23":"produkt-typ-zubehoer","25":"first","26":"instock","27":"taxable","28":"shipping-taxable","29":"purchasable","30":"product-type-simple"},"_links":{"self":[{"href":"https:\/\/flunatec.com\/en\/wp-json\/wp\/v2\/product\/13754","targetHints":{"allow":["GET"]}}],"collection":[{"href":"https:\/\/flunatec.com\/en\/wp-json\/wp\/v2\/product"}],"about":[{"href":"https:\/\/flunatec.com\/en\/wp-json\/wp\/v2\/types\/product"}],"replies":[{"embeddable":true,"href":"https:\/\/flunatec.com\/en\/wp-json\/wp\/v2\/comments?post=13754"}],"version-history":[{"count":0,"href":"https:\/\/flunatec.com\/en\/wp-json\/wp\/v2\/product\/13754\/revisions"}],"wp:featuredmedia":[{"embeddable":true,"href":"https:\/\/flunatec.com\/en\/wp-json\/wp\/v2\/media\/17735"}],"wp:attachment":[{"href":"https:\/\/flunatec.com\/en\/wp-json\/wp\/v2\/media?parent=13754"}],"wp:term":[{"taxonomy":"product_brand","embeddable":true,"href":"https:\/\/flunatec.com\/en\/wp-json\/wp\/v2\/product_brand?post=13754"},{"taxonomy":"product_cat","embeddable":true,"href":"https:\/\/flunatec.com\/en\/wp-json\/wp\/v2\/product_cat?post=13754"},{"taxonomy":"product_tag","embeddable":true,"href":"https:\/\/flunatec.com\/en\/wp-json\/wp\/v2\/product_tag?post=13754"},{"taxonomy":"kaliber","embeddable":true,"href":"https:\/\/flunatec.com\/en\/wp-json\/wp\/v2\/kaliber?post=13754"},{"taxonomy":"waffenart","embeddable":true,"href":"https:\/\/flunatec.com\/en\/wp-json\/wp\/v2\/waffenart?post=13754"},{"taxonomy":"anwendungsbereich","embeddable":true,"href":"https:\/\/flunatec.com\/en\/wp-json\/wp\/v2\/anwendungsbereich?post=13754"},{"taxonomy":"produktform","embeddable":true,"href":"https:\/\/flunatec.com\/en\/wp-json\/wp\/v2\/produktform?post=13754"},{"taxonomy":"produkt-typ","embeddable":true,"href":"https:\/\/flunatec.com\/en\/wp-json\/wp\/v2\/produkt-typ?post=13754"}],"curies":[{"name":"wp","href":"https:\/\/api.w.org\/{rel}","templated":true}]}}