{"id":13750,"date":"2025-03-31T16:32:46","date_gmt":"2025-03-31T14:32:46","guid":{"rendered":"https:\/\/flunatec.com\/?post_type=product&#038;p=13750"},"modified":"2025-12-22T12:19:12","modified_gmt":"2025-12-22T11:19:12","slug":"filz-laufreiniger-308-762-2","status":"publish","type":"product","link":"https:\/\/flunatec.com\/en\/filz-laufreiniger-308-762-2\/","title":{"rendered":"Filz-Laufreiniger &#8211; Intensive Reinigung 100 St\u00fcck .308 \/ 7,62"},"content":{"rendered":"<p>Die Filz-Laufreiniger im Kaliber .308 \/ 7,62 mm f\u00fcr intensive Reinigung bieten maximale Reinigungsleistung bei erh\u00f6hter Verschmutzung. Der speziell verdichtete Filz sorgt f\u00fcr erh\u00f6hten Anpressdruck im Lauf und entfernt zuverl\u00e4ssig hartn\u00e4ckige R\u00fcckst\u00e4nde wie Pulver, Metallabrieb oder \u00d6lkohle. Dank exakter Kaliberanpassung reinigen die Filze gleichm\u00e4\u00dfig \u00fcber die gesamte Laufwand \u2013 ideal nach intensiven Schie\u00dfeinheiten oder l\u00e4ngerer Nichtbenutzung. Die 100er-Packung ist perfekt f\u00fcr anspruchsvolle Sch\u00fctz:innen, die kompromisslose Sauberkeit verlangen.<\/p>\n","protected":false},"excerpt":{"rendered":"<p>Die Filz-Laufreiniger im Kaliber .308 \/ 7,62 mm f\u00fcr intensive Reinigung bieten maximale Reinigungsleistung bei erh\u00f6hter Verschmutzung. Der speziell verdichtete Filz sorgt f\u00fcr erh\u00f6hten Anpressdruck im Lauf und entfernt zuverl\u00e4ssig hartn\u00e4ckige R\u00fcckst\u00e4nde wie Pulver, Metallabrieb oder \u00d6lkohle. Dank exakter Kaliberanpassung reinigen die Filze gleichm\u00e4\u00dfig \u00fcber die gesamte Laufwand \u2013 ideal nach intensiven Schie\u00dfeinheiten oder l\u00e4ngerer [&hellip;]<\/p>\n","protected":false},"featured_media":17540,"comment_status":"open","ping_status":"closed","template":"","meta":{"inline_featured_image":false,"kaliber-boreblitz":""},"product_brand":[],"product_cat":[],"product_tag":[359],"kaliber":[398,476,399,401,403],"waffenart":[425,429,430,508,423],"anwendungsbereich":[409],"produktform":[458],"produkt-typ":[445],"class_list":{"0":"post-13750","1":"product","2":"type-product","3":"status-publish","4":"has-post-thumbnail","6":"product_tag-layout-6","7":"kaliber-308-win","8":"kaliber-7-62x54r","9":"kaliber-30-06","10":"kaliber-7-62x39","11":"kaliber-300-win-mag","12":"waffenart-gewehr","13":"waffenart-halbautomat","14":"waffenart-repetierer","15":"waffenart-kipplauf","16":"waffenart-langwaffe","17":"anwendungsbereich-reinigung","18":"produktform-zusatzteil","19":"produkt-typ-zubehoer","21":"first","22":"instock","23":"taxable","24":"shipping-taxable","25":"purchasable","26":"product-type-simple"},"_links":{"self":[{"href":"https:\/\/flunatec.com\/en\/wp-json\/wp\/v2\/product\/13750","targetHints":{"allow":["GET"]}}],"collection":[{"href":"https:\/\/flunatec.com\/en\/wp-json\/wp\/v2\/product"}],"about":[{"href":"https:\/\/flunatec.com\/en\/wp-json\/wp\/v2\/types\/product"}],"replies":[{"embeddable":true,"href":"https:\/\/flunatec.com\/en\/wp-json\/wp\/v2\/comments?post=13750"}],"version-history":[{"count":0,"href":"https:\/\/flunatec.com\/en\/wp-json\/wp\/v2\/product\/13750\/revisions"}],"wp:featuredmedia":[{"embeddable":true,"href":"https:\/\/flunatec.com\/en\/wp-json\/wp\/v2\/media\/17540"}],"wp:attachment":[{"href":"https:\/\/flunatec.com\/en\/wp-json\/wp\/v2\/media?parent=13750"}],"wp:term":[{"taxonomy":"product_brand","embeddable":true,"href":"https:\/\/flunatec.com\/en\/wp-json\/wp\/v2\/product_brand?post=13750"},{"taxonomy":"product_cat","embeddable":true,"href":"https:\/\/flunatec.com\/en\/wp-json\/wp\/v2\/product_cat?post=13750"},{"taxonomy":"product_tag","embeddable":true,"href":"https:\/\/flunatec.com\/en\/wp-json\/wp\/v2\/product_tag?post=13750"},{"taxonomy":"kaliber","embeddable":true,"href":"https:\/\/flunatec.com\/en\/wp-json\/wp\/v2\/kaliber?post=13750"},{"taxonomy":"waffenart","embeddable":true,"href":"https:\/\/flunatec.com\/en\/wp-json\/wp\/v2\/waffenart?post=13750"},{"taxonomy":"anwendungsbereich","embeddable":true,"href":"https:\/\/flunatec.com\/en\/wp-json\/wp\/v2\/anwendungsbereich?post=13750"},{"taxonomy":"produktform","embeddable":true,"href":"https:\/\/flunatec.com\/en\/wp-json\/wp\/v2\/produktform?post=13750"},{"taxonomy":"produkt-typ","embeddable":true,"href":"https:\/\/flunatec.com\/en\/wp-json\/wp\/v2\/produkt-typ?post=13750"}],"curies":[{"name":"wp","href":"https:\/\/api.w.org\/{rel}","templated":true}]}}