{"id":13746,"date":"2025-03-31T16:16:34","date_gmt":"2025-03-31T14:16:34","guid":{"rendered":"https:\/\/flunatec.com\/?post_type=product&#038;p=13746"},"modified":"2025-10-06T22:17:02","modified_gmt":"2025-10-06T20:17:02","slug":"oelbuersten-375-46-95mm-116mm","status":"publish","type":"product","link":"https:\/\/flunatec.com\/en\/oelbuersten-375-46-95mm-116mm\/","title":{"rendered":"\u00d6lb\u00fcrsten .375 &#8211; .46\/ 9,5mm &#8211; 11,6mm"},"content":{"rendered":"<p>Die \u00d6lb\u00fcrste im Kaliberbereich .375\u2013.46 (9,5 mm \u2013 11,6 mm) ist speziell f\u00fcr die schonende Nachpflege von gro\u00dfkalibrigen Waffen ausgelegt. Sie verteilt Waffen\u00f6l oder Konservierungsmittel gleichm\u00e4\u00dfig im Laufinneren, ohne die Oberfl\u00e4che zu besch\u00e4digen. Das weiche B\u00fcrstenmaterial sch\u00fctzt empfindliche Laufstrukturen und eignet sich ideal zur Anwendung nach der Reinigung \u2013 z.\u202fB. zur Versiegelung gegen Korrosion. Perfekt f\u00fcr J\u00e4ger:innen, Sammler:innen oder Sportsch\u00fctz:innen mit gro\u00dfkalibriger Ausr\u00fcstung.<\/p>\n","protected":false},"excerpt":{"rendered":"<p>Die \u00d6lb\u00fcrste im Kaliberbereich .375\u2013.46 (9,5 mm \u2013 11,6 mm) ist speziell f\u00fcr die schonende Nachpflege von gro\u00dfkalibrigen Waffen ausgelegt. Sie verteilt Waffen\u00f6l oder Konservierungsmittel gleichm\u00e4\u00dfig im Laufinneren, ohne die Oberfl\u00e4che zu besch\u00e4digen. Das weiche B\u00fcrstenmaterial sch\u00fctzt empfindliche Laufstrukturen und eignet sich ideal zur Anwendung nach der Reinigung \u2013 z.\u202fB. zur Versiegelung gegen Korrosion. Perfekt [&hellip;]<\/p>\n","protected":false},"featured_media":17350,"comment_status":"open","ping_status":"closed","template":"","meta":{"inline_featured_image":false,"kaliber-boreblitz":""},"product_brand":[],"product_cat":[16],"product_tag":[359],"kaliber":[472,462,466,468,469,391,494,392,407,510,459,461],"waffenart":[428,423,424,425,426,427,429,508,430,422],"anwendungsbereich":[413,414,815],"produktform":[509],"produkt-typ":[443],"class_list":{"0":"post-13746","1":"product","2":"type-product","3":"status-publish","4":"has-post-thumbnail","6":"product_cat-waffenpflege","7":"product_tag-layout-6","8":"kaliber-375-hh","9":"kaliber-410-bore-36-gauge","10":"kaliber-416-rigby","11":"kaliber-450-rigby","12":"kaliber-458-winchester-magnum","13":"kaliber-45-acp","14":"kaliber-10-auto","15":"kaliber-40-sw","16":"kaliber-407","17":"kaliber-45-70-gov","18":"kaliber-44-magnum","19":"kaliber-45-colt","20":"waffenart-faustfeuerwaffe","21":"waffenart-langwaffe","22":"waffenart-flinte","23":"waffenart-gewehr","24":"waffenart-pistole","25":"waffenart-revolver","26":"waffenart-halbautomat","27":"waffenart-kipplauf","28":"waffenart-repetierer","29":"waffenart-kurzwaffe","30":"anwendungsbereich-laufpflege","31":"anwendungsbereich-laufschutz","32":"anwendungsbereich-laufreinigung","33":"produktform-buerste","34":"produkt-typ-buersten","36":"first","37":"instock","38":"taxable","39":"shipping-taxable","40":"purchasable","41":"product-type-simple"},"_links":{"self":[{"href":"https:\/\/flunatec.com\/en\/wp-json\/wp\/v2\/product\/13746","targetHints":{"allow":["GET"]}}],"collection":[{"href":"https:\/\/flunatec.com\/en\/wp-json\/wp\/v2\/product"}],"about":[{"href":"https:\/\/flunatec.com\/en\/wp-json\/wp\/v2\/types\/product"}],"replies":[{"embeddable":true,"href":"https:\/\/flunatec.com\/en\/wp-json\/wp\/v2\/comments?post=13746"}],"version-history":[{"count":0,"href":"https:\/\/flunatec.com\/en\/wp-json\/wp\/v2\/product\/13746\/revisions"}],"wp:featuredmedia":[{"embeddable":true,"href":"https:\/\/flunatec.com\/en\/wp-json\/wp\/v2\/media\/17350"}],"wp:attachment":[{"href":"https:\/\/flunatec.com\/en\/wp-json\/wp\/v2\/media?parent=13746"}],"wp:term":[{"taxonomy":"product_brand","embeddable":true,"href":"https:\/\/flunatec.com\/en\/wp-json\/wp\/v2\/product_brand?post=13746"},{"taxonomy":"product_cat","embeddable":true,"href":"https:\/\/flunatec.com\/en\/wp-json\/wp\/v2\/product_cat?post=13746"},{"taxonomy":"product_tag","embeddable":true,"href":"https:\/\/flunatec.com\/en\/wp-json\/wp\/v2\/product_tag?post=13746"},{"taxonomy":"kaliber","embeddable":true,"href":"https:\/\/flunatec.com\/en\/wp-json\/wp\/v2\/kaliber?post=13746"},{"taxonomy":"waffenart","embeddable":true,"href":"https:\/\/flunatec.com\/en\/wp-json\/wp\/v2\/waffenart?post=13746"},{"taxonomy":"anwendungsbereich","embeddable":true,"href":"https:\/\/flunatec.com\/en\/wp-json\/wp\/v2\/anwendungsbereich?post=13746"},{"taxonomy":"produktform","embeddable":true,"href":"https:\/\/flunatec.com\/en\/wp-json\/wp\/v2\/produktform?post=13746"},{"taxonomy":"produkt-typ","embeddable":true,"href":"https:\/\/flunatec.com\/en\/wp-json\/wp\/v2\/produkt-typ?post=13746"}],"curies":[{"name":"wp","href":"https:\/\/api.w.org\/{rel}","templated":true}]}}