{"id":13741,"date":"2025-03-31T16:02:26","date_gmt":"2025-03-31T14:02:26","guid":{"rendered":"https:\/\/flunatec.com\/?post_type=product&#038;p=13741"},"modified":"2025-10-22T07:21:37","modified_gmt":"2025-10-22T05:21:37","slug":"oelbuerste-22-26-556mm-65mm","status":"publish","type":"product","link":"https:\/\/flunatec.com\/en\/oelbuerste-22-26-556mm-65mm\/","title":{"rendered":"\u00d6lb\u00fcrsten .22-.26 \/ 5,56mm-6,5mm"},"content":{"rendered":"<p>Die \u00d6lb\u00fcrste im Kaliberbereich .22\u2013.26 (5,56 mm \u2013 6,5 mm) ist ideal f\u00fcr die gleichm\u00e4\u00dfige Verteilung von Waffen\u00f6l oder Reinigungsmitteln im Laufinneren. Hergestellt aus weichem, dichten Material, sorgt sie f\u00fcr eine schonende Benetzung des Laufes nach der Reinigung oder zur Konservierung. Im Gegensatz zu herk\u00f6mmlichen Reinigungsb\u00fcrsten hinterl\u00e4sst sie keine Kratzer und eignet sich besonders f\u00fcr empfindliche L\u00e4ufe von Jagd- und Sportwaffen. Ein unverzichtbares Werkzeug f\u00fcr die gr\u00fcndliche Waffenpflege.<\/p>\n","protected":false},"excerpt":{"rendered":"<p>Die \u00d6lb\u00fcrste im Kaliberbereich .22\u2013.26 (5,56 mm \u2013 6,5 mm) ist ideal f\u00fcr die gleichm\u00e4\u00dfige Verteilung von Waffen\u00f6l oder Reinigungsmitteln im Laufinneren. Hergestellt aus weichem, dichten Material, sorgt sie f\u00fcr eine schonende Benetzung des Laufes nach der Reinigung oder zur Konservierung. Im Gegensatz zu herk\u00f6mmlichen Reinigungsb\u00fcrsten hinterl\u00e4sst sie keine Kratzer und eignet sich besonders f\u00fcr [&hellip;]<\/p>\n","protected":false},"featured_media":17356,"comment_status":"open","ping_status":"closed","template":"","meta":{"inline_featured_image":false,"kaliber-boreblitz":""},"product_brand":[],"product_cat":[16],"product_tag":[359],"kaliber":[395,800,397,483,486,514],"waffenart":[425,427,428,429,430,422,423,426],"anwendungsbereich":[448],"produktform":[458,509],"produkt-typ":[443],"class_list":{"0":"post-13741","1":"product","2":"type-product","3":"status-publish","4":"has-post-thumbnail","6":"product_cat-waffenpflege","7":"product_tag-layout-6","8":"kaliber-22-l-r","9":"kaliber-56-50","10":"kaliber-223-rem","11":"kaliber-222-rem","12":"kaliber-22-win","13":"kaliber-56x45-mm-nato","14":"waffenart-gewehr","15":"waffenart-revolver","16":"waffenart-faustfeuerwaffe","17":"waffenart-halbautomat","18":"waffenart-repetierer","19":"waffenart-kurzwaffe","20":"waffenart-langwaffe","21":"waffenart-pistole","22":"anwendungsbereich-lauf","23":"produktform-zusatzteil","24":"produktform-buerste","25":"produkt-typ-buersten","27":"first","28":"instock","29":"taxable","30":"shipping-taxable","31":"purchasable","32":"product-type-simple"},"_links":{"self":[{"href":"https:\/\/flunatec.com\/en\/wp-json\/wp\/v2\/product\/13741","targetHints":{"allow":["GET"]}}],"collection":[{"href":"https:\/\/flunatec.com\/en\/wp-json\/wp\/v2\/product"}],"about":[{"href":"https:\/\/flunatec.com\/en\/wp-json\/wp\/v2\/types\/product"}],"replies":[{"embeddable":true,"href":"https:\/\/flunatec.com\/en\/wp-json\/wp\/v2\/comments?post=13741"}],"version-history":[{"count":0,"href":"https:\/\/flunatec.com\/en\/wp-json\/wp\/v2\/product\/13741\/revisions"}],"wp:featuredmedia":[{"embeddable":true,"href":"https:\/\/flunatec.com\/en\/wp-json\/wp\/v2\/media\/17356"}],"wp:attachment":[{"href":"https:\/\/flunatec.com\/en\/wp-json\/wp\/v2\/media?parent=13741"}],"wp:term":[{"taxonomy":"product_brand","embeddable":true,"href":"https:\/\/flunatec.com\/en\/wp-json\/wp\/v2\/product_brand?post=13741"},{"taxonomy":"product_cat","embeddable":true,"href":"https:\/\/flunatec.com\/en\/wp-json\/wp\/v2\/product_cat?post=13741"},{"taxonomy":"product_tag","embeddable":true,"href":"https:\/\/flunatec.com\/en\/wp-json\/wp\/v2\/product_tag?post=13741"},{"taxonomy":"kaliber","embeddable":true,"href":"https:\/\/flunatec.com\/en\/wp-json\/wp\/v2\/kaliber?post=13741"},{"taxonomy":"waffenart","embeddable":true,"href":"https:\/\/flunatec.com\/en\/wp-json\/wp\/v2\/waffenart?post=13741"},{"taxonomy":"anwendungsbereich","embeddable":true,"href":"https:\/\/flunatec.com\/en\/wp-json\/wp\/v2\/anwendungsbereich?post=13741"},{"taxonomy":"produktform","embeddable":true,"href":"https:\/\/flunatec.com\/en\/wp-json\/wp\/v2\/produktform?post=13741"},{"taxonomy":"produkt-typ","embeddable":true,"href":"https:\/\/flunatec.com\/en\/wp-json\/wp\/v2\/produkt-typ?post=13741"}],"curies":[{"name":"wp","href":"https:\/\/api.w.org\/{rel}","templated":true}]}}