{"id":13737,"date":"2025-03-31T15:22:30","date_gmt":"2025-03-31T13:22:30","guid":{"rendered":"https:\/\/flunatec.com\/?post_type=product&#038;p=13737"},"modified":"2025-10-22T09:00:08","modified_gmt":"2025-10-22T07:00:08","slug":"patronenlagerbuerste-22-556mm","status":"publish","type":"product","link":"https:\/\/flunatec.com\/en\/patronenlagerbuerste-22-556mm\/","title":{"rendered":"Patronenlagerb\u00fcrsten .22 \/ 5,56mm \u00f8 10\/22mm &#8211; ohne Anschlagscheibe"},"content":{"rendered":"<p>Diese Patronenlagerb\u00fcrste im Kaliber .22 \/ 5,56 mm (\u00f8 10\/22 mm) ohne Anschlagscheibe ist ideal f\u00fcr die gezielte Reinigung des Patronenlagers \u2013 insbesondere bei AR15-Systemen oder anderen Selbstladern. Die feste Borstenstruktur entfernt zuverl\u00e4ssig hartn\u00e4ckige Ablagerungen wie Pulverr\u00fcckst\u00e4nde und Schmauch aus dem Lagerbereich. Durch den Verzicht auf eine Anschlagscheibe bietet die B\u00fcrste mehr Flexibilit\u00e4t bei der Anwendung, insbesondere in engen oder schwer zug\u00e4nglichen Bereichen.<\/p>\n","protected":false},"excerpt":{"rendered":"<p>Patronenlagerb\u00fcrste f\u00fcr die Reinigung des Patronenlagers, \u00dcbergangskegel und Laufanfang. Passgenauer Kaliber-Durchmesser f\u00fcr optimale, sichere und schnelle Reinigung. In Verbindung mit Fluna Gun Cleaner oder Fluna Bore Pro optimal zur Entfernung von Metallabschmierungen im Patronenlager \/ \u00dcbergangskegel.<\/p>\n","protected":false},"featured_media":17362,"comment_status":"open","ping_status":"closed","template":"","meta":{"inline_featured_image":false,"kaliber-boreblitz":""},"product_brand":[367],"product_cat":[340,16,325,335],"product_tag":[359],"kaliber":[397,483,514,395,800],"waffenart":[429,423,425],"anwendungsbereich":[413,414],"produktform":[509],"produkt-typ":[443],"class_list":{"0":"post-13737","1":"product","2":"type-product","3":"status-publish","4":"has-post-thumbnail","6":"product_brand-niebling","7":"product_cat-niebling-buersten","8":"product_cat-waffenpflege","9":"product_cat-waffenpflegetools","10":"product_cat-waffenreinigung","11":"product_tag-layout-6","12":"kaliber-223-rem","13":"kaliber-222-rem","14":"kaliber-56x45-mm-nato","15":"kaliber-22-l-r","16":"kaliber-56-50","17":"waffenart-halbautomat","18":"waffenart-langwaffe","19":"waffenart-gewehr","20":"anwendungsbereich-laufpflege","21":"anwendungsbereich-laufschutz","22":"produktform-buerste","23":"produkt-typ-buersten","25":"first","26":"instock","27":"taxable","28":"shipping-taxable","29":"purchasable","30":"product-type-simple"},"_links":{"self":[{"href":"https:\/\/flunatec.com\/en\/wp-json\/wp\/v2\/product\/13737","targetHints":{"allow":["GET"]}}],"collection":[{"href":"https:\/\/flunatec.com\/en\/wp-json\/wp\/v2\/product"}],"about":[{"href":"https:\/\/flunatec.com\/en\/wp-json\/wp\/v2\/types\/product"}],"replies":[{"embeddable":true,"href":"https:\/\/flunatec.com\/en\/wp-json\/wp\/v2\/comments?post=13737"}],"version-history":[{"count":0,"href":"https:\/\/flunatec.com\/en\/wp-json\/wp\/v2\/product\/13737\/revisions"}],"wp:featuredmedia":[{"embeddable":true,"href":"https:\/\/flunatec.com\/en\/wp-json\/wp\/v2\/media\/17362"}],"wp:attachment":[{"href":"https:\/\/flunatec.com\/en\/wp-json\/wp\/v2\/media?parent=13737"}],"wp:term":[{"taxonomy":"product_brand","embeddable":true,"href":"https:\/\/flunatec.com\/en\/wp-json\/wp\/v2\/product_brand?post=13737"},{"taxonomy":"product_cat","embeddable":true,"href":"https:\/\/flunatec.com\/en\/wp-json\/wp\/v2\/product_cat?post=13737"},{"taxonomy":"product_tag","embeddable":true,"href":"https:\/\/flunatec.com\/en\/wp-json\/wp\/v2\/product_tag?post=13737"},{"taxonomy":"kaliber","embeddable":true,"href":"https:\/\/flunatec.com\/en\/wp-json\/wp\/v2\/kaliber?post=13737"},{"taxonomy":"waffenart","embeddable":true,"href":"https:\/\/flunatec.com\/en\/wp-json\/wp\/v2\/waffenart?post=13737"},{"taxonomy":"anwendungsbereich","embeddable":true,"href":"https:\/\/flunatec.com\/en\/wp-json\/wp\/v2\/anwendungsbereich?post=13737"},{"taxonomy":"produktform","embeddable":true,"href":"https:\/\/flunatec.com\/en\/wp-json\/wp\/v2\/produktform?post=13737"},{"taxonomy":"produkt-typ","embeddable":true,"href":"https:\/\/flunatec.com\/en\/wp-json\/wp\/v2\/produkt-typ?post=13737"}],"curies":[{"name":"wp","href":"https:\/\/api.w.org\/{rel}","templated":true}]}}