{"id":13735,"date":"2025-03-31T15:15:58","date_gmt":"2025-03-31T13:15:58","guid":{"rendered":"https:\/\/flunatec.com\/?post_type=product&#038;p=13735"},"modified":"2025-10-22T09:25:18","modified_gmt":"2025-10-22T07:25:18","slug":"patronenlagerbuersten-22-556mm","status":"publish","type":"product","link":"https:\/\/flunatec.com\/en\/patronenlagerbuersten-22-556mm\/","title":{"rendered":"Patronenlagerb\u00fcrsten .22 \/ 5,56mm \u00f8 10\/22mm Besatz Bronze"},"content":{"rendered":"<p>Diese Patronenlagerb\u00fcrste im Kaliber .22 \/ 5,56 mm mit einem Durchmesser von 10\/22 mm wurde speziell f\u00fcr die gr\u00fcndliche Reinigung des Patronenlagers entwickelt \u2013 dem sensiblen Bereich, in dem sich R\u00fcckst\u00e4nde besonders hartn\u00e4ckig festsetzen. Die robuste Borstenstruktur entfernt zuverl\u00e4ssig Pulverreste, \u00d6lablagerungen und Schmutz aus dem Lager, ohne das Material zu besch\u00e4digen. Ideal f\u00fcr alle, die auf Funktionssicherheit und Langlebigkeit ihrer Waffe setzen \u2013 ob beim Sportschie\u00dfen oder im jagdlichen Einsatz.<\/p>\n","protected":false},"excerpt":{"rendered":"<p>Patronenlagerb\u00fcrste f\u00fcr die Reinigung des Patronenlagers, \u00dcbergangskegel und Laufanfang. Passgenauer Kaliber-Durchmesser f\u00fcr optimale, sichere und schnelle Reinigung. In Verbindung mit Fluna Gun Cleaner oder Fluna Bore Pro optimal zur Entfernung von Metallabschmierungen im Patronenlager \/ \u00dcbergangskegel.<\/p>\n","protected":false},"featured_media":17367,"comment_status":"open","ping_status":"closed","template":"","meta":{"inline_featured_image":false,"kaliber-boreblitz":""},"product_brand":[367],"product_cat":[340,16,325,335,378],"product_tag":[359],"kaliber":[483,397,514,800,395],"waffenart":[425,508,423,429,430],"anwendungsbereich":[413,409,414,448],"produktform":[509],"produkt-typ":[443],"class_list":{"0":"post-13735","1":"product","2":"type-product","3":"status-publish","4":"has-post-thumbnail","6":"product_brand-niebling","7":"product_cat-niebling-buersten","8":"product_cat-waffenpflege","9":"product_cat-waffenpflegetools","10":"product_cat-waffenreinigung","11":"product_cat-reinigungstools","12":"product_tag-layout-6","13":"kaliber-222-rem","14":"kaliber-223-rem","15":"kaliber-56x45-mm-nato","16":"kaliber-56-50","17":"kaliber-22-l-r","18":"waffenart-gewehr","19":"waffenart-kipplauf","20":"waffenart-langwaffe","21":"waffenart-halbautomat","22":"waffenart-repetierer","23":"anwendungsbereich-laufpflege","24":"anwendungsbereich-reinigung","25":"anwendungsbereich-laufschutz","26":"anwendungsbereich-lauf","27":"produktform-buerste","28":"produkt-typ-buersten","30":"first","31":"instock","32":"taxable","33":"shipping-taxable","34":"purchasable","35":"product-type-simple"},"_links":{"self":[{"href":"https:\/\/flunatec.com\/en\/wp-json\/wp\/v2\/product\/13735","targetHints":{"allow":["GET"]}}],"collection":[{"href":"https:\/\/flunatec.com\/en\/wp-json\/wp\/v2\/product"}],"about":[{"href":"https:\/\/flunatec.com\/en\/wp-json\/wp\/v2\/types\/product"}],"replies":[{"embeddable":true,"href":"https:\/\/flunatec.com\/en\/wp-json\/wp\/v2\/comments?post=13735"}],"version-history":[{"count":0,"href":"https:\/\/flunatec.com\/en\/wp-json\/wp\/v2\/product\/13735\/revisions"}],"wp:featuredmedia":[{"embeddable":true,"href":"https:\/\/flunatec.com\/en\/wp-json\/wp\/v2\/media\/17367"}],"wp:attachment":[{"href":"https:\/\/flunatec.com\/en\/wp-json\/wp\/v2\/media?parent=13735"}],"wp:term":[{"taxonomy":"product_brand","embeddable":true,"href":"https:\/\/flunatec.com\/en\/wp-json\/wp\/v2\/product_brand?post=13735"},{"taxonomy":"product_cat","embeddable":true,"href":"https:\/\/flunatec.com\/en\/wp-json\/wp\/v2\/product_cat?post=13735"},{"taxonomy":"product_tag","embeddable":true,"href":"https:\/\/flunatec.com\/en\/wp-json\/wp\/v2\/product_tag?post=13735"},{"taxonomy":"kaliber","embeddable":true,"href":"https:\/\/flunatec.com\/en\/wp-json\/wp\/v2\/kaliber?post=13735"},{"taxonomy":"waffenart","embeddable":true,"href":"https:\/\/flunatec.com\/en\/wp-json\/wp\/v2\/waffenart?post=13735"},{"taxonomy":"anwendungsbereich","embeddable":true,"href":"https:\/\/flunatec.com\/en\/wp-json\/wp\/v2\/anwendungsbereich?post=13735"},{"taxonomy":"produktform","embeddable":true,"href":"https:\/\/flunatec.com\/en\/wp-json\/wp\/v2\/produktform?post=13735"},{"taxonomy":"produkt-typ","embeddable":true,"href":"https:\/\/flunatec.com\/en\/wp-json\/wp\/v2\/produkt-typ?post=13735"}],"curies":[{"name":"wp","href":"https:\/\/api.w.org\/{rel}","templated":true}]}}