{"id":13732,"date":"2025-03-31T14:40:21","date_gmt":"2025-03-31T12:40:21","guid":{"rendered":"https:\/\/flunatec.com\/?post_type=product&#038;p=13732"},"modified":"2025-12-22T12:22:12","modified_gmt":"2025-12-22T11:22:12","slug":"reinigungsfilze-reinigung-50-127","status":"publish","type":"product","link":"https:\/\/flunatec.com\/en\/reinigungsfilze-reinigung-50-127\/","title":{"rendered":"Reinigungsfilze &#8211; Normale Reinigung 500 St\u00fcck .50 \/ 12,7mm"},"content":{"rendered":"<p>Diese Reinigungsfilze im Kaliber .50 \/ 12,7 mm wurden speziell f\u00fcr die gr\u00fcndliche Pflege von extrem gro\u00dfkalibrigen Waffen wie B\u00fcchsen, Revolvern oder Sonderkalibern entwickelt. Das robuste, saugf\u00e4hige Filzmaterial entfernt zuverl\u00e4ssig R\u00fcckst\u00e4nde wie Pulver, Schmauch und \u00d6l \u2013 ohne das Laufinnere zu besch\u00e4digen. Durch die exakte Kaliberanpassung erzielen die Filze gleichm\u00e4\u00dfigen Laufkontakt und maximale Reinigungswirkung. Die 500er-Packung ist ideal f\u00fcr Vielschie\u00dfer:innen, Werkst\u00e4tten und Vereine mit hohen Reinigungsanforderungen.<\/p>\n","protected":false},"excerpt":{"rendered":"<p>Diese Reinigungsfilze im Kaliber .50 \/ 12,7 mm wurden speziell f\u00fcr die gr\u00fcndliche Pflege von extrem gro\u00dfkalibrigen Waffen wie B\u00fcchsen, Revolvern oder Sonderkalibern entwickelt. Das robuste, saugf\u00e4hige Filzmaterial entfernt zuverl\u00e4ssig R\u00fcckst\u00e4nde wie Pulver, Schmauch und \u00d6l \u2013 ohne das Laufinnere zu besch\u00e4digen. Durch die exakte Kaliberanpassung erzielen die Filze gleichm\u00e4\u00dfigen Laufkontakt und maximale Reinigungswirkung. Die [&hellip;]<\/p>\n","protected":false},"featured_media":17739,"comment_status":"open","ping_status":"closed","template":"","meta":{"inline_featured_image":false,"kaliber-boreblitz":""},"product_brand":[],"product_cat":[16],"product_tag":[359],"kaliber":[465],"waffenart":[423,425,430],"anwendungsbereich":[448,409,413,414],"produktform":[458],"produkt-typ":[445],"class_list":{"0":"post-13732","1":"product","2":"type-product","3":"status-publish","4":"has-post-thumbnail","6":"product_cat-waffenpflege","7":"product_tag-layout-6","8":"kaliber-50-bmg","9":"waffenart-langwaffe","10":"waffenart-gewehr","11":"waffenart-repetierer","12":"anwendungsbereich-lauf","13":"anwendungsbereich-reinigung","14":"anwendungsbereich-laufpflege","15":"anwendungsbereich-laufschutz","16":"produktform-zusatzteil","17":"produkt-typ-zubehoer","19":"first","20":"instock","21":"taxable","22":"shipping-taxable","23":"purchasable","24":"product-type-simple"},"_links":{"self":[{"href":"https:\/\/flunatec.com\/en\/wp-json\/wp\/v2\/product\/13732","targetHints":{"allow":["GET"]}}],"collection":[{"href":"https:\/\/flunatec.com\/en\/wp-json\/wp\/v2\/product"}],"about":[{"href":"https:\/\/flunatec.com\/en\/wp-json\/wp\/v2\/types\/product"}],"replies":[{"embeddable":true,"href":"https:\/\/flunatec.com\/en\/wp-json\/wp\/v2\/comments?post=13732"}],"version-history":[{"count":0,"href":"https:\/\/flunatec.com\/en\/wp-json\/wp\/v2\/product\/13732\/revisions"}],"wp:featuredmedia":[{"embeddable":true,"href":"https:\/\/flunatec.com\/en\/wp-json\/wp\/v2\/media\/17739"}],"wp:attachment":[{"href":"https:\/\/flunatec.com\/en\/wp-json\/wp\/v2\/media?parent=13732"}],"wp:term":[{"taxonomy":"product_brand","embeddable":true,"href":"https:\/\/flunatec.com\/en\/wp-json\/wp\/v2\/product_brand?post=13732"},{"taxonomy":"product_cat","embeddable":true,"href":"https:\/\/flunatec.com\/en\/wp-json\/wp\/v2\/product_cat?post=13732"},{"taxonomy":"product_tag","embeddable":true,"href":"https:\/\/flunatec.com\/en\/wp-json\/wp\/v2\/product_tag?post=13732"},{"taxonomy":"kaliber","embeddable":true,"href":"https:\/\/flunatec.com\/en\/wp-json\/wp\/v2\/kaliber?post=13732"},{"taxonomy":"waffenart","embeddable":true,"href":"https:\/\/flunatec.com\/en\/wp-json\/wp\/v2\/waffenart?post=13732"},{"taxonomy":"anwendungsbereich","embeddable":true,"href":"https:\/\/flunatec.com\/en\/wp-json\/wp\/v2\/anwendungsbereich?post=13732"},{"taxonomy":"produktform","embeddable":true,"href":"https:\/\/flunatec.com\/en\/wp-json\/wp\/v2\/produktform?post=13732"},{"taxonomy":"produkt-typ","embeddable":true,"href":"https:\/\/flunatec.com\/en\/wp-json\/wp\/v2\/produkt-typ?post=13732"}],"curies":[{"name":"wp","href":"https:\/\/api.w.org\/{rel}","templated":true}]}}