{"id":13730,"date":"2025-03-31T14:35:07","date_gmt":"2025-03-31T12:35:07","guid":{"rendered":"https:\/\/flunatec.com\/?post_type=product&#038;p=13730"},"modified":"2025-12-22T21:17:04","modified_gmt":"2025-12-22T20:17:04","slug":"reinigungsfilze-reinigung-45-114","status":"publish","type":"product","link":"https:\/\/flunatec.com\/en\/reinigungsfilze-reinigung-45-114\/","title":{"rendered":"Reinigungsfilze &#8211; Normale Reinigung 500 St\u00fcck .45 \/ 11,4mm"},"content":{"rendered":"<p>Diese Reinigungsfilze im Kaliber .45 \/ 11,4 mm wurden speziell f\u00fcr die laufschonende Pflege gro\u00dfkalibriger Kurzwaffen entwickelt. Das dichte, saugf\u00e4hige Filzmaterial entfernt zuverl\u00e4ssig Schmutz, Pulverr\u00fcckst\u00e4nde und \u00d6lr\u00fcckst\u00e4nde aus dem Lauf \u2013 ganz ohne Kratzer oder Besch\u00e4digungen. Durch die exakte Kaliberpassung reinigen die Filze gleichm\u00e4\u00dfig und effektiv. Die 500er-Gro\u00dfpackung eignet sich ideal f\u00fcr Vielschie\u00dfer:innen, Vereine oder professionelle Anwender:innen mit hohem Reinigungsbedarf.<\/p>\n","protected":false},"excerpt":{"rendered":"<p>Diese Reinigungsfilze im Kaliber .45 \/ 11,4 mm wurden speziell f\u00fcr die laufschonende Pflege gro\u00dfkalibriger Kurzwaffen entwickelt. Das dichte, saugf\u00e4hige Filzmaterial entfernt zuverl\u00e4ssig Schmutz, Pulverr\u00fcckst\u00e4nde und \u00d6lr\u00fcckst\u00e4nde aus dem Lauf \u2013 ganz ohne Kratzer oder Besch\u00e4digungen. Durch die exakte Kaliberpassung reinigen die Filze gleichm\u00e4\u00dfig und effektiv. Die 500er-Gro\u00dfpackung eignet sich ideal f\u00fcr Vielschie\u00dfer:innen, Vereine oder [&hellip;]<\/p>\n","protected":false},"featured_media":17741,"comment_status":"open","ping_status":"closed","template":"","meta":{"inline_featured_image":false,"kaliber-boreblitz":""},"product_brand":[],"product_cat":[16],"product_tag":[359],"kaliber":[391,461],"waffenart":[428,422,426],"anwendungsbereich":[448,409,413,414],"produktform":[458],"produkt-typ":[445],"class_list":{"0":"post-13730","1":"product","2":"type-product","3":"status-publish","4":"has-post-thumbnail","6":"product_cat-waffenpflege","7":"product_tag-layout-6","8":"kaliber-45-acp","9":"kaliber-45-colt","10":"waffenart-faustfeuerwaffe","11":"waffenart-kurzwaffe","12":"waffenart-pistole","13":"anwendungsbereich-lauf","14":"anwendungsbereich-reinigung","15":"anwendungsbereich-laufpflege","16":"anwendungsbereich-laufschutz","17":"produktform-zusatzteil","18":"produkt-typ-zubehoer","20":"first","21":"instock","22":"taxable","23":"shipping-taxable","24":"purchasable","25":"product-type-simple"},"_links":{"self":[{"href":"https:\/\/flunatec.com\/en\/wp-json\/wp\/v2\/product\/13730","targetHints":{"allow":["GET"]}}],"collection":[{"href":"https:\/\/flunatec.com\/en\/wp-json\/wp\/v2\/product"}],"about":[{"href":"https:\/\/flunatec.com\/en\/wp-json\/wp\/v2\/types\/product"}],"replies":[{"embeddable":true,"href":"https:\/\/flunatec.com\/en\/wp-json\/wp\/v2\/comments?post=13730"}],"version-history":[{"count":0,"href":"https:\/\/flunatec.com\/en\/wp-json\/wp\/v2\/product\/13730\/revisions"}],"wp:featuredmedia":[{"embeddable":true,"href":"https:\/\/flunatec.com\/en\/wp-json\/wp\/v2\/media\/17741"}],"wp:attachment":[{"href":"https:\/\/flunatec.com\/en\/wp-json\/wp\/v2\/media?parent=13730"}],"wp:term":[{"taxonomy":"product_brand","embeddable":true,"href":"https:\/\/flunatec.com\/en\/wp-json\/wp\/v2\/product_brand?post=13730"},{"taxonomy":"product_cat","embeddable":true,"href":"https:\/\/flunatec.com\/en\/wp-json\/wp\/v2\/product_cat?post=13730"},{"taxonomy":"product_tag","embeddable":true,"href":"https:\/\/flunatec.com\/en\/wp-json\/wp\/v2\/product_tag?post=13730"},{"taxonomy":"kaliber","embeddable":true,"href":"https:\/\/flunatec.com\/en\/wp-json\/wp\/v2\/kaliber?post=13730"},{"taxonomy":"waffenart","embeddable":true,"href":"https:\/\/flunatec.com\/en\/wp-json\/wp\/v2\/waffenart?post=13730"},{"taxonomy":"anwendungsbereich","embeddable":true,"href":"https:\/\/flunatec.com\/en\/wp-json\/wp\/v2\/anwendungsbereich?post=13730"},{"taxonomy":"produktform","embeddable":true,"href":"https:\/\/flunatec.com\/en\/wp-json\/wp\/v2\/produktform?post=13730"},{"taxonomy":"produkt-typ","embeddable":true,"href":"https:\/\/flunatec.com\/en\/wp-json\/wp\/v2\/produkt-typ?post=13730"}],"curies":[{"name":"wp","href":"https:\/\/api.w.org\/{rel}","templated":true}]}}