{"id":13728,"date":"2025-03-31T14:30:05","date_gmt":"2025-03-31T12:30:05","guid":{"rendered":"https:\/\/flunatec.com\/?post_type=product&#038;p=13728"},"modified":"2025-12-22T12:30:00","modified_gmt":"2025-12-22T11:30:00","slug":"reinigungsfilze-44-111mm","status":"publish","type":"product","link":"https:\/\/flunatec.com\/en\/reinigungsfilze-44-111mm\/","title":{"rendered":"Reinigungsfilze &#8211; Normale Reinigung 500 St\u00fcck .44 \/ 11,1mm"},"content":{"rendered":"<p>Diese Reinigungsfilze im Kaliber .44 \/ 11,1 mm sind ideal f\u00fcr die gr\u00fcndliche und laufschonende Pflege gro\u00dfkalibriger Kurzwaffen und Repetierer. Das hochwertige Filzmaterial entfernt zuverl\u00e4ssig Schmutz, Pulverr\u00fcckst\u00e4nde und \u00d6l, ohne den Lauf anzugreifen. Dank pr\u00e4ziser Kaliberpassung bieten die Filze gleichm\u00e4\u00dfigen Kontakt zur Laufwand \u2013 f\u00fcr eine effektive Reinigung bei jedem Durchgang. Die Gro\u00dfpackung mit 500 St\u00fcck ist ideal f\u00fcr Sch\u00fctzenvereine, Revolverfans oder Vielschie\u00dfer:innen mit hohem Reinigungsbedarf.<\/p>\n","protected":false},"excerpt":{"rendered":"<p>Diese Reinigungsfilze im Kaliber .44 \/ 11,1 mm sind ideal f\u00fcr die gr\u00fcndliche und laufschonende Pflege gro\u00dfkalibriger Kurzwaffen und Repetierer. Das hochwertige Filzmaterial entfernt zuverl\u00e4ssig Schmutz, Pulverr\u00fcckst\u00e4nde und \u00d6l, ohne den Lauf anzugreifen. Dank pr\u00e4ziser Kaliberpassung bieten die Filze gleichm\u00e4\u00dfigen Kontakt zur Laufwand \u2013 f\u00fcr eine effektive Reinigung bei jedem Durchgang. Die Gro\u00dfpackung mit 500 [&hellip;]<\/p>\n","protected":false},"featured_media":17382,"comment_status":"open","ping_status":"closed","template":"","meta":{"inline_featured_image":false,"kaliber-boreblitz":""},"product_brand":[367],"product_cat":[339],"product_tag":[359],"kaliber":[459],"waffenart":[426,427,428,429,422],"anwendungsbereich":[448,409,413,414],"produktform":[458],"produkt-typ":[445],"class_list":{"0":"post-13728","1":"product","2":"type-product","3":"status-publish","4":"has-post-thumbnail","6":"product_brand-niebling","7":"product_cat-patches-filze","8":"product_tag-layout-6","9":"kaliber-44-magnum","10":"waffenart-pistole","11":"waffenart-revolver","12":"waffenart-faustfeuerwaffe","13":"waffenart-halbautomat","14":"waffenart-kurzwaffe","15":"anwendungsbereich-lauf","16":"anwendungsbereich-reinigung","17":"anwendungsbereich-laufpflege","18":"anwendungsbereich-laufschutz","19":"produktform-zusatzteil","20":"produkt-typ-zubehoer","22":"first","23":"instock","24":"taxable","25":"shipping-taxable","26":"purchasable","27":"product-type-simple"},"_links":{"self":[{"href":"https:\/\/flunatec.com\/en\/wp-json\/wp\/v2\/product\/13728","targetHints":{"allow":["GET"]}}],"collection":[{"href":"https:\/\/flunatec.com\/en\/wp-json\/wp\/v2\/product"}],"about":[{"href":"https:\/\/flunatec.com\/en\/wp-json\/wp\/v2\/types\/product"}],"replies":[{"embeddable":true,"href":"https:\/\/flunatec.com\/en\/wp-json\/wp\/v2\/comments?post=13728"}],"version-history":[{"count":0,"href":"https:\/\/flunatec.com\/en\/wp-json\/wp\/v2\/product\/13728\/revisions"}],"wp:featuredmedia":[{"embeddable":true,"href":"https:\/\/flunatec.com\/en\/wp-json\/wp\/v2\/media\/17382"}],"wp:attachment":[{"href":"https:\/\/flunatec.com\/en\/wp-json\/wp\/v2\/media?parent=13728"}],"wp:term":[{"taxonomy":"product_brand","embeddable":true,"href":"https:\/\/flunatec.com\/en\/wp-json\/wp\/v2\/product_brand?post=13728"},{"taxonomy":"product_cat","embeddable":true,"href":"https:\/\/flunatec.com\/en\/wp-json\/wp\/v2\/product_cat?post=13728"},{"taxonomy":"product_tag","embeddable":true,"href":"https:\/\/flunatec.com\/en\/wp-json\/wp\/v2\/product_tag?post=13728"},{"taxonomy":"kaliber","embeddable":true,"href":"https:\/\/flunatec.com\/en\/wp-json\/wp\/v2\/kaliber?post=13728"},{"taxonomy":"waffenart","embeddable":true,"href":"https:\/\/flunatec.com\/en\/wp-json\/wp\/v2\/waffenart?post=13728"},{"taxonomy":"anwendungsbereich","embeddable":true,"href":"https:\/\/flunatec.com\/en\/wp-json\/wp\/v2\/anwendungsbereich?post=13728"},{"taxonomy":"produktform","embeddable":true,"href":"https:\/\/flunatec.com\/en\/wp-json\/wp\/v2\/produktform?post=13728"},{"taxonomy":"produkt-typ","embeddable":true,"href":"https:\/\/flunatec.com\/en\/wp-json\/wp\/v2\/produkt-typ?post=13728"}],"curies":[{"name":"wp","href":"https:\/\/api.w.org\/{rel}","templated":true}]}}