{"id":13726,"date":"2025-03-31T14:24:34","date_gmt":"2025-03-31T12:24:34","guid":{"rendered":"https:\/\/flunatec.com\/?post_type=product&#038;p=13726"},"modified":"2025-12-22T12:41:16","modified_gmt":"2025-12-22T11:41:16","slug":"reinigungsfilze-normal-40-103","status":"publish","type":"product","link":"https:\/\/flunatec.com\/en\/reinigungsfilze-normal-40-103\/","title":{"rendered":"Reinigungsfilze &#8211; Normale Reinigung 500 St\u00fcck .40 \/ 10,3mm"},"content":{"rendered":"<p>Diese Reinigungsfilze im Kaliber .40 \/ 10,3 mm wurden speziell f\u00fcr die gr\u00fcndliche Pflege von Kurzwaffen und PCCs in diesem Kaliberbereich entwickelt. Das dichte, saugf\u00e4hige Filzmaterial entfernt zuverl\u00e4ssig Pulverr\u00fcckst\u00e4nde, \u00d6l und andere Ablagerungen, ohne die Laufoberfl\u00e4che zu besch\u00e4digen. Dank exakter Kaliberanpassung bieten die Filze optimalen Laufkontakt f\u00fcr eine gleichm\u00e4\u00dfige und effektive Reinigung. Die 500er-Packung ist ideal f\u00fcr regelm\u00e4\u00dfige Schie\u00dfstandbesuche, Vereine oder professionelle Anwender:innen.<\/p>\n","protected":false},"excerpt":{"rendered":"<p>Diese Reinigungsfilze im Kaliber .40 \/ 10,3 mm wurden speziell f\u00fcr die gr\u00fcndliche Pflege von Kurzwaffen und PCCs in diesem Kaliberbereich entwickelt. Das dichte, saugf\u00e4hige Filzmaterial entfernt zuverl\u00e4ssig Pulverr\u00fcckst\u00e4nde, \u00d6l und andere Ablagerungen, ohne die Laufoberfl\u00e4che zu besch\u00e4digen. Dank exakter Kaliberanpassung bieten die Filze optimalen Laufkontakt f\u00fcr eine gleichm\u00e4\u00dfige und effektive Reinigung. Die 500er-Packung ist [&hellip;]<\/p>\n","protected":false},"featured_media":17385,"comment_status":"open","ping_status":"closed","template":"","meta":{"inline_featured_image":false,"kaliber-boreblitz":""},"product_brand":[367],"product_cat":[339],"product_tag":[359],"kaliber":[392],"waffenart":[428,426,427,429,422],"anwendungsbereich":[448,409,413,414],"produktform":[458],"produkt-typ":[445],"class_list":{"0":"post-13726","1":"product","2":"type-product","3":"status-publish","4":"has-post-thumbnail","6":"product_brand-niebling","7":"product_cat-patches-filze","8":"product_tag-layout-6","9":"kaliber-40-sw","10":"waffenart-faustfeuerwaffe","11":"waffenart-pistole","12":"waffenart-revolver","13":"waffenart-halbautomat","14":"waffenart-kurzwaffe","15":"anwendungsbereich-lauf","16":"anwendungsbereich-reinigung","17":"anwendungsbereich-laufpflege","18":"anwendungsbereich-laufschutz","19":"produktform-zusatzteil","20":"produkt-typ-zubehoer","22":"first","23":"instock","24":"taxable","25":"shipping-taxable","26":"purchasable","27":"product-type-simple"},"_links":{"self":[{"href":"https:\/\/flunatec.com\/en\/wp-json\/wp\/v2\/product\/13726","targetHints":{"allow":["GET"]}}],"collection":[{"href":"https:\/\/flunatec.com\/en\/wp-json\/wp\/v2\/product"}],"about":[{"href":"https:\/\/flunatec.com\/en\/wp-json\/wp\/v2\/types\/product"}],"replies":[{"embeddable":true,"href":"https:\/\/flunatec.com\/en\/wp-json\/wp\/v2\/comments?post=13726"}],"version-history":[{"count":0,"href":"https:\/\/flunatec.com\/en\/wp-json\/wp\/v2\/product\/13726\/revisions"}],"wp:featuredmedia":[{"embeddable":true,"href":"https:\/\/flunatec.com\/en\/wp-json\/wp\/v2\/media\/17385"}],"wp:attachment":[{"href":"https:\/\/flunatec.com\/en\/wp-json\/wp\/v2\/media?parent=13726"}],"wp:term":[{"taxonomy":"product_brand","embeddable":true,"href":"https:\/\/flunatec.com\/en\/wp-json\/wp\/v2\/product_brand?post=13726"},{"taxonomy":"product_cat","embeddable":true,"href":"https:\/\/flunatec.com\/en\/wp-json\/wp\/v2\/product_cat?post=13726"},{"taxonomy":"product_tag","embeddable":true,"href":"https:\/\/flunatec.com\/en\/wp-json\/wp\/v2\/product_tag?post=13726"},{"taxonomy":"kaliber","embeddable":true,"href":"https:\/\/flunatec.com\/en\/wp-json\/wp\/v2\/kaliber?post=13726"},{"taxonomy":"waffenart","embeddable":true,"href":"https:\/\/flunatec.com\/en\/wp-json\/wp\/v2\/waffenart?post=13726"},{"taxonomy":"anwendungsbereich","embeddable":true,"href":"https:\/\/flunatec.com\/en\/wp-json\/wp\/v2\/anwendungsbereich?post=13726"},{"taxonomy":"produktform","embeddable":true,"href":"https:\/\/flunatec.com\/en\/wp-json\/wp\/v2\/produktform?post=13726"},{"taxonomy":"produkt-typ","embeddable":true,"href":"https:\/\/flunatec.com\/en\/wp-json\/wp\/v2\/produkt-typ?post=13726"}],"curies":[{"name":"wp","href":"https:\/\/api.w.org\/{rel}","templated":true}]}}