{"id":13724,"date":"2025-03-31T14:18:20","date_gmt":"2025-03-31T12:18:20","guid":{"rendered":"https:\/\/flunatec.com\/?post_type=product&#038;p=13724"},"modified":"2025-12-22T12:47:22","modified_gmt":"2025-12-22T11:47:22","slug":"reinigungsfilze-normal-377-95","status":"publish","type":"product","link":"https:\/\/flunatec.com\/en\/reinigungsfilze-normal-377-95\/","title":{"rendered":"Reinigungsfilze &#8211; Normale Reinigung 500 St\u00fcck .375 \/ 9,5mm"},"content":{"rendered":"<p>Die Reinigungsfilze im Kaliber .377 \/ 9,5 mm sind optimal auf die laufschonende Pflege von gro\u00dfkalibrigen Revolvern und B\u00fcchsen abgestimmt. Hergestellt aus saugf\u00e4higem, dichtem Filzmaterial, entfernen sie zuverl\u00e4ssig Schmutz, Pulverr\u00fcckst\u00e4nde und \u00d6lreste \u2013 ohne das Laufinnere zu besch\u00e4digen. Dank pr\u00e4ziser Kaliberpassung reinigen sie gleichm\u00e4\u00dfig und effektiv. Die Gro\u00dfpackung mit 500 St\u00fcck bietet eine langlebige L\u00f6sung f\u00fcr alle, die regelm\u00e4\u00dfig reinigen \u2013 ob am Schie\u00dfstand, im Revier oder in der Werkstatt.<\/p>\n","protected":false},"excerpt":{"rendered":"<p>Die Reinigungsfilze im Kaliber .377 \/ 9,5 mm sind optimal auf die laufschonende Pflege von gro\u00dfkalibrigen Revolvern und B\u00fcchsen abgestimmt. Hergestellt aus saugf\u00e4higem, dichtem Filzmaterial, entfernen sie zuverl\u00e4ssig Schmutz, Pulverr\u00fcckst\u00e4nde und \u00d6lreste \u2013 ohne das Laufinnere zu besch\u00e4digen. Dank pr\u00e4ziser Kaliberpassung reinigen sie gleichm\u00e4\u00dfig und effektiv. Die Gro\u00dfpackung mit 500 St\u00fcck bietet eine langlebige L\u00f6sung [&hellip;]<\/p>\n","protected":false},"featured_media":17388,"comment_status":"open","ping_status":"closed","template":"","meta":{"inline_featured_image":false,"kaliber-boreblitz":""},"product_brand":[367],"product_cat":[339],"product_tag":[359],"kaliber":[472],"waffenart":[425,508,423,430],"anwendungsbereich":[448,413,414],"produktform":[458],"produkt-typ":[445],"class_list":{"0":"post-13724","1":"product","2":"type-product","3":"status-publish","4":"has-post-thumbnail","6":"product_brand-niebling","7":"product_cat-patches-filze","8":"product_tag-layout-6","9":"kaliber-375-hh","10":"waffenart-gewehr","11":"waffenart-kipplauf","12":"waffenart-langwaffe","13":"waffenart-repetierer","14":"anwendungsbereich-lauf","15":"anwendungsbereich-laufpflege","16":"anwendungsbereich-laufschutz","17":"produktform-zusatzteil","18":"produkt-typ-zubehoer","20":"first","21":"instock","22":"taxable","23":"shipping-taxable","24":"purchasable","25":"product-type-simple"},"_links":{"self":[{"href":"https:\/\/flunatec.com\/en\/wp-json\/wp\/v2\/product\/13724","targetHints":{"allow":["GET"]}}],"collection":[{"href":"https:\/\/flunatec.com\/en\/wp-json\/wp\/v2\/product"}],"about":[{"href":"https:\/\/flunatec.com\/en\/wp-json\/wp\/v2\/types\/product"}],"replies":[{"embeddable":true,"href":"https:\/\/flunatec.com\/en\/wp-json\/wp\/v2\/comments?post=13724"}],"version-history":[{"count":0,"href":"https:\/\/flunatec.com\/en\/wp-json\/wp\/v2\/product\/13724\/revisions"}],"wp:featuredmedia":[{"embeddable":true,"href":"https:\/\/flunatec.com\/en\/wp-json\/wp\/v2\/media\/17388"}],"wp:attachment":[{"href":"https:\/\/flunatec.com\/en\/wp-json\/wp\/v2\/media?parent=13724"}],"wp:term":[{"taxonomy":"product_brand","embeddable":true,"href":"https:\/\/flunatec.com\/en\/wp-json\/wp\/v2\/product_brand?post=13724"},{"taxonomy":"product_cat","embeddable":true,"href":"https:\/\/flunatec.com\/en\/wp-json\/wp\/v2\/product_cat?post=13724"},{"taxonomy":"product_tag","embeddable":true,"href":"https:\/\/flunatec.com\/en\/wp-json\/wp\/v2\/product_tag?post=13724"},{"taxonomy":"kaliber","embeddable":true,"href":"https:\/\/flunatec.com\/en\/wp-json\/wp\/v2\/kaliber?post=13724"},{"taxonomy":"waffenart","embeddable":true,"href":"https:\/\/flunatec.com\/en\/wp-json\/wp\/v2\/waffenart?post=13724"},{"taxonomy":"anwendungsbereich","embeddable":true,"href":"https:\/\/flunatec.com\/en\/wp-json\/wp\/v2\/anwendungsbereich?post=13724"},{"taxonomy":"produktform","embeddable":true,"href":"https:\/\/flunatec.com\/en\/wp-json\/wp\/v2\/produktform?post=13724"},{"taxonomy":"produkt-typ","embeddable":true,"href":"https:\/\/flunatec.com\/en\/wp-json\/wp\/v2\/produkt-typ?post=13724"}],"curies":[{"name":"wp","href":"https:\/\/api.w.org\/{rel}","templated":true}]}}