{"id":13721,"date":"2025-03-31T14:13:29","date_gmt":"2025-03-31T12:13:29","guid":{"rendered":"https:\/\/flunatec.com\/?post_type=product&#038;p=13721"},"modified":"2025-12-22T12:43:59","modified_gmt":"2025-12-22T11:43:59","slug":"reinigungsfilze-normale-reinigung-500-stueck-357-93mm","status":"publish","type":"product","link":"https:\/\/flunatec.com\/en\/reinigungsfilze-normale-reinigung-500-stueck-357-93mm\/","title":{"rendered":"Reinigungsfilze &#8211; Normale Reinigung 500 St\u00fcck .357 \/ 9,3mm"},"content":{"rendered":"<p>Diese Reinigungsfilze im Kaliber .357 \/ 9,3 mm sind ideal f\u00fcr die gr\u00fcndliche und schonende Laufreinigung von Revolvern, B\u00fcchsen oder PCCs. Gefertigt aus dichtem, saugf\u00e4higem Filzmaterial, entfernen sie zuverl\u00e4ssig R\u00fcckst\u00e4nde wie Pulver, Schmauch und \u00d6l, ohne das Laufinnere zu besch\u00e4digen. Dank exakter Kaliberanpassung bieten sie gleichm\u00e4\u00dfigen Laufkontakt und sorgen f\u00fcr effektive Reinigungsleistung bei jeder Anwendung. Die 500er-Gro\u00dfpackung eignet sich perfekt f\u00fcr Vielschie\u00dfer:innen, Schie\u00dfst\u00e4nde oder Vereine.<\/p>\n","protected":false},"excerpt":{"rendered":"<p>Diese Reinigungsfilze im Kaliber .357 \/ 9,3 mm sind ideal f\u00fcr die gr\u00fcndliche und schonende Laufreinigung von Revolvern, B\u00fcchsen oder PCCs. Gefertigt aus dichtem, saugf\u00e4higem Filzmaterial, entfernen sie zuverl\u00e4ssig R\u00fcckst\u00e4nde wie Pulver, Schmauch und \u00d6l, ohne das Laufinnere zu besch\u00e4digen. Dank exakter Kaliberanpassung bieten sie gleichm\u00e4\u00dfigen Laufkontakt und sorgen f\u00fcr effektive Reinigungsleistung bei jeder Anwendung. [&hellip;]<\/p>\n","protected":false},"featured_media":17391,"comment_status":"open","ping_status":"closed","template":"","meta":{"inline_featured_image":false,"kaliber-boreblitz":""},"product_brand":[367],"product_cat":[339],"product_tag":[359],"kaliber":[],"waffenart":[423,508,425,430],"anwendungsbereich":[448,413,414],"produktform":[458],"produkt-typ":[445],"class_list":{"0":"post-13721","1":"product","2":"type-product","3":"status-publish","4":"has-post-thumbnail","6":"product_brand-niebling","7":"product_cat-patches-filze","8":"product_tag-layout-6","9":"waffenart-langwaffe","10":"waffenart-kipplauf","11":"waffenart-gewehr","12":"waffenart-repetierer","13":"anwendungsbereich-lauf","14":"anwendungsbereich-laufpflege","15":"anwendungsbereich-laufschutz","16":"produktform-zusatzteil","17":"produkt-typ-zubehoer","19":"first","20":"instock","21":"taxable","22":"shipping-taxable","23":"purchasable","24":"product-type-simple"},"_links":{"self":[{"href":"https:\/\/flunatec.com\/en\/wp-json\/wp\/v2\/product\/13721","targetHints":{"allow":["GET"]}}],"collection":[{"href":"https:\/\/flunatec.com\/en\/wp-json\/wp\/v2\/product"}],"about":[{"href":"https:\/\/flunatec.com\/en\/wp-json\/wp\/v2\/types\/product"}],"replies":[{"embeddable":true,"href":"https:\/\/flunatec.com\/en\/wp-json\/wp\/v2\/comments?post=13721"}],"version-history":[{"count":0,"href":"https:\/\/flunatec.com\/en\/wp-json\/wp\/v2\/product\/13721\/revisions"}],"wp:featuredmedia":[{"embeddable":true,"href":"https:\/\/flunatec.com\/en\/wp-json\/wp\/v2\/media\/17391"}],"wp:attachment":[{"href":"https:\/\/flunatec.com\/en\/wp-json\/wp\/v2\/media?parent=13721"}],"wp:term":[{"taxonomy":"product_brand","embeddable":true,"href":"https:\/\/flunatec.com\/en\/wp-json\/wp\/v2\/product_brand?post=13721"},{"taxonomy":"product_cat","embeddable":true,"href":"https:\/\/flunatec.com\/en\/wp-json\/wp\/v2\/product_cat?post=13721"},{"taxonomy":"product_tag","embeddable":true,"href":"https:\/\/flunatec.com\/en\/wp-json\/wp\/v2\/product_tag?post=13721"},{"taxonomy":"kaliber","embeddable":true,"href":"https:\/\/flunatec.com\/en\/wp-json\/wp\/v2\/kaliber?post=13721"},{"taxonomy":"waffenart","embeddable":true,"href":"https:\/\/flunatec.com\/en\/wp-json\/wp\/v2\/waffenart?post=13721"},{"taxonomy":"anwendungsbereich","embeddable":true,"href":"https:\/\/flunatec.com\/en\/wp-json\/wp\/v2\/anwendungsbereich?post=13721"},{"taxonomy":"produktform","embeddable":true,"href":"https:\/\/flunatec.com\/en\/wp-json\/wp\/v2\/produktform?post=13721"},{"taxonomy":"produkt-typ","embeddable":true,"href":"https:\/\/flunatec.com\/en\/wp-json\/wp\/v2\/produkt-typ?post=13721"}],"curies":[{"name":"wp","href":"https:\/\/api.w.org\/{rel}","templated":true}]}}