{"id":13717,"date":"2025-03-31T13:45:57","date_gmt":"2025-03-31T11:45:57","guid":{"rendered":"https:\/\/flunatec.com\/?post_type=product&#038;p=13717"},"modified":"2025-12-22T12:52:45","modified_gmt":"2025-12-22T11:52:45","slug":"reinigungsfilze-normal-338-85","status":"publish","type":"product","link":"https:\/\/flunatec.com\/en\/reinigungsfilze-normal-338-85\/","title":{"rendered":"Reinigungsfilze &#8211; Normale Reinigung 500 St\u00fcck .338 \/ 8,5mm"},"content":{"rendered":"<p>Diese Reinigungsfilze im Kaliber .338 \/ 8,5 mm sind ideal f\u00fcr die intensive Pflege gro\u00dfkalibriger Jagd- und Pr\u00e4zisionswaffen. Das saugf\u00e4hige, dichte Filzmaterial entfernt zuverl\u00e4ssig hartn\u00e4ckige R\u00fcckst\u00e4nde wie Pulver, Metallpartikel und \u00d6l \u2013 ohne den Lauf anzugreifen. Dank ihrer pr\u00e4zisen Kaliberanpassung bieten die Filze gleichm\u00e4\u00dfigen Kontakt zur Laufwand und sorgen f\u00fcr eine gr\u00fcndliche, laufschonende Reinigung. Mit 500 St\u00fcck bist du optimal f\u00fcr regelm\u00e4\u00dfige Reinigungsvorg\u00e4nge und l\u00e4ngere Nutzung ausgestattet.<\/p>\n","protected":false},"excerpt":{"rendered":"<p>Diese Reinigungsfilze im Kaliber .338 \/ 8,5 mm sind ideal f\u00fcr die intensive Pflege gro\u00dfkalibriger Jagd- und Pr\u00e4zisionswaffen. Das saugf\u00e4hige, dichte Filzmaterial entfernt zuverl\u00e4ssig hartn\u00e4ckige R\u00fcckst\u00e4nde wie Pulver, Metallpartikel und \u00d6l \u2013 ohne den Lauf anzugreifen. Dank ihrer pr\u00e4zisen Kaliberanpassung bieten die Filze gleichm\u00e4\u00dfigen Kontakt zur Laufwand und sorgen f\u00fcr eine gr\u00fcndliche, laufschonende Reinigung. Mit [&hellip;]<\/p>\n","protected":false},"featured_media":17403,"comment_status":"open","ping_status":"closed","template":"","meta":{"inline_featured_image":false,"kaliber-boreblitz":""},"product_brand":[],"product_cat":[],"product_tag":[359],"kaliber":[471,492],"waffenart":[425,508,423,430],"anwendungsbereich":[413,414,448],"produktform":[458],"produkt-typ":[445],"class_list":{"0":"post-13717","1":"product","2":"type-product","3":"status-publish","4":"has-post-thumbnail","6":"product_tag-layout-6","7":"kaliber-338-lapua-magnum","8":"kaliber-338-win-mag","9":"waffenart-gewehr","10":"waffenart-kipplauf","11":"waffenart-langwaffe","12":"waffenart-repetierer","13":"anwendungsbereich-laufpflege","14":"anwendungsbereich-laufschutz","15":"anwendungsbereich-lauf","16":"produktform-zusatzteil","17":"produkt-typ-zubehoer","19":"first","20":"instock","21":"taxable","22":"shipping-taxable","23":"purchasable","24":"product-type-simple"},"_links":{"self":[{"href":"https:\/\/flunatec.com\/en\/wp-json\/wp\/v2\/product\/13717","targetHints":{"allow":["GET"]}}],"collection":[{"href":"https:\/\/flunatec.com\/en\/wp-json\/wp\/v2\/product"}],"about":[{"href":"https:\/\/flunatec.com\/en\/wp-json\/wp\/v2\/types\/product"}],"replies":[{"embeddable":true,"href":"https:\/\/flunatec.com\/en\/wp-json\/wp\/v2\/comments?post=13717"}],"version-history":[{"count":0,"href":"https:\/\/flunatec.com\/en\/wp-json\/wp\/v2\/product\/13717\/revisions"}],"wp:featuredmedia":[{"embeddable":true,"href":"https:\/\/flunatec.com\/en\/wp-json\/wp\/v2\/media\/17403"}],"wp:attachment":[{"href":"https:\/\/flunatec.com\/en\/wp-json\/wp\/v2\/media?parent=13717"}],"wp:term":[{"taxonomy":"product_brand","embeddable":true,"href":"https:\/\/flunatec.com\/en\/wp-json\/wp\/v2\/product_brand?post=13717"},{"taxonomy":"product_cat","embeddable":true,"href":"https:\/\/flunatec.com\/en\/wp-json\/wp\/v2\/product_cat?post=13717"},{"taxonomy":"product_tag","embeddable":true,"href":"https:\/\/flunatec.com\/en\/wp-json\/wp\/v2\/product_tag?post=13717"},{"taxonomy":"kaliber","embeddable":true,"href":"https:\/\/flunatec.com\/en\/wp-json\/wp\/v2\/kaliber?post=13717"},{"taxonomy":"waffenart","embeddable":true,"href":"https:\/\/flunatec.com\/en\/wp-json\/wp\/v2\/waffenart?post=13717"},{"taxonomy":"anwendungsbereich","embeddable":true,"href":"https:\/\/flunatec.com\/en\/wp-json\/wp\/v2\/anwendungsbereich?post=13717"},{"taxonomy":"produktform","embeddable":true,"href":"https:\/\/flunatec.com\/en\/wp-json\/wp\/v2\/produktform?post=13717"},{"taxonomy":"produkt-typ","embeddable":true,"href":"https:\/\/flunatec.com\/en\/wp-json\/wp\/v2\/produkt-typ?post=13717"}],"curies":[{"name":"wp","href":"https:\/\/api.w.org\/{rel}","templated":true}]}}