{"id":13715,"date":"2025-03-31T13:41:52","date_gmt":"2025-03-31T11:41:52","guid":{"rendered":"https:\/\/flunatec.com\/?post_type=product&#038;p=13715"},"modified":"2026-01-12T15:33:40","modified_gmt":"2026-01-12T14:33:40","slug":"reinigungsfilze-normal-308-762","status":"publish","type":"product","link":"https:\/\/flunatec.com\/en\/reinigungsfilze-normal-308-762\/","title":{"rendered":"Reinigungsfilze &#8211; Normale Reinigung 500 St\u00fcck .308 \/ 7,62mm"},"content":{"rendered":"<p class=\"\" data-start=\"227\" data-end=\"747\">Diese Reinigungsfilze im Kaliber .308 \/ 7,62 mm bieten eine zuverl\u00e4ssige und laufschonende L\u00f6sung f\u00fcr die regelm\u00e4\u00dfige Pflege von Jagd- und Pr\u00e4zisionswaffen. Das dichte, saugf\u00e4hige Filzmaterial entfernt gr\u00fcndlich R\u00fcckst\u00e4nde wie Pulver, Metallabrieb und \u00d6l \u2013 ohne den Lauf zu besch\u00e4digen. Dank der pr\u00e4zisen Kaliberanpassung erzielen die Filze optimalen Laufkontakt und sorgen f\u00fcr gleichm\u00e4\u00dfige Reinigungswirkung. Mit 500 St\u00fcck pro Packung bist du bestens ausger\u00fcstet f\u00fcr h\u00e4ufige Eins\u00e4tze auf dem Schie\u00dfstand oder im Revier.<\/p>\n","protected":false},"excerpt":{"rendered":"<p>Diese Reinigungsfilze im Kaliber .308 \/ 7,62 mm bieten eine zuverl\u00e4ssige und laufschonende L\u00f6sung f\u00fcr die regelm\u00e4\u00dfige Pflege von Jagd- und Pr\u00e4zisionswaffen. Das dichte, saugf\u00e4hige Filzmaterial entfernt gr\u00fcndlich R\u00fcckst\u00e4nde wie Pulver, Metallabrieb und \u00d6l \u2013 ohne den Lauf zu besch\u00e4digen. Dank der pr\u00e4zisen Kaliberanpassung erzielen die Filze optimalen Laufkontakt und sorgen f\u00fcr gleichm\u00e4\u00dfige Reinigungswirkung. Mit [&hellip;]<\/p>\n","protected":false},"featured_media":17739,"comment_status":"open","ping_status":"closed","template":"","meta":{"inline_featured_image":false,"kaliber-boreblitz":""},"product_brand":[367],"product_cat":[339],"product_tag":[359],"kaliber":[398,399,401,476,403,479,480],"waffenart":[429,508,423,425,430],"anwendungsbereich":[414,448,413],"produktform":[458],"produkt-typ":[445],"class_list":{"0":"post-13715","1":"product","2":"type-product","3":"status-publish","4":"has-post-thumbnail","6":"product_brand-niebling","7":"product_cat-patches-filze","8":"product_tag-layout-6","9":"kaliber-308-win","10":"kaliber-30-06","11":"kaliber-7-62x39","12":"kaliber-7-62x54r","13":"kaliber-300-win-mag","14":"kaliber-300-blackout","15":"kaliber-300-wsm","16":"waffenart-halbautomat","17":"waffenart-kipplauf","18":"waffenart-langwaffe","19":"waffenart-gewehr","20":"waffenart-repetierer","21":"anwendungsbereich-laufschutz","22":"anwendungsbereich-lauf","23":"anwendungsbereich-laufpflege","24":"produktform-zusatzteil","25":"produkt-typ-zubehoer","27":"first","28":"instock","29":"taxable","30":"shipping-taxable","31":"purchasable","32":"product-type-simple"},"_links":{"self":[{"href":"https:\/\/flunatec.com\/en\/wp-json\/wp\/v2\/product\/13715","targetHints":{"allow":["GET"]}}],"collection":[{"href":"https:\/\/flunatec.com\/en\/wp-json\/wp\/v2\/product"}],"about":[{"href":"https:\/\/flunatec.com\/en\/wp-json\/wp\/v2\/types\/product"}],"replies":[{"embeddable":true,"href":"https:\/\/flunatec.com\/en\/wp-json\/wp\/v2\/comments?post=13715"}],"version-history":[{"count":0,"href":"https:\/\/flunatec.com\/en\/wp-json\/wp\/v2\/product\/13715\/revisions"}],"wp:featuredmedia":[{"embeddable":true,"href":"https:\/\/flunatec.com\/en\/wp-json\/wp\/v2\/media\/17739"}],"wp:attachment":[{"href":"https:\/\/flunatec.com\/en\/wp-json\/wp\/v2\/media?parent=13715"}],"wp:term":[{"taxonomy":"product_brand","embeddable":true,"href":"https:\/\/flunatec.com\/en\/wp-json\/wp\/v2\/product_brand?post=13715"},{"taxonomy":"product_cat","embeddable":true,"href":"https:\/\/flunatec.com\/en\/wp-json\/wp\/v2\/product_cat?post=13715"},{"taxonomy":"product_tag","embeddable":true,"href":"https:\/\/flunatec.com\/en\/wp-json\/wp\/v2\/product_tag?post=13715"},{"taxonomy":"kaliber","embeddable":true,"href":"https:\/\/flunatec.com\/en\/wp-json\/wp\/v2\/kaliber?post=13715"},{"taxonomy":"waffenart","embeddable":true,"href":"https:\/\/flunatec.com\/en\/wp-json\/wp\/v2\/waffenart?post=13715"},{"taxonomy":"anwendungsbereich","embeddable":true,"href":"https:\/\/flunatec.com\/en\/wp-json\/wp\/v2\/anwendungsbereich?post=13715"},{"taxonomy":"produktform","embeddable":true,"href":"https:\/\/flunatec.com\/en\/wp-json\/wp\/v2\/produktform?post=13715"},{"taxonomy":"produkt-typ","embeddable":true,"href":"https:\/\/flunatec.com\/en\/wp-json\/wp\/v2\/produkt-typ?post=13715"}],"curies":[{"name":"wp","href":"https:\/\/api.w.org\/{rel}","templated":true}]}}