{"id":13711,"date":"2025-03-31T13:35:18","date_gmt":"2025-03-31T11:35:18","guid":{"rendered":"https:\/\/flunatec.com\/?post_type=product&#038;p=13711"},"modified":"2025-12-22T08:02:26","modified_gmt":"2025-12-22T07:02:26","slug":"reinigungsfilze-normal-275-7","status":"publish","type":"product","link":"https:\/\/flunatec.com\/en\/reinigungsfilze-normal-275-7\/","title":{"rendered":"Reinigungsfilze &#8211; Normale Reinigung 500 St\u00fcck .275 \/ 7mm"},"content":{"rendered":"<p>Diese Reinigungsfilze im Kaliber .275 \/ 7 mm wurden speziell f\u00fcr die gr\u00fcndliche und sichere Reinigung von Jagd- und Sportwaffen entwickelt. Gefertigt aus dichtem, saugf\u00e4higem Filz, entfernen sie effektiv R\u00fcckst\u00e4nde wie Pulver, Metallabrieb oder \u00d6l \u2013 und das ganz ohne Kratzer. Dank ihrer exakten Kaliberanpassung sorgen sie f\u00fcr gleichm\u00e4\u00dfigen Laufkontakt und eine zuverl\u00e4ssige Reinigungswirkung. Mit 500 St\u00fcck pro Packung ist dieses Set ideal f\u00fcr alle, die regelm\u00e4\u00dfig auf dem Schie\u00dfstand oder in der Natur unterwegs sind.<\/p>\n","protected":false},"excerpt":{"rendered":"<p>Diese Reinigungsfilze im Kaliber .275 \/ 7 mm wurden speziell f\u00fcr die gr\u00fcndliche und sichere Reinigung von Jagd- und Sportwaffen entwickelt. Gefertigt aus dichtem, saugf\u00e4higem Filz, entfernen sie effektiv R\u00fcckst\u00e4nde wie Pulver, Metallabrieb oder \u00d6l \u2013 und das ganz ohne Kratzer. Dank ihrer exakten Kaliberanpassung sorgen sie f\u00fcr gleichm\u00e4\u00dfigen Laufkontakt und eine zuverl\u00e4ssige Reinigungswirkung. Mit [&hellip;]<\/p>\n","protected":false},"featured_media":17388,"comment_status":"open","ping_status":"closed","template":"","meta":{"inline_featured_image":false,"kaliber-boreblitz":""},"product_brand":[367],"product_cat":[339],"product_tag":[359],"kaliber":[490,489],"waffenart":[425,508,423,430],"anwendungsbereich":[448,413,414],"produktform":[458],"produkt-typ":[445],"class_list":{"0":"post-13711","1":"product","2":"type-product","3":"status-publish","4":"has-post-thumbnail","6":"product_brand-niebling","7":"product_cat-patches-filze","8":"product_tag-layout-6","9":"kaliber-7-rem-mag","10":"kaliber-7-64","11":"waffenart-gewehr","12":"waffenart-kipplauf","13":"waffenart-langwaffe","14":"waffenart-repetierer","15":"anwendungsbereich-lauf","16":"anwendungsbereich-laufpflege","17":"anwendungsbereich-laufschutz","18":"produktform-zusatzteil","19":"produkt-typ-zubehoer","21":"first","22":"instock","23":"taxable","24":"shipping-taxable","25":"purchasable","26":"product-type-simple"},"_links":{"self":[{"href":"https:\/\/flunatec.com\/en\/wp-json\/wp\/v2\/product\/13711","targetHints":{"allow":["GET"]}}],"collection":[{"href":"https:\/\/flunatec.com\/en\/wp-json\/wp\/v2\/product"}],"about":[{"href":"https:\/\/flunatec.com\/en\/wp-json\/wp\/v2\/types\/product"}],"replies":[{"embeddable":true,"href":"https:\/\/flunatec.com\/en\/wp-json\/wp\/v2\/comments?post=13711"}],"version-history":[{"count":0,"href":"https:\/\/flunatec.com\/en\/wp-json\/wp\/v2\/product\/13711\/revisions"}],"wp:featuredmedia":[{"embeddable":true,"href":"https:\/\/flunatec.com\/en\/wp-json\/wp\/v2\/media\/17388"}],"wp:attachment":[{"href":"https:\/\/flunatec.com\/en\/wp-json\/wp\/v2\/media?parent=13711"}],"wp:term":[{"taxonomy":"product_brand","embeddable":true,"href":"https:\/\/flunatec.com\/en\/wp-json\/wp\/v2\/product_brand?post=13711"},{"taxonomy":"product_cat","embeddable":true,"href":"https:\/\/flunatec.com\/en\/wp-json\/wp\/v2\/product_cat?post=13711"},{"taxonomy":"product_tag","embeddable":true,"href":"https:\/\/flunatec.com\/en\/wp-json\/wp\/v2\/product_tag?post=13711"},{"taxonomy":"kaliber","embeddable":true,"href":"https:\/\/flunatec.com\/en\/wp-json\/wp\/v2\/kaliber?post=13711"},{"taxonomy":"waffenart","embeddable":true,"href":"https:\/\/flunatec.com\/en\/wp-json\/wp\/v2\/waffenart?post=13711"},{"taxonomy":"anwendungsbereich","embeddable":true,"href":"https:\/\/flunatec.com\/en\/wp-json\/wp\/v2\/anwendungsbereich?post=13711"},{"taxonomy":"produktform","embeddable":true,"href":"https:\/\/flunatec.com\/en\/wp-json\/wp\/v2\/produktform?post=13711"},{"taxonomy":"produkt-typ","embeddable":true,"href":"https:\/\/flunatec.com\/en\/wp-json\/wp\/v2\/produkt-typ?post=13711"}],"curies":[{"name":"wp","href":"https:\/\/api.w.org\/{rel}","templated":true}]}}