{"id":13709,"date":"2025-03-31T13:28:37","date_gmt":"2025-03-31T11:28:37","guid":{"rendered":"https:\/\/flunatec.com\/?post_type=product&#038;p=13709"},"modified":"2025-12-22T08:01:43","modified_gmt":"2025-12-22T07:01:43","slug":"reinigungsfilze-normal-257-65","status":"publish","type":"product","link":"https:\/\/flunatec.com\/en\/reinigungsfilze-normal-257-65\/","title":{"rendered":"Reinigungsfilze &#8211; Normale Reinigung 500 St\u00fcck .257 \/ 6,5mm"},"content":{"rendered":"<p>Diese Reinigungsfilze im Kaliber .257 \/ 6,5 mm sind optimal f\u00fcr die gr\u00fcndliche Laufpflege von Jagd- und Sportwaffen in diesem Kaliberbereich. Gefertigt aus hochwertigem, saugf\u00e4higem Filzmaterial, entfernen sie zuverl\u00e4ssig Pulverr\u00fcckst\u00e4nde, \u00d6lreste und Schmutz \u2013 ohne den Lauf zu besch\u00e4digen. Die exakte Kaliberanpassung sorgt f\u00fcr gleichm\u00e4\u00dfigen Laufkontakt und effektive Reinigung bei jeder Anwendung. Die 500er-Gro\u00dfpackung eignet sich ideal f\u00fcr Vielnutzer:innen, Vereine oder den regelm\u00e4\u00dfigen Einsatz am Schie\u00dfstand.<\/p>\n","protected":false},"excerpt":{"rendered":"<p>Diese Reinigungsfilze im Kaliber .257 \/ 6,5 mm sind optimal f\u00fcr die gr\u00fcndliche Laufpflege von Jagd- und Sportwaffen in diesem Kaliberbereich. Gefertigt aus hochwertigem, saugf\u00e4higem Filzmaterial, entfernen sie zuverl\u00e4ssig Pulverr\u00fcckst\u00e4nde, \u00d6lreste und Schmutz \u2013 ohne den Lauf zu besch\u00e4digen. Die exakte Kaliberanpassung sorgt f\u00fcr gleichm\u00e4\u00dfigen Laufkontakt und effektive Reinigung bei jeder Anwendung. Die 500er-Gro\u00dfpackung eignet [&hellip;]<\/p>\n","protected":false},"featured_media":17406,"comment_status":"open","ping_status":"closed","template":"","meta":{"inline_featured_image":false,"kaliber-boreblitz":""},"product_brand":[367],"product_cat":[339],"product_tag":[359],"kaliber":[400,487],"waffenart":[425,430,508,423],"anwendungsbereich":[448,413,414],"produktform":[458],"produkt-typ":[445],"class_list":{"0":"post-13709","1":"product","2":"type-product","3":"status-publish","4":"has-post-thumbnail","6":"product_brand-niebling","7":"product_cat-patches-filze","8":"product_tag-layout-6","9":"kaliber-6-5-creedmoor","10":"kaliber-65-55","11":"waffenart-gewehr","12":"waffenart-repetierer","13":"waffenart-kipplauf","14":"waffenart-langwaffe","15":"anwendungsbereich-lauf","16":"anwendungsbereich-laufpflege","17":"anwendungsbereich-laufschutz","18":"produktform-zusatzteil","19":"produkt-typ-zubehoer","21":"first","22":"instock","23":"taxable","24":"shipping-taxable","25":"purchasable","26":"product-type-simple"},"_links":{"self":[{"href":"https:\/\/flunatec.com\/en\/wp-json\/wp\/v2\/product\/13709","targetHints":{"allow":["GET"]}}],"collection":[{"href":"https:\/\/flunatec.com\/en\/wp-json\/wp\/v2\/product"}],"about":[{"href":"https:\/\/flunatec.com\/en\/wp-json\/wp\/v2\/types\/product"}],"replies":[{"embeddable":true,"href":"https:\/\/flunatec.com\/en\/wp-json\/wp\/v2\/comments?post=13709"}],"version-history":[{"count":0,"href":"https:\/\/flunatec.com\/en\/wp-json\/wp\/v2\/product\/13709\/revisions"}],"wp:featuredmedia":[{"embeddable":true,"href":"https:\/\/flunatec.com\/en\/wp-json\/wp\/v2\/media\/17406"}],"wp:attachment":[{"href":"https:\/\/flunatec.com\/en\/wp-json\/wp\/v2\/media?parent=13709"}],"wp:term":[{"taxonomy":"product_brand","embeddable":true,"href":"https:\/\/flunatec.com\/en\/wp-json\/wp\/v2\/product_brand?post=13709"},{"taxonomy":"product_cat","embeddable":true,"href":"https:\/\/flunatec.com\/en\/wp-json\/wp\/v2\/product_cat?post=13709"},{"taxonomy":"product_tag","embeddable":true,"href":"https:\/\/flunatec.com\/en\/wp-json\/wp\/v2\/product_tag?post=13709"},{"taxonomy":"kaliber","embeddable":true,"href":"https:\/\/flunatec.com\/en\/wp-json\/wp\/v2\/kaliber?post=13709"},{"taxonomy":"waffenart","embeddable":true,"href":"https:\/\/flunatec.com\/en\/wp-json\/wp\/v2\/waffenart?post=13709"},{"taxonomy":"anwendungsbereich","embeddable":true,"href":"https:\/\/flunatec.com\/en\/wp-json\/wp\/v2\/anwendungsbereich?post=13709"},{"taxonomy":"produktform","embeddable":true,"href":"https:\/\/flunatec.com\/en\/wp-json\/wp\/v2\/produktform?post=13709"},{"taxonomy":"produkt-typ","embeddable":true,"href":"https:\/\/flunatec.com\/en\/wp-json\/wp\/v2\/produkt-typ?post=13709"}],"curies":[{"name":"wp","href":"https:\/\/api.w.org\/{rel}","templated":true}]}}