{"id":13706,"date":"2025-03-31T13:24:15","date_gmt":"2025-03-31T11:24:15","guid":{"rendered":"https:\/\/flunatec.com\/?post_type=product&#038;p=13706"},"modified":"2025-12-22T08:00:27","modified_gmt":"2025-12-22T07:00:27","slug":"reinigungsfilze-normal-243-6","status":"publish","type":"product","link":"https:\/\/flunatec.com\/en\/reinigungsfilze-normal-243-6\/","title":{"rendered":"Reinigungsfilze &#8211; Normale Reinigung 500 St\u00fcck .243 \/ 6mm"},"content":{"rendered":"<p>Diese Reinigungsfilze im Kaliber .243 \/ 6 mm wurden f\u00fcr die gr\u00fcndliche und laufschonende Pflege von B\u00fcchsen und Sportwaffen entwickelt. Das hochwertige, dichte Filzmaterial entfernt zuverl\u00e4ssig R\u00fcckst\u00e4nde wie Pulver, \u00d6l und Schmutzpartikel \u2013 ohne Kratzer zu hinterlassen. Dank exakter Kaliberpassung gew\u00e4hrleisten sie optimalen Laufkontakt und gleichm\u00e4\u00dfige Reinigungswirkung. Mit 500 St\u00fcck pro Packung bist du bestens ausgestattet \u2013 egal ob f\u00fcr regelm\u00e4\u00dfige Nutzung auf dem Schie\u00dfstand oder im jagdlichen Einsatz.<\/p>\n","protected":false},"excerpt":{"rendered":"<p>Diese Reinigungsfilze im Kaliber .243 \/ 6 mm wurden f\u00fcr die gr\u00fcndliche und laufschonende Pflege von B\u00fcchsen und Sportwaffen entwickelt. Das hochwertige, dichte Filzmaterial entfernt zuverl\u00e4ssig R\u00fcckst\u00e4nde wie Pulver, \u00d6l und Schmutzpartikel \u2013 ohne Kratzer zu hinterlassen. Dank exakter Kaliberpassung gew\u00e4hrleisten sie optimalen Laufkontakt und gleichm\u00e4\u00dfige Reinigungswirkung. Mit 500 St\u00fcck pro Packung bist du bestens [&hellip;]<\/p>\n","protected":false},"featured_media":17409,"comment_status":"open","ping_status":"closed","template":"","meta":{"inline_featured_image":false,"kaliber-boreblitz":""},"product_brand":[367],"product_cat":[339],"product_tag":[359],"kaliber":[486],"waffenart":[425,508,423,430],"anwendungsbereich":[448,413,414],"produktform":[458],"produkt-typ":[445],"class_list":{"0":"post-13706","1":"product","2":"type-product","3":"status-publish","4":"has-post-thumbnail","6":"product_brand-niebling","7":"product_cat-patches-filze","8":"product_tag-layout-6","9":"kaliber-22-win","10":"waffenart-gewehr","11":"waffenart-kipplauf","12":"waffenart-langwaffe","13":"waffenart-repetierer","14":"anwendungsbereich-lauf","15":"anwendungsbereich-laufpflege","16":"anwendungsbereich-laufschutz","17":"produktform-zusatzteil","18":"produkt-typ-zubehoer","20":"first","21":"instock","22":"taxable","23":"shipping-taxable","24":"purchasable","25":"product-type-simple"},"_links":{"self":[{"href":"https:\/\/flunatec.com\/en\/wp-json\/wp\/v2\/product\/13706","targetHints":{"allow":["GET"]}}],"collection":[{"href":"https:\/\/flunatec.com\/en\/wp-json\/wp\/v2\/product"}],"about":[{"href":"https:\/\/flunatec.com\/en\/wp-json\/wp\/v2\/types\/product"}],"replies":[{"embeddable":true,"href":"https:\/\/flunatec.com\/en\/wp-json\/wp\/v2\/comments?post=13706"}],"version-history":[{"count":0,"href":"https:\/\/flunatec.com\/en\/wp-json\/wp\/v2\/product\/13706\/revisions"}],"wp:featuredmedia":[{"embeddable":true,"href":"https:\/\/flunatec.com\/en\/wp-json\/wp\/v2\/media\/17409"}],"wp:attachment":[{"href":"https:\/\/flunatec.com\/en\/wp-json\/wp\/v2\/media?parent=13706"}],"wp:term":[{"taxonomy":"product_brand","embeddable":true,"href":"https:\/\/flunatec.com\/en\/wp-json\/wp\/v2\/product_brand?post=13706"},{"taxonomy":"product_cat","embeddable":true,"href":"https:\/\/flunatec.com\/en\/wp-json\/wp\/v2\/product_cat?post=13706"},{"taxonomy":"product_tag","embeddable":true,"href":"https:\/\/flunatec.com\/en\/wp-json\/wp\/v2\/product_tag?post=13706"},{"taxonomy":"kaliber","embeddable":true,"href":"https:\/\/flunatec.com\/en\/wp-json\/wp\/v2\/kaliber?post=13706"},{"taxonomy":"waffenart","embeddable":true,"href":"https:\/\/flunatec.com\/en\/wp-json\/wp\/v2\/waffenart?post=13706"},{"taxonomy":"anwendungsbereich","embeddable":true,"href":"https:\/\/flunatec.com\/en\/wp-json\/wp\/v2\/anwendungsbereich?post=13706"},{"taxonomy":"produktform","embeddable":true,"href":"https:\/\/flunatec.com\/en\/wp-json\/wp\/v2\/produktform?post=13706"},{"taxonomy":"produkt-typ","embeddable":true,"href":"https:\/\/flunatec.com\/en\/wp-json\/wp\/v2\/produkt-typ?post=13706"}],"curies":[{"name":"wp","href":"https:\/\/api.w.org\/{rel}","templated":true}]}}