{"id":13702,"date":"2025-03-31T13:16:56","date_gmt":"2025-03-31T11:16:56","guid":{"rendered":"https:\/\/flunatec.com\/?post_type=product&#038;p=13702"},"modified":"2026-01-12T15:43:13","modified_gmt":"2026-01-12T14:43:13","slug":"reinigungsfilze-normal-22-556","status":"publish","type":"product","link":"https:\/\/flunatec.com\/en\/reinigungsfilze-normal-22-556\/","title":{"rendered":"Reinigungsfilze &#8211; Normale Reinigung 500 St\u00fcck .22 \/ 5,56mm"},"content":{"rendered":"<p>Diese Reinigungsfilze im Kaliber .22 \/ 5,56 mm sind ideal f\u00fcr die t\u00e4gliche Laufpflege bei Kleinkaliberwaffen und Halbautomaten. Gefertigt aus dichtem, saugf\u00e4higem Filzmaterial, entfernen sie zuverl\u00e4ssig Pulverr\u00fcckst\u00e4nde, \u00d6l und andere Ablagerungen \u2013 ganz ohne die Laufoberfl\u00e4che zu besch\u00e4digen. Die pr\u00e4zise Kaliberpassung sorgt f\u00fcr gleichm\u00e4\u00dfigen Laufkontakt und gr\u00fcndliche Reinigungswirkung. Die gro\u00dfz\u00fcgige 500er-Packung ist perfekt f\u00fcr Vielschie\u00dfer:innen, Vereine oder professionelle Anwender, die auf konstant saubere L\u00e4ufe setzen.<\/p>\n","protected":false},"excerpt":{"rendered":"<p>Diese Reinigungsfilze im Kaliber .22 \/ 5,56 mm sind ideal f\u00fcr die t\u00e4gliche Laufpflege bei Kleinkaliberwaffen und Halbautomaten. Gefertigt aus dichtem, saugf\u00e4higem Filzmaterial, entfernen sie zuverl\u00e4ssig Pulverr\u00fcckst\u00e4nde, \u00d6l und andere Ablagerungen \u2013 ganz ohne die Laufoberfl\u00e4che zu besch\u00e4digen. Die pr\u00e4zise Kaliberpassung sorgt f\u00fcr gleichm\u00e4\u00dfigen Laufkontakt und gr\u00fcndliche Reinigungswirkung. Die gro\u00dfz\u00fcgige 500er-Packung ist perfekt f\u00fcr Vielschie\u00dfer:innen, [&hellip;]<\/p>\n","protected":false},"featured_media":17415,"comment_status":"open","ping_status":"closed","template":"","meta":{"inline_featured_image":false,"kaliber-boreblitz":""},"product_brand":[367],"product_cat":[339],"product_tag":[359],"kaliber":[397,395,483],"waffenart":[423,425,429,430,508],"anwendungsbereich":[413,448,414],"produktform":[458],"produkt-typ":[445],"class_list":{"0":"post-13702","1":"product","2":"type-product","3":"status-publish","4":"has-post-thumbnail","6":"product_brand-niebling","7":"product_cat-patches-filze","8":"product_tag-layout-6","9":"kaliber-223-rem","10":"kaliber-22-l-r","11":"kaliber-222-rem","12":"waffenart-langwaffe","13":"waffenart-gewehr","14":"waffenart-halbautomat","15":"waffenart-repetierer","16":"waffenart-kipplauf","17":"anwendungsbereich-laufpflege","18":"anwendungsbereich-lauf","19":"anwendungsbereich-laufschutz","20":"produktform-zusatzteil","21":"produkt-typ-zubehoer","23":"first","24":"instock","25":"taxable","26":"shipping-taxable","27":"purchasable","28":"product-type-simple"},"_links":{"self":[{"href":"https:\/\/flunatec.com\/en\/wp-json\/wp\/v2\/product\/13702","targetHints":{"allow":["GET"]}}],"collection":[{"href":"https:\/\/flunatec.com\/en\/wp-json\/wp\/v2\/product"}],"about":[{"href":"https:\/\/flunatec.com\/en\/wp-json\/wp\/v2\/types\/product"}],"replies":[{"embeddable":true,"href":"https:\/\/flunatec.com\/en\/wp-json\/wp\/v2\/comments?post=13702"}],"version-history":[{"count":0,"href":"https:\/\/flunatec.com\/en\/wp-json\/wp\/v2\/product\/13702\/revisions"}],"wp:featuredmedia":[{"embeddable":true,"href":"https:\/\/flunatec.com\/en\/wp-json\/wp\/v2\/media\/17415"}],"wp:attachment":[{"href":"https:\/\/flunatec.com\/en\/wp-json\/wp\/v2\/media?parent=13702"}],"wp:term":[{"taxonomy":"product_brand","embeddable":true,"href":"https:\/\/flunatec.com\/en\/wp-json\/wp\/v2\/product_brand?post=13702"},{"taxonomy":"product_cat","embeddable":true,"href":"https:\/\/flunatec.com\/en\/wp-json\/wp\/v2\/product_cat?post=13702"},{"taxonomy":"product_tag","embeddable":true,"href":"https:\/\/flunatec.com\/en\/wp-json\/wp\/v2\/product_tag?post=13702"},{"taxonomy":"kaliber","embeddable":true,"href":"https:\/\/flunatec.com\/en\/wp-json\/wp\/v2\/kaliber?post=13702"},{"taxonomy":"waffenart","embeddable":true,"href":"https:\/\/flunatec.com\/en\/wp-json\/wp\/v2\/waffenart?post=13702"},{"taxonomy":"anwendungsbereich","embeddable":true,"href":"https:\/\/flunatec.com\/en\/wp-json\/wp\/v2\/anwendungsbereich?post=13702"},{"taxonomy":"produktform","embeddable":true,"href":"https:\/\/flunatec.com\/en\/wp-json\/wp\/v2\/produktform?post=13702"},{"taxonomy":"produkt-typ","embeddable":true,"href":"https:\/\/flunatec.com\/en\/wp-json\/wp\/v2\/produkt-typ?post=13702"}],"curies":[{"name":"wp","href":"https:\/\/api.w.org\/{rel}","templated":true}]}}