{"id":13700,"date":"2025-03-31T12:58:52","date_gmt":"2025-03-31T10:58:52","guid":{"rendered":"https:\/\/flunatec.com\/?post_type=product&#038;p=13700"},"modified":"2025-12-22T08:08:07","modified_gmt":"2025-12-22T07:08:07","slug":"reinigungsfilze-normal-20-ga","status":"publish","type":"product","link":"https:\/\/flunatec.com\/en\/reinigungsfilze-normal-20-ga\/","title":{"rendered":"Reinigungsfilze &#8211; Normale Reinigung 200 St\u00fcck 20 GA"},"content":{"rendered":"<p>Diese Reinigungsfilze im Kaliber 20 GA wurden speziell f\u00fcr die laufschonende Reinigung von Flinten entwickelt. Das hochwertige Filzmaterial entfernt zuverl\u00e4ssig R\u00fcckst\u00e4nde wie Schrot, Pulver oder \u00d6l und passt sich dank exakter Kaliberanpassung perfekt dem Laufprofil an. Ob trocken oder mit Reinigungsmittel verwendet \u2013 die Filze sorgen f\u00fcr eine gleichm\u00e4\u00dfige, effektive Laufpflege. Mit 200 St\u00fcck pro Packung sind sie ideal f\u00fcr alle, die regelm\u00e4\u00dfig reinigen und stets gut ausgestattet sein wollen.<\/p>\n","protected":false},"excerpt":{"rendered":"<p>Diese Reinigungsfilze im Kaliber 20 GA wurden speziell f\u00fcr die laufschonende Reinigung von Flinten entwickelt. Das hochwertige Filzmaterial entfernt zuverl\u00e4ssig R\u00fcckst\u00e4nde wie Schrot, Pulver oder \u00d6l und passt sich dank exakter Kaliberanpassung perfekt dem Laufprofil an. Ob trocken oder mit Reinigungsmittel verwendet \u2013 die Filze sorgen f\u00fcr eine gleichm\u00e4\u00dfige, effektive Laufpflege. Mit 200 St\u00fcck pro [&hellip;]<\/p>\n","protected":false},"featured_media":17418,"comment_status":"open","ping_status":"closed","template":"","meta":{"inline_featured_image":false,"kaliber-boreblitz":""},"product_brand":[367],"product_cat":[339],"product_tag":[359],"kaliber":[406,515],"waffenart":[424,429,508,423],"anwendungsbereich":[448,413,414],"produktform":[458],"produkt-typ":[445],"class_list":{"0":"post-13700","1":"product","2":"type-product","3":"status-publish","4":"has-post-thumbnail","6":"product_brand-niebling","7":"product_cat-patches-filze","8":"product_tag-layout-6","9":"kaliber-20-70","10":"kaliber-20-76","11":"waffenart-flinte","12":"waffenart-halbautomat","13":"waffenart-kipplauf","14":"waffenart-langwaffe","15":"anwendungsbereich-lauf","16":"anwendungsbereich-laufpflege","17":"anwendungsbereich-laufschutz","18":"produktform-zusatzteil","19":"produkt-typ-zubehoer","21":"first","22":"instock","23":"taxable","24":"shipping-taxable","25":"purchasable","26":"product-type-simple"},"_links":{"self":[{"href":"https:\/\/flunatec.com\/en\/wp-json\/wp\/v2\/product\/13700","targetHints":{"allow":["GET"]}}],"collection":[{"href":"https:\/\/flunatec.com\/en\/wp-json\/wp\/v2\/product"}],"about":[{"href":"https:\/\/flunatec.com\/en\/wp-json\/wp\/v2\/types\/product"}],"replies":[{"embeddable":true,"href":"https:\/\/flunatec.com\/en\/wp-json\/wp\/v2\/comments?post=13700"}],"version-history":[{"count":0,"href":"https:\/\/flunatec.com\/en\/wp-json\/wp\/v2\/product\/13700\/revisions"}],"wp:featuredmedia":[{"embeddable":true,"href":"https:\/\/flunatec.com\/en\/wp-json\/wp\/v2\/media\/17418"}],"wp:attachment":[{"href":"https:\/\/flunatec.com\/en\/wp-json\/wp\/v2\/media?parent=13700"}],"wp:term":[{"taxonomy":"product_brand","embeddable":true,"href":"https:\/\/flunatec.com\/en\/wp-json\/wp\/v2\/product_brand?post=13700"},{"taxonomy":"product_cat","embeddable":true,"href":"https:\/\/flunatec.com\/en\/wp-json\/wp\/v2\/product_cat?post=13700"},{"taxonomy":"product_tag","embeddable":true,"href":"https:\/\/flunatec.com\/en\/wp-json\/wp\/v2\/product_tag?post=13700"},{"taxonomy":"kaliber","embeddable":true,"href":"https:\/\/flunatec.com\/en\/wp-json\/wp\/v2\/kaliber?post=13700"},{"taxonomy":"waffenart","embeddable":true,"href":"https:\/\/flunatec.com\/en\/wp-json\/wp\/v2\/waffenart?post=13700"},{"taxonomy":"anwendungsbereich","embeddable":true,"href":"https:\/\/flunatec.com\/en\/wp-json\/wp\/v2\/anwendungsbereich?post=13700"},{"taxonomy":"produktform","embeddable":true,"href":"https:\/\/flunatec.com\/en\/wp-json\/wp\/v2\/produktform?post=13700"},{"taxonomy":"produkt-typ","embeddable":true,"href":"https:\/\/flunatec.com\/en\/wp-json\/wp\/v2\/produkt-typ?post=13700"}],"curies":[{"name":"wp","href":"https:\/\/api.w.org\/{rel}","templated":true}]}}