{"id":13698,"date":"2025-03-31T12:51:56","date_gmt":"2025-03-31T10:51:56","guid":{"rendered":"https:\/\/flunatec.com\/?post_type=product&#038;p=13698"},"modified":"2025-12-22T08:10:59","modified_gmt":"2025-12-22T07:10:59","slug":"reinigungsfilze-normal-16-ga","status":"publish","type":"product","link":"https:\/\/flunatec.com\/en\/reinigungsfilze-normal-16-ga\/","title":{"rendered":"Reinigungsfilze &#8211; Normale Reinigung 200 St\u00fcck 16 GA"},"content":{"rendered":"<p>Diese Reinigungsfilze im Kaliber 16 GA bieten eine zuverl\u00e4ssige und laufschonende Reinigungsl\u00f6sung f\u00fcr alle g\u00e4ngigen Flinten dieses Kalibers. Gefertigt aus dichtem, saugf\u00e4higem Filzmaterial, entfernen sie effektiv R\u00fcckst\u00e4nde wie Pulver, Schmutz oder \u00d6l \u2013 ohne Kratzer zu hinterlassen. Dank pr\u00e4ziser Kaliberanpassung reinigen sie gleichm\u00e4\u00dfig \u00fcber die gesamte Laufinnenseite. Die 200er-Packung eignet sich besonders f\u00fcr J\u00e4ger:innen, Sportsch\u00fctz:innen oder Waffenvereine, die regelm\u00e4\u00dfig reinigen und nicht st\u00e4ndig nachbestellen m\u00f6chten.<\/p>\n","protected":false},"excerpt":{"rendered":"<p>Diese Reinigungsfilze im Kaliber 16 GA bieten eine zuverl\u00e4ssige und laufschonende Reinigungsl\u00f6sung f\u00fcr alle g\u00e4ngigen Flinten dieses Kalibers. Gefertigt aus dichtem, saugf\u00e4higem Filzmaterial, entfernen sie effektiv R\u00fcckst\u00e4nde wie Pulver, Schmutz oder \u00d6l \u2013 ohne Kratzer zu hinterlassen. Dank pr\u00e4ziser Kaliberanpassung reinigen sie gleichm\u00e4\u00dfig \u00fcber die gesamte Laufinnenseite. Die 200er-Packung eignet sich besonders f\u00fcr J\u00e4ger:innen, Sportsch\u00fctz:innen [&hellip;]<\/p>\n","protected":false},"featured_media":17421,"comment_status":"open","ping_status":"closed","template":"","meta":{"inline_featured_image":false,"kaliber-boreblitz":""},"product_brand":[367],"product_cat":[339],"product_tag":[359],"kaliber":[504,505],"waffenart":[424,429,508,423,425],"anwendungsbereich":[448,413,414],"produktform":[458],"produkt-typ":[445],"class_list":{"0":"post-13698","1":"product","2":"type-product","3":"status-publish","4":"has-post-thumbnail","6":"product_brand-niebling","7":"product_cat-patches-filze","8":"product_tag-layout-6","9":"kaliber-16-70","10":"kaliber-16-76","11":"waffenart-flinte","12":"waffenart-halbautomat","13":"waffenart-kipplauf","14":"waffenart-langwaffe","15":"waffenart-gewehr","16":"anwendungsbereich-lauf","17":"anwendungsbereich-laufpflege","18":"anwendungsbereich-laufschutz","19":"produktform-zusatzteil","20":"produkt-typ-zubehoer","22":"first","23":"instock","24":"taxable","25":"shipping-taxable","26":"purchasable","27":"product-type-simple"},"_links":{"self":[{"href":"https:\/\/flunatec.com\/en\/wp-json\/wp\/v2\/product\/13698","targetHints":{"allow":["GET"]}}],"collection":[{"href":"https:\/\/flunatec.com\/en\/wp-json\/wp\/v2\/product"}],"about":[{"href":"https:\/\/flunatec.com\/en\/wp-json\/wp\/v2\/types\/product"}],"replies":[{"embeddable":true,"href":"https:\/\/flunatec.com\/en\/wp-json\/wp\/v2\/comments?post=13698"}],"version-history":[{"count":0,"href":"https:\/\/flunatec.com\/en\/wp-json\/wp\/v2\/product\/13698\/revisions"}],"wp:featuredmedia":[{"embeddable":true,"href":"https:\/\/flunatec.com\/en\/wp-json\/wp\/v2\/media\/17421"}],"wp:attachment":[{"href":"https:\/\/flunatec.com\/en\/wp-json\/wp\/v2\/media?parent=13698"}],"wp:term":[{"taxonomy":"product_brand","embeddable":true,"href":"https:\/\/flunatec.com\/en\/wp-json\/wp\/v2\/product_brand?post=13698"},{"taxonomy":"product_cat","embeddable":true,"href":"https:\/\/flunatec.com\/en\/wp-json\/wp\/v2\/product_cat?post=13698"},{"taxonomy":"product_tag","embeddable":true,"href":"https:\/\/flunatec.com\/en\/wp-json\/wp\/v2\/product_tag?post=13698"},{"taxonomy":"kaliber","embeddable":true,"href":"https:\/\/flunatec.com\/en\/wp-json\/wp\/v2\/kaliber?post=13698"},{"taxonomy":"waffenart","embeddable":true,"href":"https:\/\/flunatec.com\/en\/wp-json\/wp\/v2\/waffenart?post=13698"},{"taxonomy":"anwendungsbereich","embeddable":true,"href":"https:\/\/flunatec.com\/en\/wp-json\/wp\/v2\/anwendungsbereich?post=13698"},{"taxonomy":"produktform","embeddable":true,"href":"https:\/\/flunatec.com\/en\/wp-json\/wp\/v2\/produktform?post=13698"},{"taxonomy":"produkt-typ","embeddable":true,"href":"https:\/\/flunatec.com\/en\/wp-json\/wp\/v2\/produkt-typ?post=13698"}],"curies":[{"name":"wp","href":"https:\/\/api.w.org\/{rel}","templated":true}]}}