{"id":13696,"date":"2025-03-31T12:46:49","date_gmt":"2025-03-31T10:46:49","guid":{"rendered":"https:\/\/flunatec.com\/?post_type=product&#038;p=13696"},"modified":"2025-12-22T08:12:54","modified_gmt":"2025-12-22T07:12:54","slug":"reinigungsfilze-normal-12-ga","status":"publish","type":"product","link":"https:\/\/flunatec.com\/en\/reinigungsfilze-normal-12-ga\/","title":{"rendered":"Reinigungsfilze &#8211; Normale Reinigung 200 St\u00fcck 12 GA"},"content":{"rendered":"<p>Diese Reinigungsfilze im Kaliber 12 GA sind die perfekte L\u00f6sung f\u00fcr eine gr\u00fcndliche, laufschonende Flintenpflege \u2013 besonders f\u00fcr Vielnutzer:innen. Das dichte, saugf\u00e4hige Filzmaterial entfernt zuverl\u00e4ssig Pulverr\u00fcckst\u00e4nde, Schmutzpartikel und \u00d6lreste, ohne die Laufoberfl\u00e4che zu besch\u00e4digen. Dank pr\u00e4ziser Kaliberanpassung bieten die Filze optimalen Laufkontakt f\u00fcr eine gleichm\u00e4\u00dfige Reinigung. Die gro\u00dfz\u00fcgige 200er-Packung eignet sich ideal f\u00fcr Schie\u00dfstandbesuche, den Jagdbetrieb oder regelm\u00e4\u00dfige Wartung im Verein.<\/p>\n","protected":false},"excerpt":{"rendered":"<p>Diese Reinigungsfilze im Kaliber 12 GA sind die perfekte L\u00f6sung f\u00fcr eine gr\u00fcndliche, laufschonende Flintenpflege \u2013 besonders f\u00fcr Vielnutzer:innen. Das dichte, saugf\u00e4hige Filzmaterial entfernt zuverl\u00e4ssig Pulverr\u00fcckst\u00e4nde, Schmutzpartikel und \u00d6lreste, ohne die Laufoberfl\u00e4che zu besch\u00e4digen. Dank pr\u00e4ziser Kaliberanpassung bieten die Filze optimalen Laufkontakt f\u00fcr eine gleichm\u00e4\u00dfige Reinigung. Die gro\u00dfz\u00fcgige 200er-Packung eignet sich ideal f\u00fcr Schie\u00dfstandbesuche, den [&hellip;]<\/p>\n","protected":false},"featured_media":17424,"comment_status":"open","ping_status":"closed","template":"","meta":{"inline_featured_image":false,"kaliber-boreblitz":""},"product_brand":[367],"product_cat":[339],"product_tag":[359],"kaliber":[496,405],"waffenart":[424,425,429,508,423],"anwendungsbereich":[448,413,414],"produktform":[458],"produkt-typ":[445],"class_list":{"0":"post-13696","1":"product","2":"type-product","3":"status-publish","4":"has-post-thumbnail","6":"product_brand-niebling","7":"product_cat-patches-filze","8":"product_tag-layout-6","9":"kaliber-12-70","10":"kaliber-12-76","11":"waffenart-flinte","12":"waffenart-gewehr","13":"waffenart-halbautomat","14":"waffenart-kipplauf","15":"waffenart-langwaffe","16":"anwendungsbereich-lauf","17":"anwendungsbereich-laufpflege","18":"anwendungsbereich-laufschutz","19":"produktform-zusatzteil","20":"produkt-typ-zubehoer","22":"first","23":"instock","24":"taxable","25":"shipping-taxable","26":"purchasable","27":"product-type-simple"},"_links":{"self":[{"href":"https:\/\/flunatec.com\/en\/wp-json\/wp\/v2\/product\/13696","targetHints":{"allow":["GET"]}}],"collection":[{"href":"https:\/\/flunatec.com\/en\/wp-json\/wp\/v2\/product"}],"about":[{"href":"https:\/\/flunatec.com\/en\/wp-json\/wp\/v2\/types\/product"}],"replies":[{"embeddable":true,"href":"https:\/\/flunatec.com\/en\/wp-json\/wp\/v2\/comments?post=13696"}],"version-history":[{"count":0,"href":"https:\/\/flunatec.com\/en\/wp-json\/wp\/v2\/product\/13696\/revisions"}],"wp:featuredmedia":[{"embeddable":true,"href":"https:\/\/flunatec.com\/en\/wp-json\/wp\/v2\/media\/17424"}],"wp:attachment":[{"href":"https:\/\/flunatec.com\/en\/wp-json\/wp\/v2\/media?parent=13696"}],"wp:term":[{"taxonomy":"product_brand","embeddable":true,"href":"https:\/\/flunatec.com\/en\/wp-json\/wp\/v2\/product_brand?post=13696"},{"taxonomy":"product_cat","embeddable":true,"href":"https:\/\/flunatec.com\/en\/wp-json\/wp\/v2\/product_cat?post=13696"},{"taxonomy":"product_tag","embeddable":true,"href":"https:\/\/flunatec.com\/en\/wp-json\/wp\/v2\/product_tag?post=13696"},{"taxonomy":"kaliber","embeddable":true,"href":"https:\/\/flunatec.com\/en\/wp-json\/wp\/v2\/kaliber?post=13696"},{"taxonomy":"waffenart","embeddable":true,"href":"https:\/\/flunatec.com\/en\/wp-json\/wp\/v2\/waffenart?post=13696"},{"taxonomy":"anwendungsbereich","embeddable":true,"href":"https:\/\/flunatec.com\/en\/wp-json\/wp\/v2\/anwendungsbereich?post=13696"},{"taxonomy":"produktform","embeddable":true,"href":"https:\/\/flunatec.com\/en\/wp-json\/wp\/v2\/produktform?post=13696"},{"taxonomy":"produkt-typ","embeddable":true,"href":"https:\/\/flunatec.com\/en\/wp-json\/wp\/v2\/produkt-typ?post=13696"}],"curies":[{"name":"wp","href":"https:\/\/api.w.org\/{rel}","templated":true}]}}