{"id":13694,"date":"2025-03-31T12:41:41","date_gmt":"2025-03-31T10:41:41","guid":{"rendered":"https:\/\/flunatec.com\/?post_type=product&#038;p=13694"},"modified":"2025-12-22T08:16:05","modified_gmt":"2025-12-22T07:16:05","slug":"reinigungsfilze-normal-20-ga-2","status":"publish","type":"product","link":"https:\/\/flunatec.com\/en\/reinigungsfilze-normal-20-ga-2\/","title":{"rendered":"Reinigungsfilze &#8211; Normale Reinigung 50 St\u00fcck 20 GA"},"content":{"rendered":"<p>Diese Reinigungsfilze im Kaliber 20 GA bieten eine zuverl\u00e4ssige und laufschonende L\u00f6sung f\u00fcr die regelm\u00e4\u00dfige Pflege deiner Flinte. Gefertigt aus hochwertigem, saugf\u00e4higem Filzmaterial, entfernen sie effektiv Pulverr\u00fcckst\u00e4nde, Schrotpartikel und \u00d6lreste \u2013 ganz ohne den Lauf zu besch\u00e4digen. Dank ihrer exakten Passform sorgen sie f\u00fcr gleichm\u00e4\u00dfigen Laufkontakt und eine gr\u00fcndliche Reinigung. Die Packung mit 50 St\u00fcck ist ideal f\u00fcr J\u00e4ger:innen und Sportsch\u00fctz:innen, die Wert auf saubere Waffen und einfache Handhabung legen.<\/p>\n","protected":false},"excerpt":{"rendered":"<p>Diese Reinigungsfilze im Kaliber 20 GA bieten eine zuverl\u00e4ssige und laufschonende L\u00f6sung f\u00fcr die regelm\u00e4\u00dfige Pflege deiner Flinte. Gefertigt aus hochwertigem, saugf\u00e4higem Filzmaterial, entfernen sie effektiv Pulverr\u00fcckst\u00e4nde, Schrotpartikel und \u00d6lreste \u2013 ganz ohne den Lauf zu besch\u00e4digen. Dank ihrer exakten Passform sorgen sie f\u00fcr gleichm\u00e4\u00dfigen Laufkontakt und eine gr\u00fcndliche Reinigung. Die Packung mit 50 St\u00fcck [&hellip;]<\/p>\n","protected":false},"featured_media":17427,"comment_status":"open","ping_status":"closed","template":"","meta":{"inline_featured_image":false,"kaliber-boreblitz":""},"product_brand":[367],"product_cat":[339],"product_tag":[359],"kaliber":[406],"waffenart":[424,425,429,508,423],"anwendungsbereich":[413,448,414],"produktform":[458],"produkt-typ":[445],"class_list":{"0":"post-13694","1":"product","2":"type-product","3":"status-publish","4":"has-post-thumbnail","6":"product_brand-niebling","7":"product_cat-patches-filze","8":"product_tag-layout-6","9":"kaliber-20-70","10":"waffenart-flinte","11":"waffenart-gewehr","12":"waffenart-halbautomat","13":"waffenart-kipplauf","14":"waffenart-langwaffe","15":"anwendungsbereich-laufpflege","16":"anwendungsbereich-lauf","17":"anwendungsbereich-laufschutz","18":"produktform-zusatzteil","19":"produkt-typ-zubehoer","21":"first","22":"instock","23":"taxable","24":"shipping-taxable","25":"purchasable","26":"product-type-simple"},"_links":{"self":[{"href":"https:\/\/flunatec.com\/en\/wp-json\/wp\/v2\/product\/13694","targetHints":{"allow":["GET"]}}],"collection":[{"href":"https:\/\/flunatec.com\/en\/wp-json\/wp\/v2\/product"}],"about":[{"href":"https:\/\/flunatec.com\/en\/wp-json\/wp\/v2\/types\/product"}],"replies":[{"embeddable":true,"href":"https:\/\/flunatec.com\/en\/wp-json\/wp\/v2\/comments?post=13694"}],"version-history":[{"count":0,"href":"https:\/\/flunatec.com\/en\/wp-json\/wp\/v2\/product\/13694\/revisions"}],"wp:featuredmedia":[{"embeddable":true,"href":"https:\/\/flunatec.com\/en\/wp-json\/wp\/v2\/media\/17427"}],"wp:attachment":[{"href":"https:\/\/flunatec.com\/en\/wp-json\/wp\/v2\/media?parent=13694"}],"wp:term":[{"taxonomy":"product_brand","embeddable":true,"href":"https:\/\/flunatec.com\/en\/wp-json\/wp\/v2\/product_brand?post=13694"},{"taxonomy":"product_cat","embeddable":true,"href":"https:\/\/flunatec.com\/en\/wp-json\/wp\/v2\/product_cat?post=13694"},{"taxonomy":"product_tag","embeddable":true,"href":"https:\/\/flunatec.com\/en\/wp-json\/wp\/v2\/product_tag?post=13694"},{"taxonomy":"kaliber","embeddable":true,"href":"https:\/\/flunatec.com\/en\/wp-json\/wp\/v2\/kaliber?post=13694"},{"taxonomy":"waffenart","embeddable":true,"href":"https:\/\/flunatec.com\/en\/wp-json\/wp\/v2\/waffenart?post=13694"},{"taxonomy":"anwendungsbereich","embeddable":true,"href":"https:\/\/flunatec.com\/en\/wp-json\/wp\/v2\/anwendungsbereich?post=13694"},{"taxonomy":"produktform","embeddable":true,"href":"https:\/\/flunatec.com\/en\/wp-json\/wp\/v2\/produktform?post=13694"},{"taxonomy":"produkt-typ","embeddable":true,"href":"https:\/\/flunatec.com\/en\/wp-json\/wp\/v2\/produkt-typ?post=13694"}],"curies":[{"name":"wp","href":"https:\/\/api.w.org\/{rel}","templated":true}]}}