{"id":25819,"date":"2025-11-05T13:00:07","date_gmt":"2025-11-05T12:00:07","guid":{"rendered":"https:\/\/flunatec.com\/?post_type=product&#038;p=25819"},"modified":"2025-11-05T13:05:59","modified_gmt":"2025-11-05T12:05:59","slug":"fluna-field-care-set-%cf%80%ce%bb%ce%ae%cf%81%ce%b5%cf%82-%cf%83%ce%b5%cf%84-%ce%ba%ce%b1%ce%b8%ce%b1%cf%81%ce%b9%cf%83%ce%bc%ce%bf%cf%8d-9mm-kopie","status":"publish","type":"product","link":"https:\/\/flunatec.com\/el\/fluna-field-care-set-%cf%80%ce%bb%ce%ae%cf%81%ce%b5%cf%82-%cf%83%ce%b5%cf%84-%ce%ba%ce%b1%ce%b8%ce%b1%cf%81%ce%b9%cf%83%ce%bc%ce%bf%cf%8d-9mm-kopie\/","title":{"rendered":"FLUNA FIELD CARE SET (\u03c0\u03bb\u03ae\u03c1\u03b5\u03c2 \u03c3\u03b5\u03c4 \u03ba\u03b1\u03b8\u03b1\u03c1\u03b9\u03c3\u03bc\u03bf\u03cd) 9mm (Kopie)"},"content":{"rendered":"<p>Das <strong data-start=\"236\" data-end=\"265\">FLUNA FIELD CARE SET 9\u202fmm<\/strong> ist dein zuverl\u00e4ssiger All-in-One-Begleiter f\u00fcr die schnelle und effektive Waffenreinigung \u2013 ideal f\u00fcr unterwegs oder die Pflege zwischendurch. Speziell auf Kurzwaffen im Kaliber 9\u202fmm abgestimmt, enth\u00e4lt das Set alles, was du f\u00fcr eine gr\u00fcndliche Laufreinigung brauchst: Putzstab, Filzpfropfen, Bore Blitz Laufreiniger, das bew\u00e4hrte<br \/>\nFluna GunCoating zur Konservierung sowie Messing-, Woll- und \u00d6lb\u00fcrste. Ob am Schie\u00dfstand, im Einsatz oder auf Reisen \u2013 dieses kompakte Set vereint Effizienz, Qualit\u00e4t und einfache Handhabung. Das Set ist 11-teilig und beinhaltet :<\/p>\n<p>1,00 Stk. NB90092027 Reinigungsb\u00fcrste Standard .338- .375 \/ 8,58mm &#8211; 9,5mm<br \/>\n1,00 Stk. NB97624027 Wollwischer .27- .338 \/ 6,8mm &#8211; 9mm<br \/>\n1,00 Stk. NB97621027 \u00d6lb\u00fcrste Kunststoff .27- .375 \/ 6,8mm &#8211; 9,5mm<br \/>\n1,00 Stk. NB95566121 Filzhalter f\u00fcr alle Filzgr\u00f6\u00dfen L\u00e4nge 25mm<br \/>\n1,00 Stk. NB955680710 Einzelteil Griff, Messing Lg.110mm, DN5mm kugelgelagert, Cal. .22\/5,56mm<br \/>\n1,00 Stk. NB95568079 Einzelteil Verl\u00e4ngerung Messing, DN5mm L\u00e4nge 170mm, Cal. .22\/5,56mm<br \/>\n1,00 Stk. GCFL010120 Fluna GunCoating 10ml fl\u00fcssig<br \/>\n1,00 Stk. NB938PS01 Bore Blitz .354-.363 \/ 9,0-9,2mm ZIP Beutel Laufrein.Schnur Grau\/Gelb<br \/>\n1,00 Stk. NB90001519 Tasche braun\/grau 130&#215;200 Innentasche \/ Stretchhalter<br \/>\n1,00 Stk. NB90003502 Stielb\u00fcrste beidseitig Polyamid\/Messing L\u00e4nge 175mm, gekr\u00f6pft<br \/>\n1,00 Stk. NB90099601 Filz-Laufreiniger 100 St\u00fcck Cal. .354\/9mm<\/p>\n<p>&nbsp;<\/p>\n","protected":false},"excerpt":{"rendered":"<p>\u03a4\u03bf <strong>Fluna Field Care Set 9mm<\/strong> &#8211; \u03ad\u03bd\u03b1 \u03c3\u03c5\u03bc\u03c0\u03b1\u03b3\u03ad\u03c2, \u03b5\u03c0\u03b1\u03b3\u03b3\u03b5\u03bb\u03bc\u03b1\u03c4\u03b9\u03ba\u03cc \u03c3\u03b5\u03c4 \u03ba\u03b1\u03b8\u03b1\u03c1\u03b9\u03c3\u03bc\u03bf\u03cd \u03ba\u03b1\u03b9 \u03c3\u03c5\u03bd\u03c4\u03ae\u03c1\u03b7\u03c3\u03b7\u03c2 \u03b5\u03b9\u03b4\u03b9\u03ba\u03ac \u03b3\u03b9\u03b1 \u03c0\u03b9\u03c3\u03c4\u03cc\u03bb\u03b9\u03b1 9mm. \u0399\u03b4\u03b1\u03bd\u03b9\u03ba\u03cc \u03b3\u03b9\u03b1 \u03c7\u03c1\u03ae\u03c3\u03b7 \u03c3\u03c4\u03bf \u03c0\u03b5\u03b4\u03af\u03bf, \u03ba\u03b1\u03c4\u03ac \u03c4\u03b7 \u03b4\u03b9\u03ac\u03c1\u03ba\u03b5\u03b9\u03b1 \u03c4\u03b7\u03c2 \u03b5\u03ba\u03c0\u03b1\u03af\u03b4\u03b5\u03c5\u03c3\u03b7\u03c2 \u03c3\u03ba\u03bf\u03c0\u03bf\u03b2\u03bf\u03bb\u03ae\u03c2 \u03ae \u03b3\u03b9\u03b1 \u03b3\u03c1\u03ae\u03b3\u03bf\u03c1\u03b7 \u03c3\u03c5\u03bd\u03c4\u03ae\u03c1\u03b7\u03c3\u03b7: \u03b5\u03cd\u03c7\u03c1\u03b7\u03c3\u03c4\u03b7 \u03c4\u03c3\u03ac\u03bd\u03c4\u03b1 \u03b1\u03c0\u03bf\u03b8\u03ae\u03ba\u03b5\u03c5\u03c3\u03b7\u03c2 \u03bc\u03b5 \u03c1\u03ac\u03b2\u03b4\u03bf \u03ba\u03b1\u03b8\u03b1\u03c1\u03b9\u03c3\u03bc\u03bf\u03cd, \u03b2\u03bf\u03cd\u03c1\u03c4\u03c3\u03b5\u03c2, \u03c4\u03ac\u03c0\u03b1 \u03c4\u03c3\u03cc\u03c7\u03b1\u03c2, \u03bb\u03b9\u03c0\u03b1\u03bd\u03c4\u03b9\u03ba\u03cc, \u03ba\u03bf\u03c1\u03b4\u03cc\u03bd\u03b9 \u03ba\u03b1\u03b8\u03b1\u03c1\u03b9\u03c3\u03bc\u03bf\u03cd \u03ba\u03ac\u03bd\u03bd\u03b7\u03c2 Bore Blitz \u03ba\u03b1\u03b9 \u03c0\u03c1\u03b1\u03ba\u03c4\u03b9\u03ba\u03ac \u03b5\u03c1\u03b3\u03b1\u03bb\u03b5\u03af\u03b1 \u03b3\u03b9\u03b1 \u03b5\u03bb\u03ad\u03b3\u03c7\u03bf\u03c5\u03c2 \u03c1\u03bf\u03c5\u03c4\u03af\u03bd\u03b1\u03c2. <\/p>\n<p>\u03a3\u03cd\u03bd\u03c4\u03bf\u03bc\u03bf \u03ba\u03b1\u03b9 \u03b3\u03bb\u03c5\u03ba\u03cc &#8211; \u03b5\u03be\u03b1\u03c3\u03c6\u03b1\u03bb\u03af\u03b6\u03b5\u03b9 \u03b1\u03be\u03b9\u03cc\u03c0\u03b9\u03c3\u03c4\u03b7 \u03bb\u03b5\u03b9\u03c4\u03bf\u03c5\u03c1\u03b3\u03af\u03b1 \u03ba\u03b1\u03b9 \u03c0\u03b1\u03c1\u03b1\u03c4\u03b5\u03af\u03bd\u03b5\u03b9 \u03c4\u03b7 \u03b4\u03b9\u03ac\u03c1\u03ba\u03b5\u03b9\u03b1 \u03b6\u03c9\u03ae\u03c2 \u03c4\u03bf\u03c5 \u03c0\u03c5\u03c1\u03bf\u03b2\u03cc\u03bb\u03bf\u03c5 \u03cc\u03c0\u03bb\u03bf\u03c5 \u03c3\u03b1\u03c2. \u03a0\u03c1\u03b9\u03bd \u03b1\u03c0\u03cc \u03c4\u03bf\u03bd \u03ba\u03b1\u03b8\u03b1\u03c1\u03b9\u03c3\u03bc\u03cc: \u03b1\u03c3\u03c6\u03b1\u03bb\u03af\u03b6\u03b5\u03c4\u03b5 \u03ba\u03b1\u03b9 \u03be\u03b5\u03c6\u03bf\u03c1\u03c4\u03ce\u03bd\u03b5\u03c4\u03b5 \u03c0\u03ac\u03bd\u03c4\u03b1. <\/p>\n","protected":false},"featured_media":25849,"comment_status":"open","ping_status":"closed","template":"","meta":{"inline_featured_image":false,"kaliber-boreblitz":""},"product_brand":[778,780],"product_cat":[700,701,642,643,646,651,667,669,699],"product_tag":[640,832],"kaliber":[],"waffenart":[],"anwendungsbereich":[],"produktform":[],"produkt-typ":[],"class_list":{"0":"post-25819","1":"product","2":"type-product","3":"status-publish","4":"has-post-thumbnail","6":"product_brand-niebling","7":"product_brand-flunatec","8":"product_cat-700","9":"product_cat-701","10":"product_cat-642","11":"product_cat-643","12":"product_cat-646","13":"product_cat-651","14":"product_cat-667","15":"product_cat-669","16":"product_cat-699","17":"product_tag-640","18":"product_tag----fluna-9mm","20":"first","21":"instock","22":"taxable","23":"shipping-taxable","24":"purchasable","25":"product-type-simple"},"_links":{"self":[{"href":"https:\/\/flunatec.com\/el\/wp-json\/wp\/v2\/product\/25819","targetHints":{"allow":["GET"]}}],"collection":[{"href":"https:\/\/flunatec.com\/el\/wp-json\/wp\/v2\/product"}],"about":[{"href":"https:\/\/flunatec.com\/el\/wp-json\/wp\/v2\/types\/product"}],"replies":[{"embeddable":true,"href":"https:\/\/flunatec.com\/el\/wp-json\/wp\/v2\/comments?post=25819"}],"version-history":[{"count":0,"href":"https:\/\/flunatec.com\/el\/wp-json\/wp\/v2\/product\/25819\/revisions"}],"wp:featuredmedia":[{"embeddable":true,"href":"https:\/\/flunatec.com\/el\/wp-json\/wp\/v2\/media\/25849"}],"wp:attachment":[{"href":"https:\/\/flunatec.com\/el\/wp-json\/wp\/v2\/media?parent=25819"}],"wp:term":[{"taxonomy":"product_brand","embeddable":true,"href":"https:\/\/flunatec.com\/el\/wp-json\/wp\/v2\/product_brand?post=25819"},{"taxonomy":"product_cat","embeddable":true,"href":"https:\/\/flunatec.com\/el\/wp-json\/wp\/v2\/product_cat?post=25819"},{"taxonomy":"product_tag","embeddable":true,"href":"https:\/\/flunatec.com\/el\/wp-json\/wp\/v2\/product_tag?post=25819"},{"taxonomy":"kaliber","embeddable":true,"href":"https:\/\/flunatec.com\/el\/wp-json\/wp\/v2\/kaliber?post=25819"},{"taxonomy":"waffenart","embeddable":true,"href":"https:\/\/flunatec.com\/el\/wp-json\/wp\/v2\/waffenart?post=25819"},{"taxonomy":"anwendungsbereich","embeddable":true,"href":"https:\/\/flunatec.com\/el\/wp-json\/wp\/v2\/anwendungsbereich?post=25819"},{"taxonomy":"produktform","embeddable":true,"href":"https:\/\/flunatec.com\/el\/wp-json\/wp\/v2\/produktform?post=25819"},{"taxonomy":"produkt-typ","embeddable":true,"href":"https:\/\/flunatec.com\/el\/wp-json\/wp\/v2\/produkt-typ?post=25819"}],"curies":[{"name":"wp","href":"https:\/\/api.w.org\/{rel}","templated":true}]}}